{"id":10391,"date":"1970-01-01T00:00:00","date_gmt":"1969-12-31T23:00:00","guid":{"rendered":"http:\/\/univet.hu\/oktatas\/kurzusok\/allatorvosi-bakteriologia\/"},"modified":"2026-03-21T07:51:40","modified_gmt":"2026-03-21T06:51:40","slug":"allatorvosi-bakteriologia","status":"publish","type":"page","link":"https:\/\/univet.hu\/hu\/oktatas\/kurzusok\/allatorvosi-bakteriologia\/","title":{"rendered":"\u00c1llatorvosi bakteriol\u00f3gia"},"content":{"rendered":"<table style=\"height: 2116px\" width=\"929\"> <tbody> <tr> <td style=\"width: 181.396px\"><\/td> <td style=\"width: 733.604px\"><\/td> <\/tr> <tr> <td style=\"width: 181.396px\">Tant\u00e1rgy le\u00edr\u00e1sa, a megszerezhet\u0151 tud\u00e1s<\/td> <td style=\"width: 733.604px\">Az \u201e\u00c1llatorvosi bakteriol\u00f3gia\u201d c\u00edm\u0171 t\u00e1rgy az \u00e1llatorvosi vonatkoz\u00e1s\u00fa bakteriol\u00f3giai ismeretek oktat\u00e1s\u00e1t foglalja mag\u00e1ban, \u00e9s kitekint\u00e9st ad a mikol\u00f3gia \u00e1llatorvosi jelent\u0151s\u00e9g\u0171 fejezeteire is. Az \u00e1ltal\u00e1nos bakteriol\u00f3giai t\u00e9mak\u00f6r\u00f6k mellett a hallgat\u00f3k elsaj\u00e1t\u00edtj\u00e1k az \u00e1llatorvosi szempontb\u00f3l fontos r\u00e9szletes bakteriol\u00f3giai, mikol\u00f3giai ismereteket, \u00e9s megismerkednek a legfontosabb bakteriol\u00f3giai diagnosztikai elj\u00e1r\u00e1sokkal. A gyakorlatok a fontosabb mikrobiol\u00f3giai laborat\u00f3riumi technik\u00e1k, a k\u00f3rtani szempontb\u00f3l fontos bakt\u00e9riumok tulajdons\u00e1gainak \u00e9s azonos\u00edt\u00e1si m\u00f3dszereinek megismertet\u00e9s\u00e9t szolg\u00e1lj\u00e1k. Az oktat\u00e1s el\u0151ad\u00e1sok, plen\u00e1ris gyakorlatok \u00e9s kiscsoportos laborat\u00f3riumi gyakorlatok form\u00e1j\u00e1ban t\u00f6rt\u00e9nik.<\/td> <\/tr> <tr> <td style=\"width: 181.396px\">Megszerezhet\u0151 k\u00e9pess\u00e9gek<\/td> <td style=\"width: 733.604px\"> <p>A t\u00e1rgy sikeres elv\u00e9gz\u00e9s\u00e9vel a hallgat\u00f3k k\u00e9pesek lesznek<\/p> <p>\u00b7\u00a0\u00a0\u00a0\u00a0\u00a0\u00a0 felismerni az \u00e1llatorvosi szempontb\u00f3l legfontosabb bakt\u00e9riumokat \u00e9s gomb\u00e1kat,<\/p> <p>\u00b7\u00a0\u00a0\u00a0\u00a0\u00a0\u00a0 elv\u00e9gezni a bakt\u00e9riumok \u00e9s a gomb\u00e1k azonos\u00edt\u00e1s\u00e1hoz sz\u00fcks\u00e9ges laborat\u00f3riumi vizsg\u00e1latokat,<\/p> <p>\u00b7\u00a0\u00a0\u00a0\u00a0\u00a0\u00a0 elhelyezni a bakt\u00e9riumokat \u00e9s a gomb\u00e1kat az \u00e9l\u0151vil\u00e1gban, meg\u00e9rteni k\u00f3rtani, \u00e9lettani, takarm\u00e1nyoz\u00e1stani \u00e9s \u00f6kol\u00f3giai szerep\u00fcket,<\/p> <p>\u00b7\u00a0\u00a0\u00a0\u00a0\u00a0\u00a0 alkalmazni fert\u0151tlen\u00edt\u00e9si \u00e9s steriliz\u00e1l\u00e1si elj\u00e1r\u00e1sokat,<\/p> <p>\u00b7\u00a0\u00a0\u00a0\u00a0\u00a0\u00a0 meg\u00e9rteni az antibakteri\u00e1lis gy\u00f3gykezel\u00e9s elveit,<\/p> <p>\u00b7\u00a0\u00a0\u00a0\u00a0\u00a0\u00a0 meg\u00e9rteni a bakt\u00e9riumok genetikai v\u00e1ltoz\u00e1s\u00e1b\u00f3l fakad\u00f3 k\u00f3rtani k\u00f6vetkezm\u00e9nyeket.<\/td> <\/tr> <tr> <td style=\"width: 181.396px\">A gyakorlatok rendje<\/td> <td style=\"width: 733.604px\"> <p>\u00b7\u00a0\u00a0\u00a0\u00a0\u00a0\u00a0\u00a0\u00a0 A gyakorlatokon val\u00f3 r\u00e9szv\u00e9tel k\u00f6telez\u0151, hi\u00e1nyz\u00e1s (maximum 3 alkalom) eset\u00e9ben \u2013 bele\u00e9rtve az igazolt hi\u00e1nyz\u00e1st is \u2013 a gyakorlatot p\u00f3tolni kell. A p\u00f3tl\u00e1s t\u00f6rt\u00e9nhet azonos h\u00e9ten m\u00e1s csoport gyakorlat\u00e1hoz csatlakozva, vagy besz\u00e1mol\u00f3 form\u00e1j\u00e1ban. M\u00e1s csoporthoz csatlakozva csak akkor lehet a gyakorlatot p\u00f3tolni, ha ott van szabad hely.<\/p> <p>\u00b7\u00a0\u00a0\u00a0\u00a0\u00a0\u00a0\u00a0\u00a0 A gyakorlaton feh\u00e9r k\u00f6peny viselete k\u00f6telez\u0151.<\/p> <p>\u00b7\u00a0\u00a0\u00a0\u00a0\u00a0\u00a0\u00a0\u00a0 Kab\u00e1tot, t\u00e1sk\u00e1t az \u00f6lt\u00f6z\u0151szekr\u00e9nyekben kell hagyni. A szekr\u00e9nyek a hallgat\u00f3k \u00e1ltal hozott lakatokkal z\u00e1rhat\u00f3k.<\/p> <p>\u00b7\u00a0\u00a0\u00a0\u00a0\u00a0\u00a0\u00a0\u00a0 A gyakorlaton enni, inni, doh\u00e1nyozni tilos.<\/p> <p>\u00b7\u00a0\u00a0\u00a0\u00a0\u00a0\u00a0\u00a0\u00a0 A gyakorlaton t\u00f6rt\u00e9nt balesetet a gyakorlatvezet\u0151nek azonnal jelenteni kell.<\/p> <p>\u00b7\u00a0\u00a0\u00a0\u00a0\u00a0\u00a0\u00a0\u00a0 A hallgat\u00f3knak a f\u00e9l\u00e9v sor\u00e1n mindig ugyanazon a helyen kell \u00fclni\u00fck.<\/td> <\/tr> <tr> <td style=\"width: 181.396px\">Oktat\u00e1si felt\u00e9telek<\/td> <td style=\"width: 733.604px\">Az el\u0151ad\u00e1sokat az egyetemi el\u0151ad\u00f3termekben tartjuk, az el\u0151ad\u00e1s v\u00e1zlat\u00e1t \u00e9s a bemutat\u00e1sra sz\u00e1nt k\u00e9peket sz\u00e1m\u00edt\u00f3g\u00e9ppel \u00e9s projektorral vet\u00edtj\u00fck. A gyakorlatokat a tansz\u00e9k 16 f\u00e9r\u0151helyes, egy\u00e9ni mikroszk\u00f3pokkal, sz\u00e1m\u00edt\u00f3g\u00e9ppel \u00e9s projektorral ell\u00e1tott hallgat\u00f3i gyakorl\u00f3termeiben tartjuk (1143, Bp. Hung\u00e1ria krt. 23-25.), ahol a hallgat\u00f3k az alapvet\u0151 laborat\u00f3riumi vizsg\u00e1latokat el tudj\u00e1k v\u00e9gezni, illetve, ahol a bonyolultabb vizsg\u00e1lati elj\u00e1r\u00e1sokat be lehet nekik mutatni. A gyakorlatok demonstr\u00e1ci\u00f3s anyag\u00e1nak el\u0151k\u00e9sz\u00edt\u00e9se a tansz\u00e9k bakteriol\u00f3giai laborat\u00f3rium\u00e1ban t\u00f6rt\u00e9nik.<\/td> <\/tr> <tr> <td style=\"width: 181.396px\">El\u0151tanulm\u00e1nyi k\u00f6vetelm\u00e9ny<\/td> <td style=\"width: 733.604px\">\u00c1llatorvosi biok\u00e9mia 2, \u00c1llatorvosi virol\u00f3gia<\/td> <\/tr> <tr> <td style=\"width: 181.396px\">Oktat\u00f3k<\/td> <td style=\"width: 733.604px\"> <p>Dr. Tenk Mikl\u00f3s, Dr. Fodor L\u00e1szl\u00f3 (el\u0151ad\u00e1sok)<\/p> <p>Dr. T\u00f3th Gergely, Dr. Koll\u00e1r Anna, Dr. Forg\u00e1ch Petra,<\/p> <p>Dr. Pint\u00e9r Krisztina, Dr. Kalla H\u00e9di (gyakorlatok)<\/td> <\/tr> <tr> <td style=\"width: 181.396px\">Aj\u00e1nlott irodalom<\/td> <td style=\"width: 733.604px\"> <p>\u00b7\u00a0\u00a0\u00a0\u00a0\u00a0\u00a0\u00a0\u00a0\u00a0\u00a0 Tuboly S\u00e1ndor (szerk.): \u00c1llatorvosi j\u00e1rv\u00e1nytan I. \u00c1llatorvosi mikrobiol\u00f3gia. Mez\u0151gazda Kiad\u00f3 1998.<\/p> <p>\u00b7\u00a0\u00a0\u00a0\u00a0\u00a0\u00a0\u00a0\u00a0\u00a0\u00a0 Madigan, M.T., Martinko, J.M., Stahl, D.A., Clark, D.P.: Brock Biology of Microorganisms 13th ed. Pearson Education, SanFrancisco, CA, USA, 2012.<\/p> <p>\u00b7\u00a0\u00a0\u00a0\u00a0\u00a0\u00a0\u00a0\u00a0\u00a0\u00a0 Markey, B., Leonard, F., Archambault, M., Cullinane, A., Maguire, D.: Clinical Veterinary Microbiology. Mosby. 2013.<\/p> <p>\u00b7\u00a0\u00a0\u00a0\u00a0\u00a0\u00a0\u00a0\u00a0\u00a0\u00a0 McVey, D. S., M. Kennedy, M.M. Chengappa (Eds.): Veterinary Microbiology. Wiley-Blackwell. 2013<\/p> <p>\u00b7\u00a0\u00a0\u00a0\u00a0\u00a0\u00a0\u00a0\u00a0\u00a0\u00a0 Quinn, P.J., Markey, B. Leonard, F.C., Hartigan, P., Fanning, S., Fitzpatrick, E.S.: Veterinary Microbiology and Microbial Disease. 2nd Ed. Blackwell. Oxford 2011<\/p> <p>\u00b7\u00a0\u00a0\u00a0\u00a0\u00a0\u00a0\u00a0\u00a0\u00a0\u00a0P. J. Quinn, B. K. Markey, F. C. Leonard, E. S. Fitzpatrick, S. Fanning: Concise Review of Veterinary Microbiology\u00a0 Wiley-Blackwell; 2nd edition (October 12, 2015)<\/p> <p>\u00b7\u00a0\u00a0\u00a0\u00a0\u00a0\u00a0\u00a0\u00a0\u00a0\u00a0 Selbitz, H-J., Truyen, U., Valentin-Weigand, P.: Tiermedizinische Mikrobiologie, Infektions- und Seuchenlehre. Georg Thieme Verlag. 2013<\/p> <p>\u00b7\u00a0\u00a0\u00a0\u00a0\u00a0\u00a0\u00a0\u00a0\u00a0\u00a0 Let\u00f6lthet\u0151 dokumentumok: Az egyetemi e-learning fel\u00fcleten az el\u0151ad\u00e1sok PDF v\u00e1ltozat\u00e1t felt\u00f6ltj\u00fck, a jegyzetel\u00e9s megk\u00f6nny\u00edt\u00e9s\u00e9re. Szint\u00e9 ugyanitt a gyakorlatok anyagai \u00e9s egy\u00e9b tanulm\u00e1nyi seg\u00e9dletek is felt\u00f6lt\u00e9sre ker\u00fclnek.<\/td> <\/tr> <\/tbody> <\/table> <p>&nbsp;<\/p>","protected":false},"excerpt":{"rendered":"<p>Tant\u00e1rgy le\u00edr\u00e1sa, a megszerezhet\u0151 tud\u00e1s Az \u201e\u00c1llatorvosi bakteriol\u00f3gia\u201d c\u00edm\u0171 t\u00e1rgy az \u00e1llatorvosi vonatkoz\u00e1s\u00fa bakteriol\u00f3giai ismeretek oktat\u00e1s\u00e1t foglalja mag\u00e1ban, \u00e9s kitekint\u00e9st ad a mikol\u00f3gia \u00e1llatorvosi jelent\u0151s\u00e9g\u0171 fejezeteire is. Az \u00e1ltal\u00e1nos bakteriol\u00f3giai t\u00e9mak\u00f6r\u00f6k mellett a hallgat\u00f3k elsaj\u00e1t\u00edtj\u00e1k az \u00e1llatorvosi szempontb\u00f3l fontos r\u00e9szletes bakteriol\u00f3giai, mikol\u00f3giai ismereteket, \u00e9s megismerkednek a legfontosabb bakteriol\u00f3giai diagnosztikai elj\u00e1r\u00e1sokkal. A gyakorlatok a fontosabb mikrobiol\u00f3giai<\/p>\n","protected":false},"author":3837,"featured_media":0,"parent":677,"menu_order":164,"comment_status":"closed","ping_status":"closed","template":"","meta":{"_acf_changed":false,"footnotes":""},"categories":[],"tags":[],"class_list":["post-10391","page","type-page","status-publish","hentry"],"acf":[],"_links":{"self":[{"href":"https:\/\/univet.hu\/hu\/wp-json\/wp\/v2\/pages\/10391","targetHints":{"allow":["GET"]}}],"collection":[{"href":"https:\/\/univet.hu\/hu\/wp-json\/wp\/v2\/pages"}],"about":[{"href":"https:\/\/univet.hu\/hu\/wp-json\/wp\/v2\/types\/page"}],"author":[{"embeddable":true,"href":"https:\/\/univet.hu\/hu\/wp-json\/wp\/v2\/users\/3837"}],"replies":[{"embeddable":true,"href":"https:\/\/univet.hu\/hu\/wp-json\/wp\/v2\/comments?post=10391"}],"version-history":[{"count":3,"href":"https:\/\/univet.hu\/hu\/wp-json\/wp\/v2\/pages\/10391\/revisions"}],"predecessor-version":[{"id":203458,"href":"https:\/\/univet.hu\/hu\/wp-json\/wp\/v2\/pages\/10391\/revisions\/203458"}],"up":[{"embeddable":true,"href":"https:\/\/univet.hu\/hu\/wp-json\/wp\/v2\/pages\/677"}],"wp:attachment":[{"href":"https:\/\/univet.hu\/hu\/wp-json\/wp\/v2\/media?parent=10391"}],"wp:term":[{"taxonomy":"category","embeddable":true,"href":"https:\/\/univet.hu\/hu\/wp-json\/wp\/v2\/categories?post=10391"},{"taxonomy":"post_tag","embeddable":true,"href":"https:\/\/univet.hu\/hu\/wp-json\/wp\/v2\/tags?post=10391"}],"curies":[{"name":"wp","href":"https:\/\/api.w.org\/{rel}","templated":true}]}}