{"id":10392,"date":"1970-01-01T00:00:00","date_gmt":"1969-12-31T23:00:00","guid":{"rendered":"http:\/\/univet.hu\/oktatas\/kurzusok\/allatorvosi-biokemia-i\/"},"modified":"2026-01-29T08:59:30","modified_gmt":"2026-01-29T07:59:30","slug":"allatorvosi-biokemia-i","status":"publish","type":"page","link":"https:\/\/univet.hu\/hu\/oktatas\/kurzusok\/allatorvosi-biokemia-i\/","title":{"rendered":"\u00c1llatorvosi biok\u00e9mia I"},"content":{"rendered":"<p>A tant\u00e1rgy bemutatja az eg\u00e9szs\u00e9ges \u00e1llati szervezet \u00e9s a prokari\u00f3ta sejt m\u0171k\u00f6d\u00e9s\u00e9nek molekul\u00e1ris szint\u0171 alapjait, a legfontosabb biok\u00e9miai folyamatokat. Az els\u0151 f\u00e9l\u00e9v anyaga fel\u00f6leli a homeoszt\u00e1zis, a membr\u00e1nszerkezet \u00e9s a transzportfolyamatok \u00e1ttekint\u00e9s\u00e9t, majd az aminosavak, feh\u00e9rj\u00e9k \u00e9s enzimek biok\u00e9mi\u00e1j\u00e1t. T\u00e1rgyalja tov\u00e1bb\u00e1 a molekul\u00e1ris biol\u00f3gia legf\u0151bb fejezeteit, \u00edgy a nukleotidok k\u00e9mi\u00e1j\u00e1t \u00e9s anyagcser\u00e9j\u00e9t, a replik\u00e1ci\u00f3, transzkripci\u00f3 \u00e9s transzl\u00e1ci\u00f3 folyamat\u00e1t, valamint a biotechnol\u00f3gia alapjait.<\/p> <p>&nbsp;<\/p> <p>&nbsp;<\/p>","protected":false},"excerpt":{"rendered":"<p>A tant\u00e1rgy bemutatja az eg\u00e9szs\u00e9ges \u00e1llati szervezet \u00e9s a prokari\u00f3ta sejt m\u0171k\u00f6d\u00e9s\u00e9nek molekul\u00e1ris szint\u0171 alapjait, a legfontosabb biok\u00e9miai folyamatokat. Az els\u0151 f\u00e9l\u00e9v anyaga fel\u00f6leli a homeoszt\u00e1zis, a membr\u00e1nszerkezet \u00e9s a transzportfolyamatok \u00e1ttekint\u00e9s\u00e9t, majd az aminosavak, feh\u00e9rj\u00e9k \u00e9s enzimek biok\u00e9mi\u00e1j\u00e1t. T\u00e1rgyalja tov\u00e1bb\u00e1 a molekul\u00e1ris biol\u00f3gia legf\u0151bb fejezeteit, \u00edgy a nukleotidok k\u00e9mi\u00e1j\u00e1t \u00e9s anyagcser\u00e9j\u00e9t, a replik\u00e1ci\u00f3, transzkripci\u00f3<\/p>\n","protected":false},"author":3837,"featured_media":0,"parent":677,"menu_order":164,"comment_status":"closed","ping_status":"closed","template":"","meta":{"_acf_changed":false,"footnotes":""},"categories":[],"tags":[],"class_list":["post-10392","page","type-page","status-publish","hentry"],"acf":[],"_links":{"self":[{"href":"https:\/\/univet.hu\/hu\/wp-json\/wp\/v2\/pages\/10392","targetHints":{"allow":["GET"]}}],"collection":[{"href":"https:\/\/univet.hu\/hu\/wp-json\/wp\/v2\/pages"}],"about":[{"href":"https:\/\/univet.hu\/hu\/wp-json\/wp\/v2\/types\/page"}],"author":[{"embeddable":true,"href":"https:\/\/univet.hu\/hu\/wp-json\/wp\/v2\/users\/3837"}],"replies":[{"embeddable":true,"href":"https:\/\/univet.hu\/hu\/wp-json\/wp\/v2\/comments?post=10392"}],"version-history":[{"count":0,"href":"https:\/\/univet.hu\/hu\/wp-json\/wp\/v2\/pages\/10392\/revisions"}],"up":[{"embeddable":true,"href":"https:\/\/univet.hu\/hu\/wp-json\/wp\/v2\/pages\/677"}],"wp:attachment":[{"href":"https:\/\/univet.hu\/hu\/wp-json\/wp\/v2\/media?parent=10392"}],"wp:term":[{"taxonomy":"category","embeddable":true,"href":"https:\/\/univet.hu\/hu\/wp-json\/wp\/v2\/categories?post=10392"},{"taxonomy":"post_tag","embeddable":true,"href":"https:\/\/univet.hu\/hu\/wp-json\/wp\/v2\/tags?post=10392"}],"curies":[{"name":"wp","href":"https:\/\/api.w.org\/{rel}","templated":true}]}}