{"id":10393,"date":"1970-01-01T00:00:00","date_gmt":"1969-12-31T23:00:00","guid":{"rendered":"http:\/\/univet.hu\/oktatas\/kurzusok\/allatorvosi-biokemia-ii\/"},"modified":"2024-01-25T10:48:45","modified_gmt":"2024-01-25T09:48:45","slug":"allatorvosi-biokemia-ii","status":"publish","type":"page","link":"https:\/\/univet.hu\/hu\/oktatas\/kurzusok\/allatorvosi-biokemia-ii\/","title":{"rendered":"\u00c1llatorvosi biok\u00e9mia II"},"content":{"rendered":"<p>A tant\u00e1rgy bemutatja az eg\u00e9szs\u00e9ges \u00e1llati szervezet \u00e9s a prokari\u00f3ta sejt m\u0171k\u00f6d\u00e9s\u00e9nek molekul\u00e1ris alapjait. A m\u00e1sodik f\u00e9l\u00e9v t\u00e1rgyalja az intermedier anyagcsere egyes folyamatait, valamint hangs\u00falyosan foglalkozik a k\u00e9r\u0151dz\u0151k speci\u00e1lis anyagcser\u00e9j\u00e9vel, a vitaminok biok\u00e9miai szerep\u00e9vel \u00e9s az egyes szervek biok\u00e9miai folyamataival.<\/p>","protected":false},"excerpt":{"rendered":"<p>A tant\u00e1rgy bemutatja az eg\u00e9szs\u00e9ges \u00e1llati szervezet \u00e9s a prokari\u00f3ta sejt m\u0171k\u00f6d\u00e9s\u00e9nek molekul\u00e1ris alapjait. A m\u00e1sodik f\u00e9l\u00e9v t\u00e1rgyalja az intermedier anyagcsere egyes folyamatait, valamint hangs\u00falyosan foglalkozik a k\u00e9r\u0151dz\u0151k speci\u00e1lis anyagcser\u00e9j\u00e9vel, a vitaminok biok\u00e9miai szerep\u00e9vel \u00e9s az egyes szervek biok\u00e9miai folyamataival.<\/p>\n","protected":false},"author":3837,"featured_media":0,"parent":677,"menu_order":164,"comment_status":"closed","ping_status":"closed","template":"","meta":{"_acf_changed":false,"footnotes":""},"categories":[],"tags":[],"class_list":["post-10393","page","type-page","status-publish","hentry"],"acf":[],"_links":{"self":[{"href":"https:\/\/univet.hu\/hu\/wp-json\/wp\/v2\/pages\/10393","targetHints":{"allow":["GET"]}}],"collection":[{"href":"https:\/\/univet.hu\/hu\/wp-json\/wp\/v2\/pages"}],"about":[{"href":"https:\/\/univet.hu\/hu\/wp-json\/wp\/v2\/types\/page"}],"author":[{"embeddable":true,"href":"https:\/\/univet.hu\/hu\/wp-json\/wp\/v2\/users\/3837"}],"replies":[{"embeddable":true,"href":"https:\/\/univet.hu\/hu\/wp-json\/wp\/v2\/comments?post=10393"}],"version-history":[{"count":0,"href":"https:\/\/univet.hu\/hu\/wp-json\/wp\/v2\/pages\/10393\/revisions"}],"up":[{"embeddable":true,"href":"https:\/\/univet.hu\/hu\/wp-json\/wp\/v2\/pages\/677"}],"wp:attachment":[{"href":"https:\/\/univet.hu\/hu\/wp-json\/wp\/v2\/media?parent=10393"}],"wp:term":[{"taxonomy":"category","embeddable":true,"href":"https:\/\/univet.hu\/hu\/wp-json\/wp\/v2\/categories?post=10393"},{"taxonomy":"post_tag","embeddable":true,"href":"https:\/\/univet.hu\/hu\/wp-json\/wp\/v2\/tags?post=10393"}],"curies":[{"name":"wp","href":"https:\/\/api.w.org\/{rel}","templated":true}]}}