{"id":10396,"date":"1970-01-01T00:00:00","date_gmt":"1969-12-31T23:00:00","guid":{"rendered":"http:\/\/univet.hu\/oktatas\/kurzusok\/allatorvosi-genetika\/"},"modified":"2024-02-06T10:49:27","modified_gmt":"2024-02-06T09:49:27","slug":"allatorvosi-genetika","status":"publish","type":"page","link":"https:\/\/univet.hu\/hu\/oktatas\/kurzusok\/allatorvosi-genetika\/","title":{"rendered":"\u00c1llatorvosi genetika"},"content":{"rendered":"<p>A tant\u00e1rgy keret\u00e9ben hangs\u00falyt kapnak a mendeli, az immuno-, a klinikai (\u00f6r\u00f6kl\u0151d\u0151 betegs\u00e9gek), a popul\u00e1ci\u00f3- \u00e9s a molekul\u00e1ris genetikai, tov\u00e1bb\u00e1 a biotechnol\u00f3giai \u00e9s g\u00e9n\/genom meg\u0151rz\u00e9si ismeretek. Szintetiz\u00e1ljuk a teny\u00e9sz\u00e9rt\u00e9k meghat\u00e1roz\u00e1ssal, a szelekci\u00f3val, a nemes\u00edt\u00e9ssel, \u00e9s a p\u00e1ros\u00edt\u00e1si elj\u00e1r\u00e1sokkal kapcsolatos tudnival\u00f3kat is a klasszikus Mendeli, a popul\u00e1ci\u00f3- \u00e9s a molekul\u00e1ris genetika leg\u00fajabb kutat\u00e1si eredm\u00e9nyei alapj\u00e1n.<\/p> <p>Tant\u00e1rgyfelel\u0151s oktat\u00f3:<br \/> Dr. G\u00e1sp\u00e1rdy Andr\u00e1s, PhD,<\/p> <p>El\u0151ad\u00f3k:<br \/> Prof. Dr. Z\u00f6ld\u00e1g L\u00e1szl\u00f3, PhD, DSc, Doc. Dr. habil. G\u00e1sp\u00e1rdy Andr\u00e1s, PhD, M.\u00c1. Dr. Mar\u00f3ti-Ag\u00f3ts \u00c1kos PhD habil. , Dr. Zenke Petra PhD habil.<\/p> <p>&nbsp;<\/p> <p>&nbsp;<\/p>","protected":false},"excerpt":{"rendered":"<p>A tant\u00e1rgy keret\u00e9ben hangs\u00falyt kapnak a mendeli, az immuno-, a klinikai (\u00f6r\u00f6kl\u0151d\u0151 betegs\u00e9gek), a popul\u00e1ci\u00f3- \u00e9s a molekul\u00e1ris genetikai, tov\u00e1bb\u00e1 a biotechnol\u00f3giai \u00e9s g\u00e9n\/genom meg\u0151rz\u00e9si ismeretek. Szintetiz\u00e1ljuk a teny\u00e9sz\u00e9rt\u00e9k meghat\u00e1roz\u00e1ssal, a szelekci\u00f3val, a nemes\u00edt\u00e9ssel, \u00e9s a p\u00e1ros\u00edt\u00e1si elj\u00e1r\u00e1sokkal kapcsolatos tudnival\u00f3kat is a klasszikus Mendeli, a popul\u00e1ci\u00f3- \u00e9s a molekul\u00e1ris genetika leg\u00fajabb kutat\u00e1si eredm\u00e9nyei alapj\u00e1n. Tant\u00e1rgyfelel\u0151s<\/p>\n","protected":false},"author":3837,"featured_media":0,"parent":677,"menu_order":164,"comment_status":"closed","ping_status":"closed","template":"","meta":{"_acf_changed":false,"footnotes":""},"categories":[],"tags":[],"class_list":["post-10396","page","type-page","status-publish","hentry"],"acf":[],"_links":{"self":[{"href":"https:\/\/univet.hu\/hu\/wp-json\/wp\/v2\/pages\/10396","targetHints":{"allow":["GET"]}}],"collection":[{"href":"https:\/\/univet.hu\/hu\/wp-json\/wp\/v2\/pages"}],"about":[{"href":"https:\/\/univet.hu\/hu\/wp-json\/wp\/v2\/types\/page"}],"author":[{"embeddable":true,"href":"https:\/\/univet.hu\/hu\/wp-json\/wp\/v2\/users\/3837"}],"replies":[{"embeddable":true,"href":"https:\/\/univet.hu\/hu\/wp-json\/wp\/v2\/comments?post=10396"}],"version-history":[{"count":0,"href":"https:\/\/univet.hu\/hu\/wp-json\/wp\/v2\/pages\/10396\/revisions"}],"up":[{"embeddable":true,"href":"https:\/\/univet.hu\/hu\/wp-json\/wp\/v2\/pages\/677"}],"wp:attachment":[{"href":"https:\/\/univet.hu\/hu\/wp-json\/wp\/v2\/media?parent=10396"}],"wp:term":[{"taxonomy":"category","embeddable":true,"href":"https:\/\/univet.hu\/hu\/wp-json\/wp\/v2\/categories?post=10396"},{"taxonomy":"post_tag","embeddable":true,"href":"https:\/\/univet.hu\/hu\/wp-json\/wp\/v2\/tags?post=10396"}],"curies":[{"name":"wp","href":"https:\/\/api.w.org\/{rel}","templated":true}]}}