{"id":10397,"date":"1970-01-01T00:00:00","date_gmt":"1969-12-31T23:00:00","guid":{"rendered":"http:\/\/univet.hu\/oktatas\/kurzusok\/allatorvosi-gyogyszertan-1\/"},"modified":"2025-09-03T10:53:14","modified_gmt":"2025-09-03T08:53:14","slug":"allatorvosi-gyogyszertan-1","status":"publish","type":"page","link":"https:\/\/univet.hu\/hu\/oktatas\/kurzusok\/allatorvosi-gyogyszertan-1\/","title":{"rendered":"\u00c1llatorvosi gy\u00f3gyszertan 1"},"content":{"rendered":"<p align=\"justify\">Az \u00c1llatorvosi Gy\u00f3gyszertan 1. t\u00e1rgy tanul\u00e1sa sor\u00e1n a hallgat\u00f3k megismerkednek az \u00e1ltal\u00e1nos gy\u00f3gyszertan alapjaival, valamint egyes gy\u00f3gyszercsoportok (organotr\u00f3p szerek) alkalmaz\u00e1s\u00e1nak elm\u00e9leti \u00e9s gyakorlati aspektusaival. Ez ut\u00f3bbi keretein bel\u00fcl t\u00f6reksz\u00fcnk az \u00e1llatorvosi praxisban gyakran el\u0151fordul\u00f3 esetek gy\u00f3gyszeres kezel\u00e9s\u00e9nek mik\u00e9ntj\u00e9t \u00fagy \u00e1tadni, hogy a hallgat\u00f3k az Egyetemet elv\u00e9gezve az els\u0151 napt\u00f3l k\u00e9pesek legyenek \u00f6n\u00e1ll\u00f3, sikeres \u00e9s felel\u0151s gy\u00f3gyszerhaszn\u00e1latra. A t\u00e1rgy oktat\u00e1sa sor\u00e1n kiemelt figyelmet ford\u00edtunk arra, hogy az \u00e1tadott tananyag \u00e9vr\u0151l \u00e9vre a legfrissebb nemzetk\u00f6zi ir\u00e1nyelvek \u00e9s szakirodalom aj\u00e1nl\u00e1sait tartalmazza, valamint ezen kereszt\u00fcl \u00f6szt\u00f6n\u00f6zz\u00fck a hallgat\u00f3kat az \u00e9lethosszig tart\u00f3 tanul\u00e1s \u00e9s a relev\u00e1ns tudom\u00e1nyos irodalom alkalmaz\u00e1s\u00e1ra. Nagy hangs\u00falyt fektet\u00fcnk tov\u00e1bb\u00e1 az \u00e1llatorvosi gy\u00f3gyszerhaszn\u00e1lat jogi, etikai \u00e9s k\u00f6zeg\u00e9szs\u00e9g\u00fcgyi vonatkoz\u00e1sainak \u00e1tad\u00e1s\u00e1ra is. A gyakorlatok sor\u00e1n a hallgat\u00f3k elsaj\u00e1t\u00edtj\u00e1k a recept\u00edr\u00e1s mik\u00e9ntj\u00e9t, valamint k\u00eds\u00e9rleti \u00e1llatokon tanulm\u00e1nyozhatj\u00e1k az egyes gy\u00f3gyszerbead\u00e1si m\u00f3dokat \u00e9s az \u00e1llatok ehhez sz\u00fcks\u00e9ges megfelel\u0151 r\u00f6gz\u00edt\u00e9s\u00e9t.<\/p>","protected":false},"excerpt":{"rendered":"<p>Az \u00c1llatorvosi Gy\u00f3gyszertan 1. t\u00e1rgy tanul\u00e1sa sor\u00e1n a hallgat\u00f3k megismerkednek az \u00e1ltal\u00e1nos gy\u00f3gyszertan alapjaival, valamint egyes gy\u00f3gyszercsoportok (organotr\u00f3p szerek) alkalmaz\u00e1s\u00e1nak elm\u00e9leti \u00e9s gyakorlati aspektusaival. Ez ut\u00f3bbi keretein bel\u00fcl t\u00f6reksz\u00fcnk az \u00e1llatorvosi praxisban gyakran el\u0151fordul\u00f3 esetek gy\u00f3gyszeres kezel\u00e9s\u00e9nek mik\u00e9ntj\u00e9t \u00fagy \u00e1tadni, hogy a hallgat\u00f3k az Egyetemet elv\u00e9gezve az els\u0151 napt\u00f3l k\u00e9pesek legyenek \u00f6n\u00e1ll\u00f3, sikeres \u00e9s felel\u0151s<\/p>\n","protected":false},"author":3837,"featured_media":0,"parent":677,"menu_order":164,"comment_status":"closed","ping_status":"closed","template":"","meta":{"_acf_changed":false,"footnotes":""},"categories":[],"tags":[],"class_list":["post-10397","page","type-page","status-publish","hentry"],"acf":[],"_links":{"self":[{"href":"https:\/\/univet.hu\/hu\/wp-json\/wp\/v2\/pages\/10397","targetHints":{"allow":["GET"]}}],"collection":[{"href":"https:\/\/univet.hu\/hu\/wp-json\/wp\/v2\/pages"}],"about":[{"href":"https:\/\/univet.hu\/hu\/wp-json\/wp\/v2\/types\/page"}],"author":[{"embeddable":true,"href":"https:\/\/univet.hu\/hu\/wp-json\/wp\/v2\/users\/3837"}],"replies":[{"embeddable":true,"href":"https:\/\/univet.hu\/hu\/wp-json\/wp\/v2\/comments?post=10397"}],"version-history":[{"count":2,"href":"https:\/\/univet.hu\/hu\/wp-json\/wp\/v2\/pages\/10397\/revisions"}],"predecessor-version":[{"id":189941,"href":"https:\/\/univet.hu\/hu\/wp-json\/wp\/v2\/pages\/10397\/revisions\/189941"}],"up":[{"embeddable":true,"href":"https:\/\/univet.hu\/hu\/wp-json\/wp\/v2\/pages\/677"}],"wp:attachment":[{"href":"https:\/\/univet.hu\/hu\/wp-json\/wp\/v2\/media?parent=10397"}],"wp:term":[{"taxonomy":"category","embeddable":true,"href":"https:\/\/univet.hu\/hu\/wp-json\/wp\/v2\/categories?post=10397"},{"taxonomy":"post_tag","embeddable":true,"href":"https:\/\/univet.hu\/hu\/wp-json\/wp\/v2\/tags?post=10397"}],"curies":[{"name":"wp","href":"https:\/\/api.w.org\/{rel}","templated":true}]}}