{"id":10398,"date":"1970-01-01T00:00:00","date_gmt":"1969-12-31T23:00:00","guid":{"rendered":"http:\/\/univet.hu\/oktatas\/kurzusok\/allatorvosi-gyogyszertan\/"},"modified":"2026-01-31T14:47:04","modified_gmt":"2026-01-31T13:47:04","slug":"allatorvosi-gyogyszertan","status":"publish","type":"page","link":"https:\/\/univet.hu\/hu\/oktatas\/kurzusok\/allatorvosi-gyogyszertan\/","title":{"rendered":"\u00c1llatorvosi gy\u00f3gyszertan 2"},"content":{"rendered":"<p align=\"justify\">Az \u00c1llatorvosi Gy\u00f3gyszertan 2. t\u00e1rgy keretein bel\u00fcl az etiotr\u00f3p, k\u00f3rokoz\u00f3k \u00e9s daganatok elleni szerek r\u00e9szletes gy\u00f3gyszertan\u00e1t oktatjuk, ide\u00e9rtve annak elm\u00e9leti \u00e9s gyakorlati szempontjait egyar\u00e1nt. Az els\u0151 f\u00e9l\u00e9vhez hasonl\u00f3an itt is t\u00f6reksz\u00fcnk a hallgat\u00f3i &#8222;first day skill&#8221;-ek kialak\u00edt\u00e1s\u00e1ra a gy\u00f3gyszeres kezel\u00e9s ter\u00fclet\u00e9n, valamint a relev\u00e1ns szakirodalom, az etikai \u00e9s jogi h\u00e1tt\u00e9r, illetve a k\u00f6zeg\u00e9szs\u00e9g\u00fcgyi szempontok figyelembe v\u00e9tel\u00e9re a tananyag \u00f6ssze\u00e1ll\u00edt\u00e1sa sor\u00e1n. A t\u00e1rgy igen jelent\u0151s r\u00e9sz\u00e9t k\u00e9pezi az antibakteri\u00e1lis szerek gy\u00f3gyszertana, amelyek haszn\u00e1lat\u00e1nak helyes ir\u00e1nyelveire kiemelten nagy hangs\u00falyt fektet\u00fcnk az antimikrobi\u00e1lis rezisztencia egyre sz\u00e9lesebb k\u00f6r\u0171 \u00e1llat- \u00e9s hum\u00e1neg\u00e9szs\u00e9g\u00fcgyi elterjed\u00e9se miatt. A gyakorlatok sor\u00e1n a hallgat\u00f3k elsaj\u00e1t\u00edtj\u00e1k a gy\u00f3gyszeradag helyes kisz\u00e1m\u00edt\u00e1si m\u00f3dj\u00e1t t\u00e1rs\u00e1llatok egyedi, valamint haszon\u00e1llatok csoportos kezel\u00e9s\u00e9nek eset\u00e9re is, illetve elv\u00e9geznek \u00e9s ki\u00e9rt\u00e9kelnek egy komplex farmakokinetikai vizsg\u00e1latot brojlercsirk\u00e9n.<\/p>","protected":false},"excerpt":{"rendered":"<p>Az \u00c1llatorvosi Gy\u00f3gyszertan 2. t\u00e1rgy keretein bel\u00fcl az etiotr\u00f3p, k\u00f3rokoz\u00f3k \u00e9s daganatok elleni szerek r\u00e9szletes gy\u00f3gyszertan\u00e1t oktatjuk, ide\u00e9rtve annak elm\u00e9leti \u00e9s gyakorlati szempontjait egyar\u00e1nt. Az els\u0151 f\u00e9l\u00e9vhez hasonl\u00f3an itt is t\u00f6reksz\u00fcnk a hallgat\u00f3i &#8222;first day skill&#8221;-ek kialak\u00edt\u00e1s\u00e1ra a gy\u00f3gyszeres kezel\u00e9s ter\u00fclet\u00e9n, valamint a relev\u00e1ns szakirodalom, az etikai \u00e9s jogi h\u00e1tt\u00e9r, illetve a k\u00f6zeg\u00e9szs\u00e9g\u00fcgyi szempontok figyelembe<\/p>\n","protected":false},"author":3837,"featured_media":0,"parent":677,"menu_order":164,"comment_status":"closed","ping_status":"closed","template":"","meta":{"_acf_changed":false,"footnotes":""},"categories":[],"tags":[],"class_list":["post-10398","page","type-page","status-publish","hentry"],"acf":[],"_links":{"self":[{"href":"https:\/\/univet.hu\/hu\/wp-json\/wp\/v2\/pages\/10398","targetHints":{"allow":["GET"]}}],"collection":[{"href":"https:\/\/univet.hu\/hu\/wp-json\/wp\/v2\/pages"}],"about":[{"href":"https:\/\/univet.hu\/hu\/wp-json\/wp\/v2\/types\/page"}],"author":[{"embeddable":true,"href":"https:\/\/univet.hu\/hu\/wp-json\/wp\/v2\/users\/3837"}],"replies":[{"embeddable":true,"href":"https:\/\/univet.hu\/hu\/wp-json\/wp\/v2\/comments?post=10398"}],"version-history":[{"count":6,"href":"https:\/\/univet.hu\/hu\/wp-json\/wp\/v2\/pages\/10398\/revisions"}],"predecessor-version":[{"id":198450,"href":"https:\/\/univet.hu\/hu\/wp-json\/wp\/v2\/pages\/10398\/revisions\/198450"}],"up":[{"embeddable":true,"href":"https:\/\/univet.hu\/hu\/wp-json\/wp\/v2\/pages\/677"}],"wp:attachment":[{"href":"https:\/\/univet.hu\/hu\/wp-json\/wp\/v2\/media?parent=10398"}],"wp:term":[{"taxonomy":"category","embeddable":true,"href":"https:\/\/univet.hu\/hu\/wp-json\/wp\/v2\/categories?post=10398"},{"taxonomy":"post_tag","embeddable":true,"href":"https:\/\/univet.hu\/hu\/wp-json\/wp\/v2\/tags?post=10398"}],"curies":[{"name":"wp","href":"https:\/\/api.w.org\/{rel}","templated":true}]}}