{"id":10400,"date":"1970-01-01T00:00:00","date_gmt":"1969-12-31T23:00:00","guid":{"rendered":"http:\/\/univet.hu\/oktatas\/kurzusok\/allatorvosi-immunologia\/"},"modified":"2022-02-02T11:50:18","modified_gmt":"2022-02-02T10:50:18","slug":"allatorvosi-immunologia","status":"publish","type":"page","link":"https:\/\/univet.hu\/hu\/oktatas\/kurzusok\/allatorvosi-immunologia\/","title":{"rendered":"\u00c1llatorvosi immunol\u00f3gia"},"content":{"rendered":"<p>Az \u00e1llatorvosi immunol\u00f3gia tant\u00e1rgy oktat\u00e1sa az alap immunol\u00f3giai \u00e9s az \u00e1llateg\u00e9szs\u00e9g\u00fcgyi szempontb\u00f3l fontos ismeretek \u00f6sszegz\u00e9s\u00e9t ny\u00fajtja.<\/p> <p>Az el\u0151ad\u00e1sok a t\u00e1rgyk\u00f6rbe t\u00f6rt\u00e9nt \u00e1ltal\u00e1nos bevezet\u00e9s ut\u00e1n r\u00e9szletesen t\u00e1rgyalj\u00e1k a velesz\u00fcletett \u00e9s szerzett immunrendszer m\u0171k\u00f6d\u00e9s\u00e9t eml\u0151s\u00f6kben \u00e9s egy\u00e9b \u00e1llatokban.<\/p> <p>A hallgat\u00f3k a plen\u00e1ris gyakorlatokon elsaj\u00e1t\u00edtj\u00e1k az immun-prophylaxis, az autoimmun betegs\u00e9gek \u00e9s a k\u00fcl\u00f6nf\u00e9le m\u0171k\u00f6d\u00e9si zavarok ter\u00fcletein azokat a tudnival\u00f3kat, amelyek az \u00e1llatorvosi gyakorlatban n\u00e9lk\u00fcl\u00f6zhetetlenek.<\/p> <p>A laborat\u00f3riumi gyakorlatokat az idei \u00e9vben blended-k\u00e9pz\u00e9s form\u00e1j\u00e1ban tartjuk. A hallgat\u00f3k seg\u00e9danyagok seg\u00edts\u00e9g\u00e9vel elsaj\u00e1t\u00edtj\u00e1k a legfontosabb \u00e1ltal\u00e1nosan haszn\u00e1latos, f\u0151k\u00e9nt <em>in vitro<\/em> elj\u00e1r\u00e1sok menet\u00e9t. A jelenl\u00e9ti gyakorlatok sor\u00e1n pedig az el\u0151re megszerzett tud\u00e1s felhaszn\u00e1l\u00e1s\u00e1val diagnosztikai eredm\u00e9nyek \u00e9rt\u00e9kel\u00e9s\u00e9vel, vizsg\u00e1lati m\u00f3dszerek kiv\u00e1laszt\u00e1s\u00e1val \u00e9s immunrendszert \u00e9rint\u0151 betegs\u00e9gek lehet\u0151s\u00e9geivel ismerkednek meg a hallgat\u00f3k.<\/p> <p>&nbsp;<\/p> <p>Nyelv: magyar, angol<\/p> <p>\u00c9v: III.<\/p> <p>F\u00e9l\u00e9v: 5.<\/p> <p>El\u0151ad\u00e1sok: 30<\/p> <p>Plen\u00e1ris gyakorlat: 16<\/p> <p>Gyakorlat: 12<\/p> <p>El\u0151-k\u00f6vetelm\u00e9ny: Virol\u00f3gia \u00e9s bakteriol\u00f3gia vizsga<\/p> <p>Vizsga: \u00edr\u00e1sbeli vagy sz\u00f3beli<\/p> <p>Oktat\u00f3k: L\u0151rincz M\u00e1rta, Sz\u00fccs-Somly\u00f3 \u00c9va, Guly\u00e1s Dominik, Szeredi Levente<\/p> <p>K\u00e9rj\u00fck, ha kapcsolatba szeretne vel\u00fcnk l\u00e9pni haszn\u00e1lja az <span style=\"color: #ff0000;\"><strong><a class=\"decrypt\" rel=\"JnnvopmphzAvojwfu\/iv\" href=\"javascript:void(0);\">[Kattintson az emailc\u00edmhez]<\/a><\/strong><\/span> e-mail c\u00edmet!<\/p> <p>&nbsp;<\/p> <p><strong>Aj\u00e1nlott irodalom:<\/strong><\/p> <p>&#8211; Valk\u00f3 A. \u00e9s L\u0151rincz M.: Immunol\u00f3giai illusztr\u00e1ci\u00f3k k\u00f6nyve. A\/3 Nyomdaipari \u00e9s Kiad\u00f3i Szolg\u00e1ltat\u00f3 Kft, 2020.<\/p> <p>&#8211; Ian Tizzard: Veterinary Immunology: An introduction. 8th Edition, Elsevier, 2010.<\/p> <p>&#8211; Erdei A., S\u00e1rmay G., Prechl J.: Immunbiol\u00f3gia. 2. kiad\u00e1s Medicina K\u00f6nyvkiad\u00f3 Rt., 2000.<\/p> <p>&#8211; Janeway Jr., C. A., P. Travers, M. Walport, and M. J. Shlomchik.: Immunobiology: the<br \/> immune system in health and disease. Garland Publishing, 2001.<\/p> <p>&nbsp;<\/p> <p><strong>Oktat\u00e1si k\u00f6r\u00fclm\u00e9nyek<\/strong><\/p> <p>Az el\u0151ad\u00e1sokat \u00e9s a plen\u00e1ris gyakorlatokat az egyetem valamelyik el\u0151ad\u00f3term\u00e9ben tartjuk, az el\u0151ad\u00e1s v\u00e1zlat\u00e1t \u00e9s a bemutat\u00e1sra sz\u00e1nt k\u00e9peket projektorral vet\u00edtj\u00fck. A tavalyi prezent\u00e1ci\u00f3k megtal\u00e1lhat\u00f3k a kurzus Dokumentumt\u00e1r\u00e1ban, az idei oktat\u00e1si anyagokat pedig a Moodle rendszerbe t\u00f6ltj\u00fck fel. Az oktat\u00e1si seg\u00e9danyagok is itt lesznek el\u00e9rhet\u0151k.<\/p>","protected":false},"excerpt":{"rendered":"<p>Az \u00e1llatorvosi immunol\u00f3gia tant\u00e1rgy oktat\u00e1sa az alap immunol\u00f3giai \u00e9s az \u00e1llateg\u00e9szs\u00e9g\u00fcgyi szempontb\u00f3l fontos ismeretek \u00f6sszegz\u00e9s\u00e9t ny\u00fajtja. Az el\u0151ad\u00e1sok a t\u00e1rgyk\u00f6rbe t\u00f6rt\u00e9nt \u00e1ltal\u00e1nos bevezet\u00e9s ut\u00e1n r\u00e9szletesen t\u00e1rgyalj\u00e1k a velesz\u00fcletett \u00e9s szerzett immunrendszer m\u0171k\u00f6d\u00e9s\u00e9t eml\u0151s\u00f6kben \u00e9s egy\u00e9b \u00e1llatokban. A hallgat\u00f3k a plen\u00e1ris gyakorlatokon elsaj\u00e1t\u00edtj\u00e1k az immun-prophylaxis, az autoimmun betegs\u00e9gek \u00e9s a k\u00fcl\u00f6nf\u00e9le m\u0171k\u00f6d\u00e9si zavarok ter\u00fcletein azokat a<\/p>\n","protected":false},"author":3837,"featured_media":0,"parent":677,"menu_order":164,"comment_status":"closed","ping_status":"closed","template":"","meta":{"_acf_changed":false,"footnotes":""},"categories":[],"tags":[],"class_list":["post-10400","page","type-page","status-publish","hentry"],"acf":[],"_links":{"self":[{"href":"https:\/\/univet.hu\/hu\/wp-json\/wp\/v2\/pages\/10400","targetHints":{"allow":["GET"]}}],"collection":[{"href":"https:\/\/univet.hu\/hu\/wp-json\/wp\/v2\/pages"}],"about":[{"href":"https:\/\/univet.hu\/hu\/wp-json\/wp\/v2\/types\/page"}],"author":[{"embeddable":true,"href":"https:\/\/univet.hu\/hu\/wp-json\/wp\/v2\/users\/3837"}],"replies":[{"embeddable":true,"href":"https:\/\/univet.hu\/hu\/wp-json\/wp\/v2\/comments?post=10400"}],"version-history":[{"count":0,"href":"https:\/\/univet.hu\/hu\/wp-json\/wp\/v2\/pages\/10400\/revisions"}],"up":[{"embeddable":true,"href":"https:\/\/univet.hu\/hu\/wp-json\/wp\/v2\/pages\/677"}],"wp:attachment":[{"href":"https:\/\/univet.hu\/hu\/wp-json\/wp\/v2\/media?parent=10400"}],"wp:term":[{"taxonomy":"category","embeddable":true,"href":"https:\/\/univet.hu\/hu\/wp-json\/wp\/v2\/categories?post=10400"},{"taxonomy":"post_tag","embeddable":true,"href":"https:\/\/univet.hu\/hu\/wp-json\/wp\/v2\/tags?post=10400"}],"curies":[{"name":"wp","href":"https:\/\/api.w.org\/{rel}","templated":true}]}}