{"id":10401,"date":"1970-01-01T00:00:00","date_gmt":"1969-12-31T23:00:00","guid":{"rendered":"http:\/\/univet.hu\/oktatas\/kurzusok\/allatorvosi-klinikai-genetika\/"},"modified":"2023-09-01T20:13:14","modified_gmt":"2023-09-01T18:13:14","slug":"allatorvosi-klinikai-genetika","status":"publish","type":"page","link":"https:\/\/univet.hu\/hu\/oktatas\/kurzusok\/allatorvosi-klinikai-genetika\/","title":{"rendered":"\u00c1llatorvosi klinikai genetika"},"content":{"rendered":"<p>Sz\u00fcks\u00e9ges el\u0151tanulm\u00e1nyok: \u00e1llatteny\u00e9szt\u00e9s \u00e9s genetika, biok\u00e9mia, \u00e9lettan<\/p> <p>Tant\u00e1rgyfelel\u0151s: Dr. Z\u00f6ld\u00e1g L\u00e1szl\u00f3 egyetemi tan\u00e1r, Dr. Mar\u00f3ti-Ag\u00f3ts \u00c1kos<\/p> <p>A tant\u00e1rgy csak k\u00e9t\u00e9venk\u00e9nt ker\u00fcl meghirdet\u00e9sre.<\/p> <p>L\u00e9tsz\u00e1m: maximum 30 f\u0151.<br \/> Minden alkalommal katal\u00f3gus, 2 hi\u00e1nyz\u00e1st\u00f3l nem teljes\u00edthet\u0151.<\/p> <p>TEMATIKA:<\/p> <p>-A betegs\u00e9gek genetikai (mendeli), cito- \u00e9s molekul\u00e1ris alapjai, genetikai heterogenit\u00e1s \u00e9s polifakttri\u00e1lis k\u00f3reredet<\/p> <p>&#8211; Embriol\u00f3gia \u00e9s teratol\u00f3gia genetikai n\u00e9z\u0151pontb\u00f3l (geno- \u00e9s fenok\u00f3pi\u00e1k)<\/p> <p>&#8211; Diagnosztikai m\u00f3dszerek a klinikai genetik\u00e1ban<\/p> <p>&#8211; \u00d6r\u00f6kl\u0151d\u0151 betegs\u00e9gek id\u0151beli manifeszt\u00e1ci\u00f3ja (let\u00e1lis faktorok, peri- \u00e9s posztnat\u00e1lis vesztes\u00e9gek, n\u00f6vend\u00e9k- \u00e9s feln\u0151ttkori betegs\u00e9gek)<\/p> <p>&#8211; Szervek \u00e9s szervrendszerek \u00f6r\u00f6kl\u0151d\u0151 betegs\u00e9gei<\/p> <p>&#8211; \u00c1llatfajokra \u00e9s egyes \u00e1llatfajt\u00e1kra jellemz\u0151 \u00f6r\u00f6kl\u0151d\u0151 betegs\u00e9gek (faji, fajta- \u00e9s famili\u00e1ris diszpoz\u00edci\u00f3)<\/p> <p>&#8211; A teny\u00e9szt\u00e9si m\u00f3dszerek, a popul\u00e1ci\u00f3genetika \u00e9s az \u00f6r\u00f6kletes betegs\u00e9gek \u00f6sszef\u00fcgg\u00e9sei<\/p> <p>&#8211; \u00d6r\u00f6kletes b\u00e1ntalmak, genetikai terhelts\u00e9gek \u00e9s betegs\u00e9gek megel\u0151z\u00e9s\u00e9nek lehet\u0151s\u00e9gei<\/p> <p>&nbsp;<\/p>","protected":false},"excerpt":{"rendered":"<p>Sz\u00fcks\u00e9ges el\u0151tanulm\u00e1nyok: \u00e1llatteny\u00e9szt\u00e9s \u00e9s genetika, biok\u00e9mia, \u00e9lettan Tant\u00e1rgyfelel\u0151s: Dr. Z\u00f6ld\u00e1g L\u00e1szl\u00f3 egyetemi tan\u00e1r, Dr. Mar\u00f3ti-Ag\u00f3ts \u00c1kos A tant\u00e1rgy csak k\u00e9t\u00e9venk\u00e9nt ker\u00fcl meghirdet\u00e9sre. L\u00e9tsz\u00e1m: maximum 30 f\u0151. Minden alkalommal katal\u00f3gus, 2 hi\u00e1nyz\u00e1st\u00f3l nem teljes\u00edthet\u0151. TEMATIKA: -A betegs\u00e9gek genetikai (mendeli), cito- \u00e9s molekul\u00e1ris alapjai, genetikai heterogenit\u00e1s \u00e9s polifakttri\u00e1lis k\u00f3reredet &#8211; Embriol\u00f3gia \u00e9s teratol\u00f3gia genetikai n\u00e9z\u0151pontb\u00f3l (geno- \u00e9s<\/p>\n","protected":false},"author":3837,"featured_media":0,"parent":677,"menu_order":164,"comment_status":"closed","ping_status":"closed","template":"","meta":{"_acf_changed":false,"footnotes":""},"categories":[],"tags":[],"class_list":["post-10401","page","type-page","status-publish","hentry"],"acf":[],"_links":{"self":[{"href":"https:\/\/univet.hu\/hu\/wp-json\/wp\/v2\/pages\/10401","targetHints":{"allow":["GET"]}}],"collection":[{"href":"https:\/\/univet.hu\/hu\/wp-json\/wp\/v2\/pages"}],"about":[{"href":"https:\/\/univet.hu\/hu\/wp-json\/wp\/v2\/types\/page"}],"author":[{"embeddable":true,"href":"https:\/\/univet.hu\/hu\/wp-json\/wp\/v2\/users\/3837"}],"replies":[{"embeddable":true,"href":"https:\/\/univet.hu\/hu\/wp-json\/wp\/v2\/comments?post=10401"}],"version-history":[{"count":0,"href":"https:\/\/univet.hu\/hu\/wp-json\/wp\/v2\/pages\/10401\/revisions"}],"up":[{"embeddable":true,"href":"https:\/\/univet.hu\/hu\/wp-json\/wp\/v2\/pages\/677"}],"wp:attachment":[{"href":"https:\/\/univet.hu\/hu\/wp-json\/wp\/v2\/media?parent=10401"}],"wp:term":[{"taxonomy":"category","embeddable":true,"href":"https:\/\/univet.hu\/hu\/wp-json\/wp\/v2\/categories?post=10401"},{"taxonomy":"post_tag","embeddable":true,"href":"https:\/\/univet.hu\/hu\/wp-json\/wp\/v2\/tags?post=10401"}],"curies":[{"name":"wp","href":"https:\/\/api.w.org\/{rel}","templated":true}]}}