{"id":10403,"date":"1970-01-01T00:00:00","date_gmt":"1969-12-31T23:00:00","guid":{"rendered":"http:\/\/univet.hu\/oktatas\/kurzusok\/allatorvosi-kommunikacio\/"},"modified":"2025-09-01T13:19:20","modified_gmt":"2025-09-01T11:19:20","slug":"allatorvosi-kommunikacio-3","status":"publish","type":"page","link":"https:\/\/univet.hu\/hu\/oktatas\/kurzusok\/allatorvosi-kommunikacio-3\/","title":{"rendered":"\u00c1llatorvosi kommunik\u00e1ci\u00f3"},"content":{"rendered":"<p>Tant\u00e1rgyfelel\u0151s \u00e9s oktat\u00f3: Dr. S\u00e1tori \u00c1gnes<\/p> <p>A tant\u00e1rgy \u00e1ltal\u00e1nos c\u00e9lja: Az \u00e1llatorvosi gyakorlat elk\u00e9pzelhetetlen kommunik\u00e1ci\u00f3s ismeretek n\u00e9lk\u00fcl, legyen sz\u00f3 ak\u00e1r kis\u00e1llat-praxisr\u00f3l, ak\u00e1r nagy\u00fczemi termel\u00e9sr\u0151l, laborat\u00f3riumi munk\u00e1r\u00f3l, vagy \u00e1llateg\u00e9szs\u00e9g\u00fcgyi igazgat\u00e1sr\u00f3l. Ennek fontoss\u00e1g\u00e1t a k\u00f6zelm\u00faltban lezajlott EAEVE akkredit\u00e1ci\u00f3 is kiemelte. B\u00e1r mindenki kommunik\u00e1l, nem mindegy ezt hogyan teszi. A fakult\u00e1ci\u00f3 c\u00e9lja a hallgat\u00f3k kommunik\u00e1ci\u00f3j\u00e1nak fejleszt\u00e9se, a viselked\u00e9s tudatos\u00edt\u00e1sa, \u00faj gyakorlati ismeretek \u00e1tad\u00e1sa. Az \u00e1ltal\u00e1nos kommunik\u00e1ci\u00f3s ismeretek (kommunik\u00e1ci\u00f3 alapjai, kommunik\u00e1ci\u00f3s modellek, eszk\u00f6z\u00f6k, stb.) mellett kiemelten foglalkozik az \u00e1llatorvos, beteg, gazda kapcsolattal, az orvos-beteg kapcsolati modellek szerep\u00e9vel, a verb\u00e1lis \u00e9s metakommunik\u00e1ci\u00f3 jelent\u0151s\u00e9g\u00e9vel, \u00e9rtelmez\u00e9s\u00e9vel. A kurzus z\u00e1r\u00f3 el\u0151ad\u00e1sai olyan speci\u00e1lis ter\u00fcleteket is magukban foglalnak, mint az emp\u00e1tia szerepe, az akt\u00edv figyelem m\u0171k\u00f6d\u00e9se, vagy a \u201erossz h\u00edrek\u201d k\u00f6zl\u00e9s\u00e9nek technikai saj\u00e1toss\u00e1gai. A \u00f3r\u00e1kon mindig helyzetgyakorlat seg\u00edti a tanultak meg\u00e9rt\u00e9s\u00e9t. A f\u00e9l\u00e9v v\u00e9g\u00e9n teend\u0151 \u00edr\u00e1sbeli vizsga nem csak a tanult anyag felid\u00e9z\u00e9s\u00e9t, de azok gyakorlati alkalmaz\u00e1s\u00e1t is teszteli.<\/p> <p>El\u0151tanulm\u00e1nyi k\u00f6vetelm\u00e9nyek: T\u00e1rs\u00e1llatok \u00e9s emberek kapcsolata 1. \u00e9s 2.<\/p> <p>&nbsp;<\/p>","protected":false},"excerpt":{"rendered":"<p>Tant\u00e1rgyfelel\u0151s \u00e9s oktat\u00f3: Dr. S\u00e1tori \u00c1gnes A tant\u00e1rgy \u00e1ltal\u00e1nos c\u00e9lja: Az \u00e1llatorvosi gyakorlat elk\u00e9pzelhetetlen kommunik\u00e1ci\u00f3s ismeretek n\u00e9lk\u00fcl, legyen sz\u00f3 ak\u00e1r kis\u00e1llat-praxisr\u00f3l, ak\u00e1r nagy\u00fczemi termel\u00e9sr\u0151l, laborat\u00f3riumi munk\u00e1r\u00f3l, vagy \u00e1llateg\u00e9szs\u00e9g\u00fcgyi igazgat\u00e1sr\u00f3l. Ennek fontoss\u00e1g\u00e1t a k\u00f6zelm\u00faltban lezajlott EAEVE akkredit\u00e1ci\u00f3 is kiemelte. B\u00e1r mindenki kommunik\u00e1l, nem mindegy ezt hogyan teszi. A fakult\u00e1ci\u00f3 c\u00e9lja a hallgat\u00f3k kommunik\u00e1ci\u00f3j\u00e1nak fejleszt\u00e9se, a viselked\u00e9s<\/p>\n","protected":false},"author":3837,"featured_media":0,"parent":677,"menu_order":164,"comment_status":"closed","ping_status":"closed","template":"","meta":{"_acf_changed":false,"footnotes":""},"categories":[],"tags":[],"class_list":["post-10403","page","type-page","status-publish","hentry"],"acf":[],"_links":{"self":[{"href":"https:\/\/univet.hu\/hu\/wp-json\/wp\/v2\/pages\/10403","targetHints":{"allow":["GET"]}}],"collection":[{"href":"https:\/\/univet.hu\/hu\/wp-json\/wp\/v2\/pages"}],"about":[{"href":"https:\/\/univet.hu\/hu\/wp-json\/wp\/v2\/types\/page"}],"author":[{"embeddable":true,"href":"https:\/\/univet.hu\/hu\/wp-json\/wp\/v2\/users\/3837"}],"replies":[{"embeddable":true,"href":"https:\/\/univet.hu\/hu\/wp-json\/wp\/v2\/comments?post=10403"}],"version-history":[{"count":3,"href":"https:\/\/univet.hu\/hu\/wp-json\/wp\/v2\/pages\/10403\/revisions"}],"predecessor-version":[{"id":189771,"href":"https:\/\/univet.hu\/hu\/wp-json\/wp\/v2\/pages\/10403\/revisions\/189771"}],"up":[{"embeddable":true,"href":"https:\/\/univet.hu\/hu\/wp-json\/wp\/v2\/pages\/677"}],"wp:attachment":[{"href":"https:\/\/univet.hu\/hu\/wp-json\/wp\/v2\/media?parent=10403"}],"wp:term":[{"taxonomy":"category","embeddable":true,"href":"https:\/\/univet.hu\/hu\/wp-json\/wp\/v2\/categories?post=10403"},{"taxonomy":"post_tag","embeddable":true,"href":"https:\/\/univet.hu\/hu\/wp-json\/wp\/v2\/tags?post=10403"}],"curies":[{"name":"wp","href":"https:\/\/api.w.org\/{rel}","templated":true}]}}