{"id":10404,"date":"1970-01-01T00:00:00","date_gmt":"1969-12-31T23:00:00","guid":{"rendered":"http:\/\/univet.hu\/oktatas\/kurzusok\/allatorvosi-korelettan\/"},"modified":"2025-11-04T12:41:17","modified_gmt":"2025-11-04T11:41:17","slug":"allatorvosi-korelettan","status":"publish","type":"page","link":"https:\/\/univet.hu\/hu\/oktatas\/kurzusok\/allatorvosi-korelettan\/","title":{"rendered":"\u00c1llatorvosi K\u00f3r\u00e9lettan"},"content":{"rendered":"<p>Az \u00e9lettani folyamatok meg\u00e9rt\u00e9se \u00e9s megtanul\u00e1sa ut\u00e1n, a k\u00f3ros folyamatok szeml\u00e9ltet\u00e9se, meg\u00e9rtet\u00e9se fontos l\u00e9p\u00e9s, ami alapj\u00e1t k\u00e9pezi az \u00f6sszes klinikai tant\u00e1rgynak.<\/p>","protected":false},"excerpt":{"rendered":"<p>Az \u00e9lettani folyamatok meg\u00e9rt\u00e9se \u00e9s megtanul\u00e1sa ut\u00e1n, a k\u00f3ros folyamatok szeml\u00e9ltet\u00e9se, meg\u00e9rtet\u00e9se fontos l\u00e9p\u00e9s, ami alapj\u00e1t k\u00e9pezi az \u00f6sszes klinikai tant\u00e1rgynak.<\/p>\n","protected":false},"author":3837,"featured_media":0,"parent":677,"menu_order":164,"comment_status":"closed","ping_status":"closed","template":"","meta":{"_acf_changed":false,"footnotes":""},"categories":[],"tags":[],"class_list":["post-10404","page","type-page","status-publish","hentry"],"acf":[],"_links":{"self":[{"href":"https:\/\/univet.hu\/hu\/wp-json\/wp\/v2\/pages\/10404","targetHints":{"allow":["GET"]}}],"collection":[{"href":"https:\/\/univet.hu\/hu\/wp-json\/wp\/v2\/pages"}],"about":[{"href":"https:\/\/univet.hu\/hu\/wp-json\/wp\/v2\/types\/page"}],"author":[{"embeddable":true,"href":"https:\/\/univet.hu\/hu\/wp-json\/wp\/v2\/users\/3837"}],"replies":[{"embeddable":true,"href":"https:\/\/univet.hu\/hu\/wp-json\/wp\/v2\/comments?post=10404"}],"version-history":[{"count":1,"href":"https:\/\/univet.hu\/hu\/wp-json\/wp\/v2\/pages\/10404\/revisions"}],"predecessor-version":[{"id":190367,"href":"https:\/\/univet.hu\/hu\/wp-json\/wp\/v2\/pages\/10404\/revisions\/190367"}],"up":[{"embeddable":true,"href":"https:\/\/univet.hu\/hu\/wp-json\/wp\/v2\/pages\/677"}],"wp:attachment":[{"href":"https:\/\/univet.hu\/hu\/wp-json\/wp\/v2\/media?parent=10404"}],"wp:term":[{"taxonomy":"category","embeddable":true,"href":"https:\/\/univet.hu\/hu\/wp-json\/wp\/v2\/categories?post=10404"},{"taxonomy":"post_tag","embeddable":true,"href":"https:\/\/univet.hu\/hu\/wp-json\/wp\/v2\/tags?post=10404"}],"curies":[{"name":"wp","href":"https:\/\/api.w.org\/{rel}","templated":true}]}}