{"id":10407,"date":"1970-01-01T00:00:00","date_gmt":"1969-12-31T23:00:00","guid":{"rendered":"http:\/\/univet.hu\/oktatas\/kurzusok\/allatorvosi-novenytan-eloadas\/"},"modified":"2026-02-12T10:12:27","modified_gmt":"2026-02-12T09:12:27","slug":"allatorvosi-novenytan","status":"publish","type":"page","link":"https:\/\/univet.hu\/hu\/oktatas\/kurzusok\/allatorvosi-novenytan\/","title":{"rendered":"\u00c1llatorvosi n\u00f6v\u00e9nytan"},"content":{"rendered":"<p><strong>Tant\u00e1rgyfelel\u0151s oktat\u00f3 (e-mail):\u00a0<\/strong>Dr. H\u00e1zi Judit (<a class=\"decrypt\" rel=\"Ib{j\/KvejuAvojwfu\/iv\" href=\"javascript:void(0);\">[Kattintson az emailc\u00edmhez]<\/a>)<strong><br \/> <\/strong><strong>R\u00e9sztvev\u0151 oktat\u00f3(k):<\/strong> Dr. P\u00e9li Evelin (<a class=\"decrypt\" rel=\"Qfmj\/Fwfmjo\/SbnpobAvojwfu\/iv\" href=\"javascript:void(0);\">[Kattintson az emailc\u00edmhez]<\/a>), Dr. Gerencs\u00e9r Ferencn\u00e9 (<a class=\"decrypt\" rel=\"Hfsfodtfsof\/Tfjem\/LbubmjoAvojwfu\/iv\" href=\"javascript:void(0);\">[Kattintson az emailc\u00edmhez]<\/a>), Dr. Engel Rita (<a class=\"decrypt\" rel=\"Fohfm\/SjubAvojwfu\/iv\" href=\"javascript:void(0);\">[Kattintson az emailc\u00edmhez]<\/a>), Dr. Kutszegi Gergely (<a class=\"decrypt\" rel=\"Lvut{fhj\/Hfshfmz\/Kp{tfgAvojwfu\/iv\" href=\"javascript:void(0);\">[Kattintson az emailc\u00edmhez]<\/a>)<\/p> <h4>A tant\u00e1rgy k\u00e9pz\u00e9si c\u00e9lja:<\/h4> <p>A t\u00e1rgy c\u00e9lja, hogy \u00e1llatorvosi szemsz\u00f6gb\u0151l mutassa be a n\u00f6v\u00e9nyvil\u00e1got a hallgat\u00f3knak. Ennek keret\u00e9ben a hallgat\u00f3k megismerkedhetnek a legfontosabb takarm\u00e1ny- \u00e9s m\u00e9rgez\u0151 n\u00f6v\u00e9nyekkel, az azokat fel\u00e9p\u00edt\u0151 sejtekkel, sz\u00f6vetekkel, ill. a benn\u00fck keletkez\u0151 t\u00e1panyagok \u00e9s m\u00e1sodlagos anyagcsereterm\u00e9kek l\u00e9trej\u00f6tt\u00e9nek mechanizmusai-val. Az el\u0151ad\u00e1sok az els\u0151dleges n\u00f6v\u00e9nyi anyagcsere bioszf\u00e9r\u00e1ban bet\u00f6lt\u00f6tt, alapvet\u0151 szerep\u00e9t a bakt\u00e9riumok, a gomb\u00e1k \u00e9s az \u00e1llatok anyagcser\u00e9j\u00e9vel \u00f6sszehasonl\u00edtva mutatj\u00e1k be. A mikroszkopikus, ill. a nagygomb\u00e1k, valamint a n\u00f6v\u00e9nyv\u00e9d\u0151 szerek eg\u00e9szs\u00e9gk\u00e1ros\u00edt\u00f3 hat\u00e1saiba is betekintve, a kurzus r\u00e1vil\u00e1g\u00edt a bioszf\u00e9ra \u00e9l\u0151l\u00e9nycsoportjainak eg\u00e9szs\u00e9g\u00e9t holisztikusan szeml\u00e9l\u0151 teljes \u00e9lelmiszerl\u00e1nc-biztons\u00e1g fontoss\u00e1g\u00e1ra. A t\u00e1rgy k\u00fcl\u00f6n foglalkozik a gyepes \u00e9l\u0151helyekkel is, melyek kiemelt takarm\u00e1nyterm\u0151 ter\u00fcletek.<\/p> <p><span style=\"color: #0000ff;font-size: 14pt\"><strong>Felment\u00e9sre, elfogad\u00e1si krit\u00e9rium: &#8222;50% egyez\u00e9s eset\u00e9n adhat\u00f3 felment\u00e9s&#8221;.\u00a0<\/strong><\/span><\/p> <h4>K\u00f6telez\u0151 szakirodalom:<\/h4> <ul> <li>Az el\u0151ad\u00e1sok \u00e9s gyakorlatok anyagai.<\/li> <\/ul> <p><span style=\"color: #0000ff\"><em><strong>Friss\u00edtve: 2026.01.30.<\/strong><\/em><\/span><\/p>","protected":false},"excerpt":{"rendered":"<p>Tant\u00e1rgyfelel\u0151s oktat\u00f3 (e-mail):\u00a0Dr. H\u00e1zi Judit ([Kattintson az emailc\u00edmhez]) R\u00e9sztvev\u0151 oktat\u00f3(k): Dr. P\u00e9li Evelin ([Kattintson az emailc\u00edmhez]), Dr. Gerencs\u00e9r Ferencn\u00e9 ([Kattintson az emailc\u00edmhez]), Dr. Engel Rita ([Kattintson az emailc\u00edmhez]), Dr. Kutszegi Gergely ([Kattintson az emailc\u00edmhez]) A tant\u00e1rgy k\u00e9pz\u00e9si c\u00e9lja: A t\u00e1rgy c\u00e9lja, hogy \u00e1llatorvosi szemsz\u00f6gb\u0151l mutassa be a n\u00f6v\u00e9nyvil\u00e1got a hallgat\u00f3knak. Ennek keret\u00e9ben a hallgat\u00f3k megismerkedhetnek<\/p>\n","protected":false},"author":3837,"featured_media":0,"parent":677,"menu_order":164,"comment_status":"closed","ping_status":"closed","template":"","meta":{"_acf_changed":false,"footnotes":""},"categories":[],"tags":[],"class_list":["post-10407","page","type-page","status-publish","hentry"],"acf":[],"_links":{"self":[{"href":"https:\/\/univet.hu\/hu\/wp-json\/wp\/v2\/pages\/10407","targetHints":{"allow":["GET"]}}],"collection":[{"href":"https:\/\/univet.hu\/hu\/wp-json\/wp\/v2\/pages"}],"about":[{"href":"https:\/\/univet.hu\/hu\/wp-json\/wp\/v2\/types\/page"}],"author":[{"embeddable":true,"href":"https:\/\/univet.hu\/hu\/wp-json\/wp\/v2\/users\/3837"}],"replies":[{"embeddable":true,"href":"https:\/\/univet.hu\/hu\/wp-json\/wp\/v2\/comments?post=10407"}],"version-history":[{"count":5,"href":"https:\/\/univet.hu\/hu\/wp-json\/wp\/v2\/pages\/10407\/revisions"}],"predecessor-version":[{"id":201072,"href":"https:\/\/univet.hu\/hu\/wp-json\/wp\/v2\/pages\/10407\/revisions\/201072"}],"up":[{"embeddable":true,"href":"https:\/\/univet.hu\/hu\/wp-json\/wp\/v2\/pages\/677"}],"wp:attachment":[{"href":"https:\/\/univet.hu\/hu\/wp-json\/wp\/v2\/media?parent=10407"}],"wp:term":[{"taxonomy":"category","embeddable":true,"href":"https:\/\/univet.hu\/hu\/wp-json\/wp\/v2\/categories?post=10407"},{"taxonomy":"post_tag","embeddable":true,"href":"https:\/\/univet.hu\/hu\/wp-json\/wp\/v2\/tags?post=10407"}],"curies":[{"name":"wp","href":"https:\/\/api.w.org\/{rel}","templated":true}]}}