{"id":10409,"date":"1970-01-01T00:00:00","date_gmt":"1969-12-31T23:00:00","guid":{"rendered":"http:\/\/univet.hu\/oktatas\/kurzusok\/allatorvosi-osszehasonlito-farmakokinetika-es-gyogyszer-metabolizmus\/"},"modified":"2025-09-04T09:21:49","modified_gmt":"2025-09-04T07:21:49","slug":"allatorvosi-osszehasonlito-farmakokinetika-es-gyogyszer-metabolizmus","status":"publish","type":"page","link":"https:\/\/univet.hu\/hu\/oktatas\/kurzusok\/allatorvosi-osszehasonlito-farmakokinetika-es-gyogyszer-metabolizmus\/","title":{"rendered":"\u00c1llatorvosi \u00f6sszehasonl\u00edt\u00f3 farmakokinetika \u00e9s gy\u00f3gyszer-metabolizmus"},"content":{"rendered":"<p>A gy\u00f3gyszerek hat\u00e1s\u00e1t (hasznos \u00e9s k\u00e1ros) alapvet\u0151en a szervezetben t\u00f6rt\u00e9n\u0151 diszpoz\u00edci\u00f3juk hat\u00e1rozza meg, azaz milyen m\u00e9rt\u00e9kben oszlanak meg a biol\u00f3giai k\u00f6zegben, \u00e9s abb\u00f3l milyen \u00fctemben elimin\u00e1l\u00f3dnak.<\/p> <p>Farmakokinetikai szempontb\u00f3l nagy k\u00fcl\u00f6nbs\u00e9gek tapasztalhat\u00f3ak az egyes fajok eset\u00e9ben. Ez l\u00e9nyeges lehet a hat\u00f3anyagok hat\u00e9konys\u00e1g\u00e1nak, \u00e1rtalmass\u00e1g\u00e1nak kialakul\u00e1s\u00e1ban az adott \u00e1llatfajokban. \u00c9lelmiszertermel\u0151 fajok eset\u00e9ben tov\u00e1bbi fontos szempont, hogy a farmakokinetikai hat\u00e1sok megv\u00e1ltoztathatj\u00e1k a hat\u00f3anyagok ki\u00fcr\u00fcl\u00e9s\u00e9t az emberi fogyaszt\u00e1sra sz\u00e1nt \u00e1llati eredet\u0171 term\u00e9kekb\u0151l. A t\u00e1rgy c\u00e9lja, hogy az \u00e9rdekl\u0151d\u0151 hallgat\u00f3kat korszer\u0171 \u00e9s r\u00e9szletes ismerettel l\u00e1ssa el a t\u00e9mak\u00f6rben, ez\u00e1ltal el\u0151seg\u00edtve, hogy a j\u00f6v\u0151ben, a praxisban m\u00e9g hat\u00e9konyabban \u00e9s mell\u00e9khat\u00e1s mentesen alkalmazz\u00e1k a gy\u00f3gyszereket, tov\u00e1bb\u00e1 el\u0151seg\u00edts\u00e9k a szermaradv\u00e1ny mentes \u00e1llati eredet\u0171 \u00e9lelmiszerek el\u0151\u00e1ll\u00edt\u00e1s\u00e1t.<\/p>","protected":false},"excerpt":{"rendered":"<p>A gy\u00f3gyszerek hat\u00e1s\u00e1t (hasznos \u00e9s k\u00e1ros) alapvet\u0151en a szervezetben t\u00f6rt\u00e9n\u0151 diszpoz\u00edci\u00f3juk hat\u00e1rozza meg, azaz milyen m\u00e9rt\u00e9kben oszlanak meg a biol\u00f3giai k\u00f6zegben, \u00e9s abb\u00f3l milyen \u00fctemben elimin\u00e1l\u00f3dnak. Farmakokinetikai szempontb\u00f3l nagy k\u00fcl\u00f6nbs\u00e9gek tapasztalhat\u00f3ak az egyes fajok eset\u00e9ben. Ez l\u00e9nyeges lehet a hat\u00f3anyagok hat\u00e9konys\u00e1g\u00e1nak, \u00e1rtalmass\u00e1g\u00e1nak kialakul\u00e1s\u00e1ban az adott \u00e1llatfajokban. \u00c9lelmiszertermel\u0151 fajok eset\u00e9ben tov\u00e1bbi fontos szempont, hogy a farmakokinetikai<\/p>\n","protected":false},"author":3837,"featured_media":0,"parent":677,"menu_order":164,"comment_status":"closed","ping_status":"closed","template":"","meta":{"_acf_changed":false,"footnotes":""},"categories":[],"tags":[],"class_list":["post-10409","page","type-page","status-publish","hentry"],"acf":[],"_links":{"self":[{"href":"https:\/\/univet.hu\/hu\/wp-json\/wp\/v2\/pages\/10409","targetHints":{"allow":["GET"]}}],"collection":[{"href":"https:\/\/univet.hu\/hu\/wp-json\/wp\/v2\/pages"}],"about":[{"href":"https:\/\/univet.hu\/hu\/wp-json\/wp\/v2\/types\/page"}],"author":[{"embeddable":true,"href":"https:\/\/univet.hu\/hu\/wp-json\/wp\/v2\/users\/3837"}],"replies":[{"embeddable":true,"href":"https:\/\/univet.hu\/hu\/wp-json\/wp\/v2\/comments?post=10409"}],"version-history":[{"count":2,"href":"https:\/\/univet.hu\/hu\/wp-json\/wp\/v2\/pages\/10409\/revisions"}],"predecessor-version":[{"id":189978,"href":"https:\/\/univet.hu\/hu\/wp-json\/wp\/v2\/pages\/10409\/revisions\/189978"}],"up":[{"embeddable":true,"href":"https:\/\/univet.hu\/hu\/wp-json\/wp\/v2\/pages\/677"}],"wp:attachment":[{"href":"https:\/\/univet.hu\/hu\/wp-json\/wp\/v2\/media?parent=10409"}],"wp:term":[{"taxonomy":"category","embeddable":true,"href":"https:\/\/univet.hu\/hu\/wp-json\/wp\/v2\/categories?post=10409"},{"taxonomy":"post_tag","embeddable":true,"href":"https:\/\/univet.hu\/hu\/wp-json\/wp\/v2\/tags?post=10409"}],"curies":[{"name":"wp","href":"https:\/\/api.w.org\/{rel}","templated":true}]}}