{"id":10412,"date":"1970-01-01T00:00:00","date_gmt":"1969-12-31T23:00:00","guid":{"rendered":"http:\/\/univet.hu\/oktatas\/kurzusok\/allatorvosi-szovettan-ii\/"},"modified":"2023-04-19T15:49:00","modified_gmt":"2023-04-19T13:49:00","slug":"allatorvosi-szovettan-ii","status":"publish","type":"page","link":"https:\/\/univet.hu\/hu\/oktatas\/kurzusok\/allatorvosi-szovettan-ii\/","title":{"rendered":"\u00c1llatorvosi sz\u00f6vettan II."},"content":{"rendered":"<p><strong>A tant\u00e1rgy k\u00e9pz\u00e9si c\u00e9lja:<\/strong> a szervek mikroszk\u00f3pos anat\u00f3miai szerkezet\u00e9nek elsaj\u00e1t\u00edt\u00e1sa.<\/p> <p>A modul c\u00e9lja, hogy r\u00e9szletes ismereteket ny\u00fajtson az eml\u0151s\u00f6k \u00e9s madarak szerveinek sz\u00f6vettani fel\u00e9p\u00edt\u00e9s\u00e9r\u0151l, \u00e9s megk\u00f6nny\u00edtse a hallgat\u00f3k sz\u00e1m\u00e1ra a legfontosabb szervek \u00e9s sz\u00f6vetek sz\u00f6vettani megjelen\u00e9s\u00e9nek azonos\u00edt\u00e1s\u00e1t. A modul az \u00c1llatorvosi sz\u00f6vettan 1. tant\u00e1rgy\u00a0 sor\u00e1n elsaj\u00e1t\u00edtott alapvet\u0151 ismeretekre \u00e9p\u00edt. A sz\u00f6vettan 2. az egyes szerveket a szervrendszerek keretein bel\u00fcl t\u00e1rgyalja, \u00edgy ez a tant\u00e1rgy, mint a szervek mikroszk\u00f3pos anat\u00f3mi\u00e1ja, az anat\u00f3mi\u00e1hoz \u00e9s a k\u00e9c\u0151bbi k\u00f3rsz\u00f6vettanhoz ny\u00fajt t\u00e1mogat\u00e1st.<\/p>","protected":false},"excerpt":{"rendered":"<p>A tant\u00e1rgy k\u00e9pz\u00e9si c\u00e9lja: a szervek mikroszk\u00f3pos anat\u00f3miai szerkezet\u00e9nek elsaj\u00e1t\u00edt\u00e1sa. A modul c\u00e9lja, hogy r\u00e9szletes ismereteket ny\u00fajtson az eml\u0151s\u00f6k \u00e9s madarak szerveinek sz\u00f6vettani fel\u00e9p\u00edt\u00e9s\u00e9r\u0151l, \u00e9s megk\u00f6nny\u00edtse a hallgat\u00f3k sz\u00e1m\u00e1ra a legfontosabb szervek \u00e9s sz\u00f6vetek sz\u00f6vettani megjelen\u00e9s\u00e9nek azonos\u00edt\u00e1s\u00e1t. A modul az \u00c1llatorvosi sz\u00f6vettan 1. tant\u00e1rgy\u00a0 sor\u00e1n elsaj\u00e1t\u00edtott alapvet\u0151 ismeretekre \u00e9p\u00edt. A sz\u00f6vettan 2. az egyes szerveket<\/p>\n","protected":false},"author":3837,"featured_media":0,"parent":677,"menu_order":164,"comment_status":"closed","ping_status":"closed","template":"","meta":{"_acf_changed":false,"footnotes":""},"categories":[],"tags":[],"class_list":["post-10412","page","type-page","status-publish","hentry"],"acf":[],"_links":{"self":[{"href":"https:\/\/univet.hu\/hu\/wp-json\/wp\/v2\/pages\/10412","targetHints":{"allow":["GET"]}}],"collection":[{"href":"https:\/\/univet.hu\/hu\/wp-json\/wp\/v2\/pages"}],"about":[{"href":"https:\/\/univet.hu\/hu\/wp-json\/wp\/v2\/types\/page"}],"author":[{"embeddable":true,"href":"https:\/\/univet.hu\/hu\/wp-json\/wp\/v2\/users\/3837"}],"replies":[{"embeddable":true,"href":"https:\/\/univet.hu\/hu\/wp-json\/wp\/v2\/comments?post=10412"}],"version-history":[{"count":0,"href":"https:\/\/univet.hu\/hu\/wp-json\/wp\/v2\/pages\/10412\/revisions"}],"up":[{"embeddable":true,"href":"https:\/\/univet.hu\/hu\/wp-json\/wp\/v2\/pages\/677"}],"wp:attachment":[{"href":"https:\/\/univet.hu\/hu\/wp-json\/wp\/v2\/media?parent=10412"}],"wp:term":[{"taxonomy":"category","embeddable":true,"href":"https:\/\/univet.hu\/hu\/wp-json\/wp\/v2\/categories?post=10412"},{"taxonomy":"post_tag","embeddable":true,"href":"https:\/\/univet.hu\/hu\/wp-json\/wp\/v2\/tags?post=10412"}],"curies":[{"name":"wp","href":"https:\/\/api.w.org\/{rel}","templated":true}]}}