{"id":10413,"date":"1970-01-01T00:00:00","date_gmt":"1969-12-31T23:00:00","guid":{"rendered":"http:\/\/univet.hu\/oktatas\/kurzusok\/allatorvosi-toxikologia\/"},"modified":"2025-09-03T10:14:20","modified_gmt":"2025-09-03T08:14:20","slug":"allatorvosi-toxikologia","status":"publish","type":"page","link":"https:\/\/univet.hu\/hu\/oktatas\/kurzusok\/allatorvosi-toxikologia\/","title":{"rendered":"\u00c1llatorvosi toxikol\u00f3gia"},"content":{"rendered":"<p align=\"justify\">Az \u00c1llatorvosi Toxikol\u00f3gia tant\u00e1rgy keretein bel\u00fcl a hallgat\u00f3k megismerkednek az \u00e1llatorvosi praxisban leggyakrabban el\u0151fordul\u00f3 m\u00e9rgez\u00e9sek okaival, t\u00fcneteivel, diagnosztik\u00e1j\u00e1val, gy\u00f3gykezel\u00e9s\u00e9vel \u00e9s k\u00f3rj\u00f3slat\u00e1val. Az oktat\u00e1s sor\u00e1n nagy hangs\u00falyt fektet\u00fcnk a m\u00e9rgez\u00e9sek felismer\u00e9s\u00e9vel \u00e9s sikeres kezel\u00e9s\u00e9vel kapcsolatos &#8222;first day skill&#8221;-ek \u00e1tad\u00e1s\u00e1ra. Kiemelten kezelj\u00fck az egyes \u00e1llatfajok elt\u00e9r\u0151 \u00e9rz\u00e9kenys\u00e9g\u00e9t a k\u00fcl\u00f6nb\u00f6z\u0151 m\u00e9rgez\u0151 anyagokkal szemben, valamint a specifikus antid\u00f3tumok \u00e9s azok helyes d\u00f3zis\u00e1nak megtan\u00edt\u00e1s\u00e1t.<\/p>","protected":false},"excerpt":{"rendered":"<p>Az \u00c1llatorvosi Toxikol\u00f3gia tant\u00e1rgy keretein bel\u00fcl a hallgat\u00f3k megismerkednek az \u00e1llatorvosi praxisban leggyakrabban el\u0151fordul\u00f3 m\u00e9rgez\u00e9sek okaival, t\u00fcneteivel, diagnosztik\u00e1j\u00e1val, gy\u00f3gykezel\u00e9s\u00e9vel \u00e9s k\u00f3rj\u00f3slat\u00e1val. Az oktat\u00e1s sor\u00e1n nagy hangs\u00falyt fektet\u00fcnk a m\u00e9rgez\u00e9sek felismer\u00e9s\u00e9vel \u00e9s sikeres kezel\u00e9s\u00e9vel kapcsolatos &#8222;first day skill&#8221;-ek \u00e1tad\u00e1s\u00e1ra. Kiemelten kezelj\u00fck az egyes \u00e1llatfajok elt\u00e9r\u0151 \u00e9rz\u00e9kenys\u00e9g\u00e9t a k\u00fcl\u00f6nb\u00f6z\u0151 m\u00e9rgez\u0151 anyagokkal szemben, valamint a specifikus antid\u00f3tumok \u00e9s<\/p>\n","protected":false},"author":3837,"featured_media":0,"parent":677,"menu_order":164,"comment_status":"closed","ping_status":"closed","template":"","meta":{"_acf_changed":false,"footnotes":""},"categories":[],"tags":[],"class_list":["post-10413","page","type-page","status-publish","hentry"],"acf":[],"_links":{"self":[{"href":"https:\/\/univet.hu\/hu\/wp-json\/wp\/v2\/pages\/10413","targetHints":{"allow":["GET"]}}],"collection":[{"href":"https:\/\/univet.hu\/hu\/wp-json\/wp\/v2\/pages"}],"about":[{"href":"https:\/\/univet.hu\/hu\/wp-json\/wp\/v2\/types\/page"}],"author":[{"embeddable":true,"href":"https:\/\/univet.hu\/hu\/wp-json\/wp\/v2\/users\/3837"}],"replies":[{"embeddable":true,"href":"https:\/\/univet.hu\/hu\/wp-json\/wp\/v2\/comments?post=10413"}],"version-history":[{"count":2,"href":"https:\/\/univet.hu\/hu\/wp-json\/wp\/v2\/pages\/10413\/revisions"}],"predecessor-version":[{"id":189913,"href":"https:\/\/univet.hu\/hu\/wp-json\/wp\/v2\/pages\/10413\/revisions\/189913"}],"up":[{"embeddable":true,"href":"https:\/\/univet.hu\/hu\/wp-json\/wp\/v2\/pages\/677"}],"wp:attachment":[{"href":"https:\/\/univet.hu\/hu\/wp-json\/wp\/v2\/media?parent=10413"}],"wp:term":[{"taxonomy":"category","embeddable":true,"href":"https:\/\/univet.hu\/hu\/wp-json\/wp\/v2\/categories?post=10413"},{"taxonomy":"post_tag","embeddable":true,"href":"https:\/\/univet.hu\/hu\/wp-json\/wp\/v2\/tags?post=10413"}],"curies":[{"name":"wp","href":"https:\/\/api.w.org\/{rel}","templated":true}]}}