{"id":10414,"date":"1970-01-01T00:00:00","date_gmt":"1969-12-31T23:00:00","guid":{"rendered":"http:\/\/univet.hu\/oktatas\/kurzusok\/allatorvosi-vakcinologia\/"},"modified":"2020-09-14T09:21:23","modified_gmt":"2020-09-14T07:21:23","slug":"allatorvosi-vakcinologia","status":"publish","type":"page","link":"https:\/\/univet.hu\/hu\/oktatas\/kurzusok\/allatorvosi-vakcinologia\/","title":{"rendered":"\u00c1llatorvosi vakcinol\u00f3gia"},"content":{"rendered":"<p><strong>A tant\u00e1rgy k\u00e9pz\u00e9si c\u00e9lja:<\/strong><\/p> <p>A fert\u0151z\u0151 betegs\u00e9gek elleni specifikus v\u00e9dekez\u00e9s eszk\u00f6zeinek megismer\u00e9se \u00e9s tudatos alkalmaz\u00e1sa.<\/p> <p><strong>Oktat\u00f3k:<\/strong><\/p> <p>Kulcs\u00e1r G\u00e1bor<\/p> <p>L\u0151rincz M\u00e1rta<\/p> <p>&nbsp;<\/p> <p><strong>Szakirodalom<\/strong><\/p> <p><strong>K\u00f6telez\u0151:<\/strong><\/p> <p>So\u00f3s Tibor \u2013 Kulcs\u00e1r G\u00e1bor \u2013 L\u0151rincz M\u00e1rta: \u00c1llatorvosi vakcinol\u00f3gia<\/p> <p>So\u00f3s Tibor \u2013 Tuboly S\u00e1ndor: Vakcinol\u00f3gia (A fert\u0151z\u0151 \u00e1llatbetegs\u00e9gek immunprophylaxisa)<\/p> <p><strong><em>Aj\u00e1nlott:<\/em><\/strong><\/p> <p>World Organisation of Animal Health (OIE): Manual of diagnostic tests and vaccines for terrestrial animals (7th edition, OIE, Paris, 2012)<\/p> <p>Myron M. Levine (Editor-in-chief) New generation vaccines (4th edition; Informa Healthcare, USA, New York, 2010)<\/p> <p>Blancou, J. History of the surveillance and control of transmissible animal diseases. (OIE, Paris, 2003)<\/p> <p>P.P. Pastoret, J. Blancou, P. Vannier &amp; Verschueren (Editors): Veterinary vaccinology (Elsevir Amsterdam, 1997)<\/p> <p>128\/2009. (X. 6.) FVM rendelet az \u00e1llatgy\u00f3gy\u00e1szati term\u00e9kekr\u0151l<\/p>","protected":false},"excerpt":{"rendered":"<p>A tant\u00e1rgy k\u00e9pz\u00e9si c\u00e9lja: A fert\u0151z\u0151 betegs\u00e9gek elleni specifikus v\u00e9dekez\u00e9s eszk\u00f6zeinek megismer\u00e9se \u00e9s tudatos alkalmaz\u00e1sa. Oktat\u00f3k: Kulcs\u00e1r G\u00e1bor L\u0151rincz M\u00e1rta &nbsp; Szakirodalom K\u00f6telez\u0151: So\u00f3s Tibor \u2013 Kulcs\u00e1r G\u00e1bor \u2013 L\u0151rincz M\u00e1rta: \u00c1llatorvosi vakcinol\u00f3gia So\u00f3s Tibor \u2013 Tuboly S\u00e1ndor: Vakcinol\u00f3gia (A fert\u0151z\u0151 \u00e1llatbetegs\u00e9gek immunprophylaxisa) Aj\u00e1nlott: World Organisation of Animal Health (OIE): Manual of diagnostic tests and<\/p>\n","protected":false},"author":3837,"featured_media":0,"parent":677,"menu_order":164,"comment_status":"closed","ping_status":"closed","template":"","meta":{"_acf_changed":false,"footnotes":""},"categories":[],"tags":[],"class_list":["post-10414","page","type-page","status-publish","hentry"],"acf":[],"_links":{"self":[{"href":"https:\/\/univet.hu\/hu\/wp-json\/wp\/v2\/pages\/10414","targetHints":{"allow":["GET"]}}],"collection":[{"href":"https:\/\/univet.hu\/hu\/wp-json\/wp\/v2\/pages"}],"about":[{"href":"https:\/\/univet.hu\/hu\/wp-json\/wp\/v2\/types\/page"}],"author":[{"embeddable":true,"href":"https:\/\/univet.hu\/hu\/wp-json\/wp\/v2\/users\/3837"}],"replies":[{"embeddable":true,"href":"https:\/\/univet.hu\/hu\/wp-json\/wp\/v2\/comments?post=10414"}],"version-history":[{"count":0,"href":"https:\/\/univet.hu\/hu\/wp-json\/wp\/v2\/pages\/10414\/revisions"}],"up":[{"embeddable":true,"href":"https:\/\/univet.hu\/hu\/wp-json\/wp\/v2\/pages\/677"}],"wp:attachment":[{"href":"https:\/\/univet.hu\/hu\/wp-json\/wp\/v2\/media?parent=10414"}],"wp:term":[{"taxonomy":"category","embeddable":true,"href":"https:\/\/univet.hu\/hu\/wp-json\/wp\/v2\/categories?post=10414"},{"taxonomy":"post_tag","embeddable":true,"href":"https:\/\/univet.hu\/hu\/wp-json\/wp\/v2\/tags?post=10414"}],"curies":[{"name":"wp","href":"https:\/\/api.w.org\/{rel}","templated":true}]}}