{"id":10415,"date":"1970-01-01T00:00:00","date_gmt":"1969-12-31T23:00:00","guid":{"rendered":"http:\/\/univet.hu\/oktatas\/kurzusok\/allatorvosi-virologia\/"},"modified":"2026-01-22T13:48:07","modified_gmt":"2026-01-22T12:48:07","slug":"allatorvosi-virologia","status":"publish","type":"page","link":"https:\/\/univet.hu\/hu\/oktatas\/kurzusok\/allatorvosi-virologia\/","title":{"rendered":"\u00c1llatorvosi virol\u00f3gia"},"content":{"rendered":"<p>Megnevez\u00e9s: <strong>\u00c1llatorvosi<\/strong> <strong>virol\u00f3gia<\/strong><\/p> <p>Tansz\u00e9k: J\u00e1rv\u00e1nytani \u00e9s Mikrobiol\u00f3giai Tansz\u00e9k<\/p> <p>Jellege: k\u00f6telez\u0151<\/p> <p>Szakir\u00e1ny: \u00e1llatorvos osztatlan<\/p> <p>Hely a tantervben: 2. \u00e9v 2. f\u00e9l\u00e9v<\/p> <p>El\u0151ad\u00e1s: 30 \u00f3ra\/f\u00e9l\u00e9v<\/p> <p>Gyakorlat: 30 \u00f3ra\/f\u00e9l\u00e9v (20 \u00f3ra plen\u00e1ris \u00e9s 5\u00d72 \u00f3ra laborat\u00f3riumi gyakorlat)<\/p> <p>Kredit: 4<\/p> <p>Gyakorlati jegy: nincs<\/p> <p>\u00c9rt\u00e9kel\u00e9s m\u00f3dja: z\u00e1rthelyi dolgozat (\u00e1ltal\u00e1nos virol\u00f3gia), vizsga (kollokvium)<\/p> <p>El\u0151k\u00f6vetelm\u00e9ny: \u00c1llatorvosi sz\u00f6vettan 2., \u00c1llatorvosi biok\u00e9mia 1.<\/p> <p>Oktat\u00f3k &#8211; el\u0151ad\u00e1sok: <a href=\"http:\/\/www.univet.hu\/munkatarsak\/f\/forgach-petra\/\" data-replaced=\"true\">Forg\u00e1ch Petra<\/a>, <a href=\"http:\/\/www.univet.hu\/munkatarsak\/m\/marosi-andras\/\" data-replaced=\"true\">Marosi Andr\u00e1s<\/a><\/p> <p>Oktat\u00f3k &#8211; gyakorlatok:\u00a0<a href=\"http:\/\/www.univet.hu\/munkatarsak\/f\/forgach-petra\/\" data-replaced=\"true\">Forg\u00e1ch Petra<\/a>, <a href=\"http:\/\/www.univet.hu\/munkatarsak\/m\/marosi-andras\/\" data-replaced=\"true\">Marosi Andr\u00e1s<\/a>, <a href=\"https:\/\/univet.hu\/hu\/egyetem\/munkatarsak\/kollar-anna\/\">Koll\u00e1r Anna,<\/a> Tolnai Csenge, T\u00f3th Gergely<\/p> <p><strong>Kontakt: <a class=\"decrypt\" rel=\"wjspmphzAvojwfu\/iv\" href=\"javascript:void(0);\">[Kattintson az emailc\u00edmhez]<\/a><\/strong><\/p> <p>&nbsp;<\/p> <h3>Fontos d\u00e1tumok \u00e9s hat\u00e1rid\u0151k<\/h3> <p>Plen\u00e1ris gyakorlatok: 2026. febru\u00e1r 2.-20.<\/p> <p>Laborat\u00f3riumi gyakorlatok: 2026. febru\u00e1r 9.-m\u00e1rcius 13.<\/p> <p>Elm\u00e9leti el\u0151ad\u00e1sok: 2026. febru\u00e1r 2.-m\u00e1jus 14.<\/p> <ul> <li>febru\u00e1r 23.-t\u00f3l plen\u00e1ris gyakorlati id\u0151pontokban is elm\u00e9leti el\u0151ad\u00e1sok lesznek<\/li> <li>\u00e1prilis 16.-\u00e1n a plen\u00e1ris gyakorlati id\u0151pontban nem lesz el\u0151ad\u00e1s.<\/li> <\/ul> <p>Plen\u00e1ris p\u00f3tl\u00e1s \u00e9s gyakorlati tesztek teljes\u00edt\u00e9s\u00e9nek hat\u00e1rideje: 2026. m\u00e1rcius 18. 8:00<\/p> <p>Z\u00e1rthelyi dolgozat: 2026. \u00e1prilis 7.<\/p> <p>&nbsp;<\/p> <h3>Tant\u00e1rgy le\u00edr\u00e1sa<\/h3> <p>Az \u00e1ltal\u00e1nos virol\u00f3giai ismeretek mellett a hallgat\u00f3k elsaj\u00e1t\u00edtj\u00e1k az \u00e1llatorvosi szempontb\u00f3l fontos r\u00e9szletes virol\u00f3giai ismereteket, \u00e9s megismerkednek a fert\u0151z\u0151 betegs\u00e9gek elleni v\u00e9dekez\u00e9s meg\u00e9rt\u00e9s\u00e9hez sz\u00fcks\u00e9ges \u00f6sszef\u00fcgg\u00e9sekkel, diagnosztikai elj\u00e1r\u00e1sokkal. A gyakorlatok a fontosabb virol\u00f3giai laborat\u00f3riumi technik\u00e1k, a v\u00edrusok tulajdons\u00e1gainak \u00e9s azonos\u00edt\u00e1si m\u00f3dszereinek megismertet\u00e9s\u00e9t szolg\u00e1lj\u00e1k. Az oktat\u00e1s el\u0151ad\u00e1sok (teljes \u00e9vfolyam), plen\u00e1ris gyakorlatok (f\u00e9l \u00e9vfolyam) \u00e9s laborat\u00f3riumi gyakorlatok (maximum 18 f\u0151\/csoport) form\u00e1j\u00e1ban t\u00f6rt\u00e9nik.<\/p> <h3>Oktat\u00e1si felt\u00e9telek<\/h3> <p>Az el\u0151ad\u00e1sokat \u00e9s plen\u00e1ris gyakorlatokat a Campus ter\u00fclet\u00e9n tal\u00e1lhat\u00f3 tantermekben (ld. \u00f3rarend szerint) tartjuk, az el\u0151ad\u00e1s v\u00e1zlat\u00e1t \u00e9s a bemutat\u00e1sra sz\u00e1nt k\u00e9peket sz\u00e1m\u00edt\u00f3g\u00e9ppel, projektorral vet\u00edtj\u00fck. A tantermi el\u0151ad\u00e1sokr\u00f3l Teams videofelv\u00e9telt k\u00e9sz\u00edt\u00fcnk, melyet a Moodle rendszerben az el\u0151ad\u00e1sok ut\u00e1n el\u00e9rhet\u0151v\u00e9 tesz\u00fcnk.<\/p> <p>A laborat\u00f3riumi gyakorlatokat a Tansz\u00e9k 18 f\u00e9r\u0151helyes, mikroszk\u00f3pokkal, sz\u00e1m\u00edt\u00f3g\u00e9ppel \u00e9s projektorral ell\u00e1tott hallgat\u00f3i gyakorl\u00f3term\u00e9ben tartjuk (1143 Budapest, Hung\u00e1ria krt. 23-25., a Pusk\u00e1s Ferenc Stadion metr\u00f3\u00e1llom\u00e1s k\u00f6zel\u00e9ben). A gyakorlatok demonstr\u00e1ci\u00f3s anyag\u00e1nak el\u0151k\u00e9sz\u00edt\u00e9se a Tansz\u00e9k virol\u00f3giai laborat\u00f3rium\u00e1ban t\u00f6rt\u00e9nik.<\/p> <h3><strong>Aj\u00e1nlott irodalom<br \/> <\/strong><\/h3> <ul> <li>The ICTV Report <a href=\"https:\/\/ictv.global\/report\/taxon\">https:\/\/ictv.global\/report\/taxon<\/a><\/li> <li>MACLACHLAN, N. J. &#8211; DUBOVI, E. J. (ed.): Fenner\u2019s Veterinary Virology. 5th ed. Elsevier, 2016.<\/li> <li>MACLACHLAN, N. J. &#8211; DUBOVI, E. J. (ed.): Fenner\u2019s Veterinary Virology. 4th ed. Elsevier, 2010.<\/li> <li>QUINN, P. J. &#8211; MARKEY, B. K. &#8211; LEONARD, F. C. &#8211; HARTIGAN, P. &#8211; FANNING, S. &#8211; FITZPATRICK, E. S.: Veterinary Microbiology and Microbial Disease. 2nd ed. Oxford: Blackwell, 2011.<\/li> <\/ul>","protected":false},"excerpt":{"rendered":"<p>Megnevez\u00e9s: \u00c1llatorvosi virol\u00f3gia Tansz\u00e9k: J\u00e1rv\u00e1nytani \u00e9s Mikrobiol\u00f3giai Tansz\u00e9k Jellege: k\u00f6telez\u0151 Szakir\u00e1ny: \u00e1llatorvos osztatlan Hely a tantervben: 2. \u00e9v 2. f\u00e9l\u00e9v El\u0151ad\u00e1s: 30 \u00f3ra\/f\u00e9l\u00e9v Gyakorlat: 30 \u00f3ra\/f\u00e9l\u00e9v (20 \u00f3ra plen\u00e1ris \u00e9s 5\u00d72 \u00f3ra laborat\u00f3riumi gyakorlat) Kredit: 4 Gyakorlati jegy: nincs \u00c9rt\u00e9kel\u00e9s m\u00f3dja: z\u00e1rthelyi dolgozat (\u00e1ltal\u00e1nos virol\u00f3gia), vizsga (kollokvium) El\u0151k\u00f6vetelm\u00e9ny: \u00c1llatorvosi sz\u00f6vettan 2., \u00c1llatorvosi biok\u00e9mia 1. Oktat\u00f3k<\/p>\n","protected":false},"author":3837,"featured_media":0,"parent":677,"menu_order":164,"comment_status":"closed","ping_status":"closed","template":"","meta":{"_acf_changed":false,"footnotes":""},"categories":[],"tags":[],"class_list":["post-10415","page","type-page","status-publish","hentry"],"acf":[],"_links":{"self":[{"href":"https:\/\/univet.hu\/hu\/wp-json\/wp\/v2\/pages\/10415","targetHints":{"allow":["GET"]}}],"collection":[{"href":"https:\/\/univet.hu\/hu\/wp-json\/wp\/v2\/pages"}],"about":[{"href":"https:\/\/univet.hu\/hu\/wp-json\/wp\/v2\/types\/page"}],"author":[{"embeddable":true,"href":"https:\/\/univet.hu\/hu\/wp-json\/wp\/v2\/users\/3837"}],"replies":[{"embeddable":true,"href":"https:\/\/univet.hu\/hu\/wp-json\/wp\/v2\/comments?post=10415"}],"version-history":[{"count":2,"href":"https:\/\/univet.hu\/hu\/wp-json\/wp\/v2\/pages\/10415\/revisions"}],"predecessor-version":[{"id":198179,"href":"https:\/\/univet.hu\/hu\/wp-json\/wp\/v2\/pages\/10415\/revisions\/198179"}],"up":[{"embeddable":true,"href":"https:\/\/univet.hu\/hu\/wp-json\/wp\/v2\/pages\/677"}],"wp:attachment":[{"href":"https:\/\/univet.hu\/hu\/wp-json\/wp\/v2\/media?parent=10415"}],"wp:term":[{"taxonomy":"category","embeddable":true,"href":"https:\/\/univet.hu\/hu\/wp-json\/wp\/v2\/categories?post=10415"},{"taxonomy":"post_tag","embeddable":true,"href":"https:\/\/univet.hu\/hu\/wp-json\/wp\/v2\/tags?post=10415"}],"curies":[{"name":"wp","href":"https:\/\/api.w.org\/{rel}","templated":true}]}}