{"id":10416,"date":"1970-01-01T00:00:00","date_gmt":"1969-12-31T23:00:00","guid":{"rendered":"http:\/\/univet.hu\/oktatas\/kurzusok\/allatorvosi-es-elelmiszerkemia\/"},"modified":"2024-02-13T09:56:25","modified_gmt":"2024-02-13T08:56:25","slug":"allatorvosi-es-elelmiszerkemia","status":"publish","type":"page","link":"https:\/\/univet.hu\/hu\/oktatas\/kurzusok\/allatorvosi-es-elelmiszerkemia\/","title":{"rendered":"\u00c1llatorvosi \u00e9s \u00e9lelmiszerk\u00e9mia"},"content":{"rendered":"<p>Az \u00c1llatorvosi \u00e9s \u00e9lelmiszerk\u00e9mia c. tant\u00e1rgy a K\u00e9mia c. tant\u00e1rgyra \u00e9p\u00fcl. A tant\u00e1rgy a szerves-, bioszerves-, \u00e9s \u00e9lelmiszerk\u00e9miai tudom\u00e1ny ismeretanyag\u00e1b\u00f3l els\u0151sorban azokra a fejezetekre ford\u00edt k\u00fcl\u00f6n\u00f6s figyelmet, amelyek k\u00f6zvetlen, konkr\u00e9t t\u00e1rgyi ismereteket biztos\u00edtanak a tov\u00e1bbi alapoz\u00f3 \u00e9s szaktant\u00e1rgyak, \u00edgy a biok\u00e9mia, az \u00e9lettan, a gy\u00f3gyszertan, a takarm\u00e1nyoz\u00e1stan, az \u00e9lelmiszerhigi\u00e9nia, a klinikumok, stb. eredm\u00e9nyes elsaj\u00e1t\u00edt\u00e1s\u00e1hoz, tov\u00e1bb\u00e1 fejlesztik a hallgat\u00f3k k\u00e9miai szeml\u00e9let\u00e9t, az egzakt, mennyis\u00e9gekben val\u00f3 gondolkod\u00e1s k\u00e9pess\u00e9g\u00e9t, valamint a term\u00e9szettudom\u00e1nyos alapk\u00e9pzetts\u00e9g\u00e9t. A k\u00e9pz\u00e9s tov\u00e1bbi c\u00e9lja megismertetni a k\u00e9miai k\u00f6rnyezetszennyez\u00e9s fontosabb t\u00e9nyez\u0151it, a term\u00e9szeti k\u00f6rnyezet meg\u00f3v\u00e1sa \u00e9s helyre\u00e1ll\u00edt\u00e1sa \u00e9rdek\u00e9ben v\u00e9gzend\u0151 tev\u00e9kenys\u00e9g k\u00e9miai aspektusait. A laborat\u00f3riumi gyakorlatok azt szolg\u00e1lj\u00e1k, hogy a hallgat\u00f3k megismerj\u00e9k a legfontosabb laborat\u00f3riumi m\u0171veleteket, m\u0171szereket, m\u00e9r\u00e9si \u00e9s vizsg\u00e1lati elj\u00e1r\u00e1sokat. Az egyetemi tanulm\u00e1nyok megalapoz\u00e1s\u00e1n t\u00falmen\u0151en a megszerzett k\u00e9miai ismereteket a leend\u0151 \u00e1llatorvos szakemberek k\u00fcl\u00f6n\u00f6s haszonnal alkalmazhatj\u00e1k a laborat\u00f3riumi ellen\u0151rz\u0151 \u00e9s kutat\u00e1si szakter\u00fcleteken.<\/p> <p><span style=\"color: #000000;\"><strong>Fontos<\/strong><\/span>: az el\u0151ad\u00e1sok, laborgyakorlatok tematik\u00e1ja, k\u00f6vetelm\u00e9nyrendszer, tananyagok, feladatok az <span style=\"color: #000000;\"><strong>E-learning<\/strong><\/span> fel\u00fcleten tal\u00e1lhat\u00f3k!<\/p>","protected":false},"excerpt":{"rendered":"<p>Az \u00c1llatorvosi \u00e9s \u00e9lelmiszerk\u00e9mia c. tant\u00e1rgy a K\u00e9mia c. tant\u00e1rgyra \u00e9p\u00fcl. A tant\u00e1rgy a szerves-, bioszerves-, \u00e9s \u00e9lelmiszerk\u00e9miai tudom\u00e1ny ismeretanyag\u00e1b\u00f3l els\u0151sorban azokra a fejezetekre ford\u00edt k\u00fcl\u00f6n\u00f6s figyelmet, amelyek k\u00f6zvetlen, konkr\u00e9t t\u00e1rgyi ismereteket biztos\u00edtanak a tov\u00e1bbi alapoz\u00f3 \u00e9s szaktant\u00e1rgyak, \u00edgy a biok\u00e9mia, az \u00e9lettan, a gy\u00f3gyszertan, a takarm\u00e1nyoz\u00e1stan, az \u00e9lelmiszerhigi\u00e9nia, a klinikumok, stb. eredm\u00e9nyes elsaj\u00e1t\u00edt\u00e1s\u00e1hoz, tov\u00e1bb\u00e1<\/p>\n","protected":false},"author":3837,"featured_media":0,"parent":677,"menu_order":164,"comment_status":"closed","ping_status":"closed","template":"","meta":{"_acf_changed":false,"footnotes":""},"categories":[],"tags":[],"class_list":["post-10416","page","type-page","status-publish","hentry"],"acf":[],"_links":{"self":[{"href":"https:\/\/univet.hu\/hu\/wp-json\/wp\/v2\/pages\/10416","targetHints":{"allow":["GET"]}}],"collection":[{"href":"https:\/\/univet.hu\/hu\/wp-json\/wp\/v2\/pages"}],"about":[{"href":"https:\/\/univet.hu\/hu\/wp-json\/wp\/v2\/types\/page"}],"author":[{"embeddable":true,"href":"https:\/\/univet.hu\/hu\/wp-json\/wp\/v2\/users\/3837"}],"replies":[{"embeddable":true,"href":"https:\/\/univet.hu\/hu\/wp-json\/wp\/v2\/comments?post=10416"}],"version-history":[{"count":0,"href":"https:\/\/univet.hu\/hu\/wp-json\/wp\/v2\/pages\/10416\/revisions"}],"up":[{"embeddable":true,"href":"https:\/\/univet.hu\/hu\/wp-json\/wp\/v2\/pages\/677"}],"wp:attachment":[{"href":"https:\/\/univet.hu\/hu\/wp-json\/wp\/v2\/media?parent=10416"}],"wp:term":[{"taxonomy":"category","embeddable":true,"href":"https:\/\/univet.hu\/hu\/wp-json\/wp\/v2\/categories?post=10416"},{"taxonomy":"post_tag","embeddable":true,"href":"https:\/\/univet.hu\/hu\/wp-json\/wp\/v2\/tags?post=10416"}],"curies":[{"name":"wp","href":"https:\/\/api.w.org\/{rel}","templated":true}]}}