{"id":10418,"date":"1970-01-01T00:00:00","date_gmt":"1969-12-31T23:00:00","guid":{"rendered":"http:\/\/univet.hu\/oktatas\/kurzusok\/allattan\/"},"modified":"2025-09-05T12:13:00","modified_gmt":"2025-09-05T10:13:00","slug":"allattan","status":"publish","type":"page","link":"https:\/\/univet.hu\/hu\/oktatas\/kurzusok\/allattan\/","title":{"rendered":"\u00c1llattan"},"content":{"rendered":"<p>Az \u00e1llatorvostan hallgat\u00f3knak \u00e1llattan t\u00e1rgy keret\u00e9ben oktatott zootaxon\u00f3mia egy \u00e1ltal\u00e1nos bevezet\u0151 ut\u00e1n fel\u00f6leli az \u00e1llati egysejt\u0171ek, szivacsok, csal\u00e1noz\u00f3k, lapos-, fon\u00e1l- \u00e9s gy\u0171r\u0171sf\u00e9rgek, puhatest\u0171ek, \u00edzeltl\u00e1b\u00faak \u00e9s gerincesek t\u00f6rzseit, ez ut\u00f3bbit k\u00fcl\u00f6n bont\u00e1sban a halak, k\u00e9t\u00e9lt\u0171ek, h\u00fcll\u0151k, madarak \u00e9s eml\u0151s\u00f6k vonatkoz\u00e1s\u00e1ban. Ezt az evol\u00faci\u00f3biol\u00f3gia, \u00f6kol\u00f3gia \u00e9s viselked\u00e9stan fontosabb t\u00e9mak\u00f6reinek r\u00e9szletez\u00e9se. Az \u00e1llattan tant\u00e1rgy teljes\u00edt\u00e9se sz\u00fcks\u00e9ges el\u0151felt\u00e9tele a Parazitol\u00f3gia \u00e9s egy\u00e9b tant\u00e1rgyak felv\u00e9tel\u00e9hez.<\/p>","protected":false},"excerpt":{"rendered":"<p>Az \u00e1llatorvostan hallgat\u00f3knak \u00e1llattan t\u00e1rgy keret\u00e9ben oktatott zootaxon\u00f3mia egy \u00e1ltal\u00e1nos bevezet\u0151 ut\u00e1n fel\u00f6leli az \u00e1llati egysejt\u0171ek, szivacsok, csal\u00e1noz\u00f3k, lapos-, fon\u00e1l- \u00e9s gy\u0171r\u0171sf\u00e9rgek, puhatest\u0171ek, \u00edzeltl\u00e1b\u00faak \u00e9s gerincesek t\u00f6rzseit, ez ut\u00f3bbit k\u00fcl\u00f6n bont\u00e1sban a halak, k\u00e9t\u00e9lt\u0171ek, h\u00fcll\u0151k, madarak \u00e9s eml\u0151s\u00f6k vonatkoz\u00e1s\u00e1ban. Ezt az evol\u00faci\u00f3biol\u00f3gia, \u00f6kol\u00f3gia \u00e9s viselked\u00e9stan fontosabb t\u00e9mak\u00f6reinek r\u00e9szletez\u00e9se. Az \u00e1llattan tant\u00e1rgy teljes\u00edt\u00e9se sz\u00fcks\u00e9ges el\u0151felt\u00e9tele a<\/p>\n","protected":false},"author":3837,"featured_media":0,"parent":677,"menu_order":164,"comment_status":"closed","ping_status":"closed","template":"","meta":{"_acf_changed":false,"footnotes":""},"categories":[],"tags":[],"class_list":["post-10418","page","type-page","status-publish","hentry"],"acf":[],"_links":{"self":[{"href":"https:\/\/univet.hu\/hu\/wp-json\/wp\/v2\/pages\/10418","targetHints":{"allow":["GET"]}}],"collection":[{"href":"https:\/\/univet.hu\/hu\/wp-json\/wp\/v2\/pages"}],"about":[{"href":"https:\/\/univet.hu\/hu\/wp-json\/wp\/v2\/types\/page"}],"author":[{"embeddable":true,"href":"https:\/\/univet.hu\/hu\/wp-json\/wp\/v2\/users\/3837"}],"replies":[{"embeddable":true,"href":"https:\/\/univet.hu\/hu\/wp-json\/wp\/v2\/comments?post=10418"}],"version-history":[{"count":1,"href":"https:\/\/univet.hu\/hu\/wp-json\/wp\/v2\/pages\/10418\/revisions"}],"predecessor-version":[{"id":190039,"href":"https:\/\/univet.hu\/hu\/wp-json\/wp\/v2\/pages\/10418\/revisions\/190039"}],"up":[{"embeddable":true,"href":"https:\/\/univet.hu\/hu\/wp-json\/wp\/v2\/pages\/677"}],"wp:attachment":[{"href":"https:\/\/univet.hu\/hu\/wp-json\/wp\/v2\/media?parent=10418"}],"wp:term":[{"taxonomy":"category","embeddable":true,"href":"https:\/\/univet.hu\/hu\/wp-json\/wp\/v2\/categories?post=10418"},{"taxonomy":"post_tag","embeddable":true,"href":"https:\/\/univet.hu\/hu\/wp-json\/wp\/v2\/tags?post=10418"}],"curies":[{"name":"wp","href":"https:\/\/api.w.org\/{rel}","templated":true}]}}