{"id":104189,"date":"2024-10-04T10:10:11","date_gmt":"2024-10-04T08:10:11","guid":{"rendered":"https:\/\/univet.hu\/?page_id=104189"},"modified":"2024-10-07T11:54:34","modified_gmt":"2024-10-07T09:54:34","slug":"orszagos-allategeszsegugyi-verseny","status":"publish","type":"page","link":"https:\/\/univet.hu\/hu\/orszagos-allategeszsegugyi-verseny\/","title":{"rendered":"Orsz\u00e1gos \u00c1llateg\u00e9szs\u00e9g\u00fcgyi Verseny"},"content":{"rendered":"<p>Orsz\u00e1gos \u00c1llateg\u00e9szs\u00e9g\u00fcgyi Verseny<\/p>","protected":false},"excerpt":{"rendered":"<p>Orsz\u00e1gos \u00c1llateg\u00e9szs\u00e9g\u00fcgyi Verseny<\/p>\n","protected":false},"author":5,"featured_media":0,"parent":0,"menu_order":0,"comment_status":"closed","ping_status":"closed","template":"","meta":{"_acf_changed":false,"footnotes":""},"categories":[],"tags":[],"class_list":["post-104189","page","type-page","status-publish","hentry"],"acf":[],"_links":{"self":[{"href":"https:\/\/univet.hu\/hu\/wp-json\/wp\/v2\/pages\/104189","targetHints":{"allow":["GET"]}}],"collection":[{"href":"https:\/\/univet.hu\/hu\/wp-json\/wp\/v2\/pages"}],"about":[{"href":"https:\/\/univet.hu\/hu\/wp-json\/wp\/v2\/types\/page"}],"author":[{"embeddable":true,"href":"https:\/\/univet.hu\/hu\/wp-json\/wp\/v2\/users\/5"}],"replies":[{"embeddable":true,"href":"https:\/\/univet.hu\/hu\/wp-json\/wp\/v2\/comments?post=104189"}],"version-history":[{"count":0,"href":"https:\/\/univet.hu\/hu\/wp-json\/wp\/v2\/pages\/104189\/revisions"}],"wp:attachment":[{"href":"https:\/\/univet.hu\/hu\/wp-json\/wp\/v2\/media?parent=104189"}],"wp:term":[{"taxonomy":"category","embeddable":true,"href":"https:\/\/univet.hu\/hu\/wp-json\/wp\/v2\/categories?post=104189"},{"taxonomy":"post_tag","embeddable":true,"href":"https:\/\/univet.hu\/hu\/wp-json\/wp\/v2\/tags?post=104189"}],"curies":[{"name":"wp","href":"https:\/\/api.w.org\/{rel}","templated":true}]}}