{"id":104191,"date":"2024-10-04T10:20:15","date_gmt":"2024-10-04T08:20:15","guid":{"rendered":"https:\/\/univet.hu\/hu\/orszagos-allategeszsegugyi-verseny\/name\/"},"modified":"2024-10-04T11:13:56","modified_gmt":"2024-10-04T09:13:56","slug":"aktualis","status":"publish","type":"page","link":"https:\/\/univet.hu\/hu\/orszagos-allategeszsegugyi-verseny\/aktualis\/","title":{"rendered":"Aktu\u00e1lis"},"content":{"rendered":"<p>-Felh\u00edv\u00e1s<\/p> <p>-Jelentkez\u00e9s<\/p> <p>-Ha valami fontosabb d\u00e1tum k\u00f6zeleg, arr\u00f3l \u00edrhatunk ide p\u00e1r sort<\/p>","protected":false},"excerpt":{"rendered":"<p>-Felh\u00edv\u00e1s -Jelentkez\u00e9s -Ha valami fontosabb d\u00e1tum k\u00f6zeleg, arr\u00f3l \u00edrhatunk ide p\u00e1r sort<\/p>\n","protected":false},"author":5,"featured_media":0,"parent":104189,"menu_order":0,"comment_status":"open","ping_status":"open","template":"","meta":{"_acf_changed":false,"footnotes":""},"categories":[],"tags":[],"class_list":["post-104191","page","type-page","status-publish","hentry"],"acf":[],"_links":{"self":[{"href":"https:\/\/univet.hu\/hu\/wp-json\/wp\/v2\/pages\/104191","targetHints":{"allow":["GET"]}}],"collection":[{"href":"https:\/\/univet.hu\/hu\/wp-json\/wp\/v2\/pages"}],"about":[{"href":"https:\/\/univet.hu\/hu\/wp-json\/wp\/v2\/types\/page"}],"author":[{"embeddable":true,"href":"https:\/\/univet.hu\/hu\/wp-json\/wp\/v2\/users\/5"}],"replies":[{"embeddable":true,"href":"https:\/\/univet.hu\/hu\/wp-json\/wp\/v2\/comments?post=104191"}],"version-history":[{"count":0,"href":"https:\/\/univet.hu\/hu\/wp-json\/wp\/v2\/pages\/104191\/revisions"}],"up":[{"embeddable":true,"href":"https:\/\/univet.hu\/hu\/wp-json\/wp\/v2\/pages\/104189"}],"wp:attachment":[{"href":"https:\/\/univet.hu\/hu\/wp-json\/wp\/v2\/media?parent=104191"}],"wp:term":[{"taxonomy":"category","embeddable":true,"href":"https:\/\/univet.hu\/hu\/wp-json\/wp\/v2\/categories?post=104191"},{"taxonomy":"post_tag","embeddable":true,"href":"https:\/\/univet.hu\/hu\/wp-json\/wp\/v2\/tags?post=104191"}],"curies":[{"name":"wp","href":"https:\/\/api.w.org\/{rel}","templated":true}]}}