{"id":104198,"date":"2024-10-04T11:04:20","date_gmt":"2024-10-04T09:04:20","guid":{"rendered":"https:\/\/univet.hu\/hu\/orszagos-allategeszsegugyi-verseny\/name\/"},"modified":"2024-10-04T11:14:43","modified_gmt":"2024-10-04T09:14:43","slug":"kapcsolat","status":"publish","type":"page","link":"https:\/\/univet.hu\/hu\/orszagos-allategeszsegugyi-verseny\/kapcsolat\/","title":{"rendered":"Kapcsolat"},"content":{"rendered":"<p>-Email c\u00edm<\/p> <p>-Telefonsz\u00e1m<\/p> <p>-K\u00f6z\u00f6ss\u00e9gi m\u00e9dia<\/p>","protected":false},"excerpt":{"rendered":"<p>-Email c\u00edm -Telefonsz\u00e1m -K\u00f6z\u00f6ss\u00e9gi m\u00e9dia<\/p>\n","protected":false},"author":5,"featured_media":0,"parent":104189,"menu_order":0,"comment_status":"open","ping_status":"open","template":"","meta":{"_acf_changed":false,"footnotes":""},"categories":[],"tags":[],"class_list":["post-104198","page","type-page","status-publish","hentry"],"acf":[],"_links":{"self":[{"href":"https:\/\/univet.hu\/hu\/wp-json\/wp\/v2\/pages\/104198","targetHints":{"allow":["GET"]}}],"collection":[{"href":"https:\/\/univet.hu\/hu\/wp-json\/wp\/v2\/pages"}],"about":[{"href":"https:\/\/univet.hu\/hu\/wp-json\/wp\/v2\/types\/page"}],"author":[{"embeddable":true,"href":"https:\/\/univet.hu\/hu\/wp-json\/wp\/v2\/users\/5"}],"replies":[{"embeddable":true,"href":"https:\/\/univet.hu\/hu\/wp-json\/wp\/v2\/comments?post=104198"}],"version-history":[{"count":0,"href":"https:\/\/univet.hu\/hu\/wp-json\/wp\/v2\/pages\/104198\/revisions"}],"up":[{"embeddable":true,"href":"https:\/\/univet.hu\/hu\/wp-json\/wp\/v2\/pages\/104189"}],"wp:attachment":[{"href":"https:\/\/univet.hu\/hu\/wp-json\/wp\/v2\/media?parent=104198"}],"wp:term":[{"taxonomy":"category","embeddable":true,"href":"https:\/\/univet.hu\/hu\/wp-json\/wp\/v2\/categories?post=104198"},{"taxonomy":"post_tag","embeddable":true,"href":"https:\/\/univet.hu\/hu\/wp-json\/wp\/v2\/tags?post=104198"}],"curies":[{"name":"wp","href":"https:\/\/api.w.org\/{rel}","templated":true}]}}