{"id":104207,"date":"2024-10-04T11:16:13","date_gmt":"2024-10-04T09:16:13","guid":{"rendered":"https:\/\/univet.hu\/hu\/orszagos-allategeszsegugyi-verseny\/name\/"},"modified":"2024-10-04T11:17:12","modified_gmt":"2024-10-04T09:17:12","slug":"dokumentumok","status":"publish","type":"page","link":"https:\/\/univet.hu\/hu\/orszagos-allategeszsegugyi-verseny\/dokumentumok\/","title":{"rendered":"Dokumentumok"},"content":{"rendered":"<p>Versenyszab\u00e1lyzat<\/p> <p>Adatkezel\u00e9si t\u00e1j\u00e9koztat\u00f3<\/p> <p>Versenyz\u0151i kisokos<\/p>","protected":false},"excerpt":{"rendered":"<p>Versenyszab\u00e1lyzat Adatkezel\u00e9si t\u00e1j\u00e9koztat\u00f3 Versenyz\u0151i kisokos<\/p>\n","protected":false},"author":5,"featured_media":0,"parent":104189,"menu_order":0,"comment_status":"open","ping_status":"open","template":"","meta":{"_acf_changed":false,"footnotes":""},"categories":[],"tags":[],"class_list":["post-104207","page","type-page","status-publish","hentry"],"acf":[],"_links":{"self":[{"href":"https:\/\/univet.hu\/hu\/wp-json\/wp\/v2\/pages\/104207","targetHints":{"allow":["GET"]}}],"collection":[{"href":"https:\/\/univet.hu\/hu\/wp-json\/wp\/v2\/pages"}],"about":[{"href":"https:\/\/univet.hu\/hu\/wp-json\/wp\/v2\/types\/page"}],"author":[{"embeddable":true,"href":"https:\/\/univet.hu\/hu\/wp-json\/wp\/v2\/users\/5"}],"replies":[{"embeddable":true,"href":"https:\/\/univet.hu\/hu\/wp-json\/wp\/v2\/comments?post=104207"}],"version-history":[{"count":0,"href":"https:\/\/univet.hu\/hu\/wp-json\/wp\/v2\/pages\/104207\/revisions"}],"up":[{"embeddable":true,"href":"https:\/\/univet.hu\/hu\/wp-json\/wp\/v2\/pages\/104189"}],"wp:attachment":[{"href":"https:\/\/univet.hu\/hu\/wp-json\/wp\/v2\/media?parent=104207"}],"wp:term":[{"taxonomy":"category","embeddable":true,"href":"https:\/\/univet.hu\/hu\/wp-json\/wp\/v2\/categories?post=104207"},{"taxonomy":"post_tag","embeddable":true,"href":"https:\/\/univet.hu\/hu\/wp-json\/wp\/v2\/tags?post=104207"}],"curies":[{"name":"wp","href":"https:\/\/api.w.org\/{rel}","templated":true}]}}