{"id":10421,"date":"1970-01-01T00:00:00","date_gmt":"1969-12-31T23:00:00","guid":{"rendered":"http:\/\/univet.hu\/oktatas\/kurzusok\/allattenyesztestan\/"},"modified":"2023-08-31T21:50:37","modified_gmt":"2023-08-31T19:50:37","slug":"allattenyesztestan","status":"publish","type":"page","link":"https:\/\/univet.hu\/hu\/oktatas\/kurzusok\/allattenyesztestan\/","title":{"rendered":"\u00c1llatteny\u00e9szt\u00e9stan"},"content":{"rendered":"<p><strong>Tant\u00e1rgyfelel\u0151s:<\/strong> Dr. G\u00e1sp\u00e1rdy Andr\u00e1s <strong>El\u0151ad\u00f3k:<\/strong> Dr. G\u00e1sp\u00e1rdy Andr\u00e1s, Dr. Mar\u00f3ti-Ag\u00f3ts \u00c1kos, Dr. Zenke Petra, Dr.Korbacska-Kutasi Orsolya<br \/> <strong>El\u0151k\u00f6vetelm\u00e9ny:<\/strong> \u00c1llatorvosi genetika<\/p> <p>Tananyag: a h\u00e1zi\u00e1llatok teny\u00e9szt\u00e9se keret\u00e9ben a legfontosabb eml\u0151s h\u00e1zi\u00e1llatok, \u00edgy a l\u00f3, a szarvasmarha, a juh, a kecske, a sert\u00e9s, a kutya \u00e9s a macska, tov\u00e1bb\u00e1 a ty\u00fak, a pulyka, a v\u00edzi- \u00e9s m\u00e1s baromfifajok speci\u00e1lis \u00e9rt\u00e9km\u00e9r\u0151 tulajdons\u00e1gaival, teny\u00e9sz\u00e9rt\u00e9k\u00e9vel, fajt\u00e1ival, teny\u00e9szt\u00e9si \u00e9s \u00e1llattart\u00e1si rendszereivel \u00e9s technol\u00f3gi\u00e1ival foglalkozunk.<br \/> Al\u00e1\u00edr\u00e1s megszerz\u00e9se: gyakorlatok l\u00e1togat\u00e1sa, \u00e9vk\u00f6zi Alap\u00e9rt\u00e9k ZH sikeres teljes\u00edt\u00e9se<\/p> <p><strong>\u00c1llatteny\u00e9szt\u00e9stan (2023\/24. tan\u00e9v 1. f\u00e9l\u00e9v)<\/strong><\/p> <p><strong>(5. szemeszter, 42 \u00f3ra el\u0151ad\u00e1s, 28 \u00f3ra gyakorlat) 3. \u00e9vfoly.<\/strong><\/p> <p><strong>\u00a0<\/strong><\/p> <table width=\"684\"> <tbody> <tr> <td width=\"35\">H\u00e9t<\/td> <td width=\"86\">D\u00e1tum<\/td> <td colspan=\"2\" width=\"259\"><strong>El\u0151ad\u00e1s<\/strong> (2+1 \u00f3ra\/h\u00e9t)<\/td> <td width=\"66\">D\u00e1tum<\/td> <td width=\"238\"><strong>Plen\u00e1ris gyakorlat<\/strong><\/td> <\/tr> <tr> <td width=\"35\">1.<\/td> <td width=\"86\"> <p>09.05.<\/p> <p>&nbsp;<\/td> <td colspan=\"2\" width=\"259\"> <p><strong>G.A.:<\/strong> L\u00f3- \u00e9s szam\u00e1rteny\u00e9szt\u00e9s bevezet\u00e9s, evol\u00faci\u00f3, h\u00e1zias\u00edt\u00e1s (1<sup>h<\/sup>)<\/p> <p><strong>G.A.:<\/strong> A l\u00f3 haszn\u00e1lata (2<sup>h<\/sup>)<\/td> <td width=\"66\"> <p>09.04. 5-8<\/p> <p>09.05. 1-4<\/p> <p>&nbsp;<\/td> <td width=\"238\"><strong>G.A.:<\/strong> \u00c9letkormeghat\u00e1roz\u00e1s<\/td> <\/tr> <tr> <td width=\"35\">2.<\/td> <td width=\"86\"> <p>09.12.<\/p> <p>&nbsp;<\/td> <td colspan=\"2\" width=\"259\"> <p><strong>G.A.:<\/strong> A l\u00f3 sz\u00edn\u00f6r\u00f6kl\u00e9se \u00e9s genotipiz\u00e1l\u00e1s (1<sup>h<\/sup><strong>)<\/strong><\/p> <p><strong>M.\u00c1.:<\/strong> L\u00f3fajt\u00e1k, nemes\u00edt\u00e9s\u00fck \u00e9s teny\u00e9szt\u00e9si elj\u00e1r\u00e1sok (2<sup>h<\/sup>)<\/td> <td width=\"66\"> <p>09.11. 5-8<\/p> <p>09.12. 1-4<\/p> <p>&nbsp;<\/td> <td width=\"238\"><strong>M.\u00c1.: <\/strong>A tejhaszn\u00fa szarvasmarha fajt\u00e1k \u00e9s felismer\u00e9s\u00fck<\/td> <\/tr> <tr> <td width=\"35\">3.<\/td> <td width=\"86\">09.19.<\/td> <td colspan=\"2\" width=\"259\"> <p><strong>K.O.<\/strong>: L\u00f3 \u00e9rt\u00e9km\u00e9r\u0151k, teny\u00e9sz\u00e9rt\u00e9k (1<sup>h<\/sup>)<\/p> <p><strong>G.A.: <\/strong>Szarvasmarha-teny\u00e9szt\u00e9s bevezet\u00e9s, tejtermel\u00e9si \u00e9rt\u00e9km\u00e9r\u0151k (2<sup>h<\/sup>)<\/td> <td width=\"66\"> <p>09.18. 5-8<\/p> <p>09.19. 1-4<\/td> <td width=\"238\"><strong>K.O.:<\/strong> L\u00f3teny\u00e9szt\u00e9s, csik\u00f3nevel\u00e9s, tart\u00e1si k\u00f6r\u00fclm\u00e9nyek<\/td> <\/tr> <tr> <td width=\"35\">4.<\/td> <td width=\"86\">09.26.<\/td> <td colspan=\"2\" width=\"259\"> <p><strong>Dr J\u00e1rmy Mikl\u00f3s: <\/strong>A sportl\u00f3teny\u00e9szt\u00e9s \u00e9s versenyz\u00e9s gyakorlata (1<sup>h<\/sup>)<\/p> <p><strong>M.\u00c1.:<\/strong> H\u00fashaszn\u00fa szmarha \u00e9rt\u00e9km\u00e9r\u0151k (2<sup>h<\/sup>)<\/td> <td width=\"66\"> <p>09.25. 5-8<\/p> <p>09.26. 1-4<\/p> <p>&nbsp;<\/td> <td width=\"238\"><strong>M.\u00c1.:<\/strong> Kett\u0151s- \u00e9s h\u00fashaszn\u00fa szarvasmarhafajt\u00e1k \u00e9s felismer\u00e9s\u00fck<\/td> <\/tr> <tr> <td width=\"35\">5.<\/td> <td width=\"86\">10.03.<\/td> <td colspan=\"2\" width=\"259\"> <p><strong>G.A.:<\/strong> Tejtermel\u00e9si \u00e9rt\u00e9km\u00e9r\u0151k (1<sup>h<\/sup>)<\/p> <p><strong>G.A.: <\/strong>Tejhaszn\u00fa szarvasmarha teny\u00e9sz\u00e9rt\u00e9k-becsl\u00e9se (2<sup>h<\/sup>)<\/td> <td width=\"66\"> <p>10.02 5-8<\/p> <p>10.03. 1-4<\/td> <td width=\"238\"><strong>G.A.:<\/strong> Tejhaszn\u00fa szm. technol\u00f3gi\u00e1ja, tejtermel\u00e9se \u00e9s higi\u00e9ni\u00e1ja<\/td> <\/tr> <tr> <td width=\"35\">6.<\/td> <td width=\"86\">10.10.<\/td> <td colspan=\"2\" width=\"259\"> <p><strong>G.A.:<\/strong> H\u00fashaszn\u00fa szarvasmarha teny\u00e9sz\u00e9rt\u00e9k-becsl\u00e9se (1<sup>h<\/sup>)<\/p> <p><strong>G.A.:<\/strong> Szarvasmarha-teny\u00e9szt\u00e9si elj\u00e1r\u00e1sok (2<sup>h<\/sup>)<\/td> <td width=\"66\"> <p>10.09. 5-8<\/p> <p>10.10. 1-4<\/td> <td width=\"238\"><strong>M.\u00c1.:<\/strong> H\u00fashaszn\u00fa szarvasmarha technol\u00f3gi\u00e1ja<\/td> <\/tr> <tr> <td width=\"35\">7.<\/td> <td width=\"86\">10.17.<\/td> <td colspan=\"2\" width=\"259\"><strong>G.A.:<\/strong> Juh- \u00e9s kecsketeny\u00e9szt\u00e9s bevezet\u00e9s (1<sup>h<\/sup>)<strong> G.A.: <\/strong>Juh- \u00e9s kecske \u00e9rt\u00e9km\u00e9r\u0151k (2<sup>h<\/sup>)<\/td> <td width=\"66\"> <p>10.16. 5-8<\/p> <p>10.17. 1-4<\/td> <td width=\"238\"><strong>G.A.:<\/strong> Juh \u00e9s kecske technol\u00f3gia (2<sup>h<\/sup>)<\/td> <\/tr> <tr> <td width=\"35\">8.<\/td> <td width=\"86\"> <p>10.24.<\/p> <p><span style=\"text-decoration: line-through;\">\u00a0<\/span><\/td> <td colspan=\"2\" width=\"259\"> <p><strong>G.A<\/strong>.: Juh \u00e9s kecske fajt\u00e1k \u00e9s -teny\u00e9szt\u00e9si elj\u00e1r\u00e1sok (1h)<\/p> <p><strong>G.A.:<\/strong> A szarvasmarha, juh- \u00e9s a kecske szapor\u00edt\u00e1sa, \u00f6r\u00f6kl\u0151d\u0151 hib\u00e1k \u00e9s betegs\u00e9gek (2<sup>h<\/sup>)<\/td> <td width=\"66\"> <p>10.23. 5-8<\/p> <p>10.24. 1-4<\/td> <td width=\"238\"><strong>G.A.:<\/strong> Gyapj\u00faismeret \u00e9s b\u00edr\u00e1lat<\/td> <\/tr> <tr> <td width=\"35\">9.<\/td> <td width=\"86\">10.30-11.03<\/td> <td colspan=\"2\" width=\"259\"><strong>REKTORI SZ\u00dcNET<\/strong><\/td> <td width=\"66\">&nbsp;<\/td> <td width=\"238\"><strong>REKTORI SZ\u00dcNET<\/strong><\/td> <\/tr> <tr> <td width=\"35\">10.<\/td> <td width=\"86\">11.07<\/td> <td colspan=\"2\" width=\"259\"> <p><strong>G.A.:<\/strong> Sert\u00e9steny\u00e9szt\u00e9s bevezet\u00e9s (1<sup>h<\/sup>)<\/p> <p><strong>G.A.:<\/strong> Sert\u00e9s \u00e9rt\u00e9km\u00e9r\u0151k, teny\u00e9sz\u00e9rt\u00e9k-becsl\u00e9s (2<sup>h<\/sup>)<\/td> <td width=\"66\"> <p>11.06. 5-8<\/p> <p>11.07. 1-4<\/td> <td width=\"238\"><strong>Z.P.:<\/strong> Sert\u00e9sfajt\u00e1k \u00e9s felismer\u00e9s\u00fck<\/td> <\/tr> <tr> <td width=\"35\">11.<\/td> <td width=\"86\">11.14.<\/td> <td colspan=\"2\" width=\"259\"> <p><strong>G.A.:<\/strong> A sert\u00e9s szapor\u00edt\u00e1sa, \u00f6r\u00f6kl\u0151d\u0151 hib\u00e1k \u00e9s betegs\u00e9gek (1<sup>h<\/sup>)<\/p> <p><strong>Z.P.:<\/strong> Sert\u00e9steny\u00e9szt\u00e9si elj\u00e1r\u00e1sok (2<sup>h<\/sup>)<\/td> <td width=\"66\"> <p>11.13. 5-8<\/p> <p>11.14. 1-4<\/td> <td width=\"238\"><strong>G.A.:<\/strong> Sert\u00e9stechnol\u00f3gia<\/td> <\/tr> <tr> <td width=\"35\">12.<\/td> <td width=\"86\"> <p>11.21.<\/p> <p>&nbsp;<\/td> <td colspan=\"2\" width=\"259\"> <p><strong>M.\u00c1.:<\/strong> Kutyateny\u00e9szt\u00e9si ismeretek (1<sup>h<\/sup>)<\/p> <p><strong>Dr. St\u00e1jer Attila<\/strong>: Szolg\u00e1lati kuty\u00e1k a rend\u0151rs\u00e9gn\u00e9l(2<sup>h<\/sup>)<\/td> <td width=\"66\">11.20.5-8. 11.21. 1-4<\/td> <td width=\"238\"><strong>M.\u00c1:<\/strong> Kutyafajt\u00e1k \u00e9s felismer\u00e9s\u00fck<\/td> <\/tr> <tr> <td width=\"35\">13.<\/td> <td width=\"86\">11.28.<\/td> <td colspan=\"2\" width=\"259\"> <p><strong>M.\u00c1.:<\/strong> Macskateny\u00e9szt\u00e9si ismeretek (1<sup>h<\/sup>)<\/p> <p><strong>M.\u00c1.: <\/strong>A macska szapor\u00edt\u00e1sa, \u00f6r\u00f6kl\u0151d\u0151 hib\u00e1k \u00e9s betegs\u00e9gek (2<sup>h<\/sup>)<\/td> <td width=\"66\"> <p>11.27. 5-8<\/p> <p>11.28. 1-4<\/td> <td width=\"238\"><strong>M.\u00c1<\/strong>: Macskafajt\u00e1k \u00e9s felismer\u00e9s\u00fck<\/td> <\/tr> <tr> <td width=\"35\">14.<\/td> <td width=\"86\">12.05.<\/td> <td colspan=\"2\" width=\"259\"> <p><strong>G.A.:<\/strong> Bevezet\u00e9s a ty\u00fakteny\u00e9szt\u00e9sbe (toj\u00e1stermel\u00e9s) (1+1<sup>h<\/sup>)<\/p> <p><strong>K.L.:<\/strong> Ty\u00fakteny\u00e9szt\u00e9s (pecsenyecsirke-termel\u00e9s) (1<sup>h<\/sup>)<\/td> <td width=\"66\"> <p>12.04. 5-8<\/p> <p>12.05. 1-4<\/td> <td width=\"238\"><strong>G.A.:<\/strong> Ty\u00faktart\u00e1si technol\u00f3gia, fajt\u00e1k, hibridek \u00e9s felismer\u00e9s\u00fck<\/td> <\/tr> <tr> <td width=\"35\">15.<\/td> <td width=\"86\"> <p>12.12.<\/p> <p>&nbsp;<\/td> <td colspan=\"2\" width=\"259\"> <p><strong>Z.P.: <\/strong>Pulyka- \u00e9s galambteny\u00e9szt\u00e9s (1<sup>h<\/sup>)<\/p> <p><strong>Z.P.:<\/strong>V\u00edzi sz\u00e1rnyasok (kacsa, liba) teny\u00e9szt\u00e9se (2<sup>h<\/sup>)<\/td> <td width=\"66\"> <p>12.11. 5-8<\/p> <p>12.12. 1-4<\/td> <td width=\"238\"><strong>Z.P<\/strong>.: V\u00edzi sz\u00e1rnyas, pulyka \u00e9s galamb technol\u00f3gia, fajt\u00e1k, hibridek \u00e9s felismer\u00e9s\u00fck<\/td> <\/tr> <tr> <td colspan=\"3\" width=\"348\"> <p><strong>G.A.<\/strong>: Assoc. Prof. G\u00e1sp\u00e1rdy Andr\u00e1s, tansz\u00e9kvezet\u0151,<\/p> <p><strong>M.\u00c1.<\/strong>: Assoc. Prof. Mar\u00f3ti-Ag\u00f3ts \u00c1kos, \u00e9vfolyamfelel\u0151s<\/p> <p>&nbsp;<\/td> <td colspan=\"3\" width=\"336\"> <p><strong>Z<\/strong>.<strong>P.<\/strong>: dr. Zenke Petra, tud. f\u0151 mts.<\/p> <p><strong>K.O<\/strong>.: Assoc. Prof. Kutasi Orsolya<\/p> <p><strong>K.L.<\/strong>: dr. K\u0151r\u00f6si L\u00e1szl\u00f3 c\u00edmzetes egy. doc.<\/td> <\/tr> <tr> <td width=\"35\"><\/td> <td width=\"86\"><\/td> <td width=\"227\"><\/td> <td width=\"32\"><\/td> <td width=\"66\"><\/td> <td width=\"238\"><\/td> <\/tr> <\/tbody> <\/table> <p>&nbsp;<\/p> <p>10.23. \u00fcnnep 5-8 csop. gyakorlat elmarad<\/p> <p>F\u00e9l\u00e9vk\u00f6zi Alapadatok Zh! 2023. november 20-23. 9:00-14:30 J-III<\/p>","protected":false},"excerpt":{"rendered":"<p>Tant\u00e1rgyfelel\u0151s: Dr. G\u00e1sp\u00e1rdy Andr\u00e1s El\u0151ad\u00f3k: Dr. G\u00e1sp\u00e1rdy Andr\u00e1s, Dr. Mar\u00f3ti-Ag\u00f3ts \u00c1kos, Dr. Zenke Petra, Dr.Korbacska-Kutasi Orsolya El\u0151k\u00f6vetelm\u00e9ny: \u00c1llatorvosi genetika Tananyag: a h\u00e1zi\u00e1llatok teny\u00e9szt\u00e9se keret\u00e9ben a legfontosabb eml\u0151s h\u00e1zi\u00e1llatok, \u00edgy a l\u00f3, a szarvasmarha, a juh, a kecske, a sert\u00e9s, a kutya \u00e9s a macska, tov\u00e1bb\u00e1 a ty\u00fak, a pulyka, a v\u00edzi- \u00e9s m\u00e1s baromfifajok speci\u00e1lis<\/p>\n","protected":false},"author":3837,"featured_media":0,"parent":677,"menu_order":164,"comment_status":"closed","ping_status":"closed","template":"","meta":{"_acf_changed":false,"footnotes":""},"categories":[],"tags":[],"class_list":["post-10421","page","type-page","status-publish","hentry"],"acf":[],"_links":{"self":[{"href":"https:\/\/univet.hu\/hu\/wp-json\/wp\/v2\/pages\/10421","targetHints":{"allow":["GET"]}}],"collection":[{"href":"https:\/\/univet.hu\/hu\/wp-json\/wp\/v2\/pages"}],"about":[{"href":"https:\/\/univet.hu\/hu\/wp-json\/wp\/v2\/types\/page"}],"author":[{"embeddable":true,"href":"https:\/\/univet.hu\/hu\/wp-json\/wp\/v2\/users\/3837"}],"replies":[{"embeddable":true,"href":"https:\/\/univet.hu\/hu\/wp-json\/wp\/v2\/comments?post=10421"}],"version-history":[{"count":0,"href":"https:\/\/univet.hu\/hu\/wp-json\/wp\/v2\/pages\/10421\/revisions"}],"up":[{"embeddable":true,"href":"https:\/\/univet.hu\/hu\/wp-json\/wp\/v2\/pages\/677"}],"wp:attachment":[{"href":"https:\/\/univet.hu\/hu\/wp-json\/wp\/v2\/media?parent=10421"}],"wp:term":[{"taxonomy":"category","embeddable":true,"href":"https:\/\/univet.hu\/hu\/wp-json\/wp\/v2\/categories?post=10421"},{"taxonomy":"post_tag","embeddable":true,"href":"https:\/\/univet.hu\/hu\/wp-json\/wp\/v2\/tags?post=10421"}],"curies":[{"name":"wp","href":"https:\/\/api.w.org\/{rel}","templated":true}]}}