{"id":10422,"date":"1970-01-01T00:00:00","date_gmt":"1969-12-31T23:00:00","guid":{"rendered":"http:\/\/univet.hu\/oktatas\/kurzusok\/allatvedelem\/"},"modified":"2026-01-15T10:22:17","modified_gmt":"2026-01-15T09:22:17","slug":"allatvedelem","status":"publish","type":"page","link":"https:\/\/univet.hu\/hu\/oktatas\/kurzusok\/allatvedelem\/","title":{"rendered":"\u00c1llatv\u00e9delem"},"content":{"rendered":"<p><strong>Tant\u00e1rgyfelel\u0151s:<\/strong><br \/> Dr. habil Fodor Kinga Ph.D.,<br \/> Tansz\u00e9kvezet\u0151 egyetemi docens<\/p> <p><strong>El\u0151ad\u00f3k:<\/strong><br \/> \u2022 Dr. Fodor Kinga, tansz\u00e9kvezet\u0151 egyetemi docens<br \/> \u2022 Dr. Kors\u00f3s Gabriella, PhD hallgat\u00f3, tudom\u00e1nyos seg\u00e9dmunkat\u00e1rs<br \/> \u2022 Dr. Kiss Annam\u00e1ria, PhD hallgat\u00f3, int\u00e9zeti \u00e1llatorvos<\/p> <p><strong>\u00dcgyint\u00e9z\u0151:<\/strong><br \/> \u2022 S\u00e9nyi Krisztina, tansz\u00e9ki \u00fcgyint\u00e9z\u0151<\/p>","protected":false},"excerpt":{"rendered":"<p>Tant\u00e1rgyfelel\u0151s: Dr. habil Fodor Kinga Ph.D., Tansz\u00e9kvezet\u0151 egyetemi docens El\u0151ad\u00f3k: \u2022 Dr. Fodor Kinga, tansz\u00e9kvezet\u0151 egyetemi docens \u2022 Dr. Kors\u00f3s Gabriella, PhD hallgat\u00f3, tudom\u00e1nyos seg\u00e9dmunkat\u00e1rs \u2022 Dr. Kiss Annam\u00e1ria, PhD hallgat\u00f3, int\u00e9zeti \u00e1llatorvos \u00dcgyint\u00e9z\u0151: \u2022 S\u00e9nyi Krisztina, tansz\u00e9ki \u00fcgyint\u00e9z\u0151<\/p>\n","protected":false},"author":3837,"featured_media":0,"parent":677,"menu_order":164,"comment_status":"closed","ping_status":"closed","template":"","meta":{"_acf_changed":false,"footnotes":""},"categories":[],"tags":[],"class_list":["post-10422","page","type-page","status-publish","hentry"],"acf":[],"_links":{"self":[{"href":"https:\/\/univet.hu\/hu\/wp-json\/wp\/v2\/pages\/10422","targetHints":{"allow":["GET"]}}],"collection":[{"href":"https:\/\/univet.hu\/hu\/wp-json\/wp\/v2\/pages"}],"about":[{"href":"https:\/\/univet.hu\/hu\/wp-json\/wp\/v2\/types\/page"}],"author":[{"embeddable":true,"href":"https:\/\/univet.hu\/hu\/wp-json\/wp\/v2\/users\/3837"}],"replies":[{"embeddable":true,"href":"https:\/\/univet.hu\/hu\/wp-json\/wp\/v2\/comments?post=10422"}],"version-history":[{"count":2,"href":"https:\/\/univet.hu\/hu\/wp-json\/wp\/v2\/pages\/10422\/revisions"}],"predecessor-version":[{"id":197911,"href":"https:\/\/univet.hu\/hu\/wp-json\/wp\/v2\/pages\/10422\/revisions\/197911"}],"up":[{"embeddable":true,"href":"https:\/\/univet.hu\/hu\/wp-json\/wp\/v2\/pages\/677"}],"wp:attachment":[{"href":"https:\/\/univet.hu\/hu\/wp-json\/wp\/v2\/media?parent=10422"}],"wp:term":[{"taxonomy":"category","embeddable":true,"href":"https:\/\/univet.hu\/hu\/wp-json\/wp\/v2\/categories?post=10422"},{"taxonomy":"post_tag","embeddable":true,"href":"https:\/\/univet.hu\/hu\/wp-json\/wp\/v2\/tags?post=10422"}],"curies":[{"name":"wp","href":"https:\/\/api.w.org\/{rel}","templated":true}]}}