{"id":10423,"date":"1970-01-01T00:00:00","date_gmt":"1969-12-31T23:00:00","guid":{"rendered":"http:\/\/univet.hu\/oktatas\/kurzusok\/altalanos-biogeografia-es-allatfoldrajz-1-biologia-bsc\/"},"modified":"2018-09-07T15:36:10","modified_gmt":"2018-09-07T13:36:10","slug":"altalanos-biogeografia-es-allatfoldrajz-1-biologia-bsc","status":"publish","type":"page","link":"https:\/\/univet.hu\/hu\/oktatas\/kurzusok\/altalanos-biogeografia-es-allatfoldrajz-1-biologia-bsc\/","title":{"rendered":"\u00c1ltal\u00e1nos biogeogr\u00e1fia \u00e9s \u00e1llatf\u00f6ldrajz 1. &#8211; biol\u00f3gia BSc"},"content":{"rendered":"<p>tant&aacute;rgyfelel\u0151s: Dr. Hornung Erzs&eacute;bet<\/p> <p>&nbsp;<\/p> <p>A fajok keletkez&eacute;s&eacute;nek, elterjed&eacute;s&eacute;nek, &eacute;let&eacute;nek &aacute;ltal&aacute;nos t&ouml;rv&eacute;nyszer\u0171s&eacute;gei, az evol&uacute;ci&oacute;s, f&ouml;ldt&ouml;rt&eacute;neti v&aacute;ltoz&aacute;sok, &ouml;kol&oacute;giai t&eacute;nyez\u0151k &eacute;s a fajok f&ouml;ldfelsz&iacute;ni eloszl&aacute;s&aacute;nak &ouml;sszef&uuml;gg&eacute;sei. A biogeogr&aacute;fia &aacute;ltal&aacute;nos t&ouml;rv&eacute;nyszer\u0171s&eacute;gei, alapfogalmak &eacute;s &ouml;sszef&uuml;gg&eacute;sek. Az &aacute;llatf&ouml;ldrajz r&eacute;szben a kor&aacute;bban megszerzett ismeretek alkalmaz&aacute;s&aacute;t ismertetj&uuml;k konr&eacute;t p&eacute;ld&aacute;kon kereszt&uuml;l. Az &aacute;llatok f&ouml;ldfelsz&iacute;ni eloszl&aacute;s&aacute;nak magyar&aacute;zata evol&uacute;ci&oacute;s, f&ouml;ldt&ouml;rt&eacute;neti, &ouml;kol&oacute;giai okokra vezethet\u0151 vissza. Az el\u0151ad&aacute;s keretein bel&uuml;l az &aacute;llatok sz&eacute;tterjed&eacute;s&eacute;nek k&uuml;ls\u0151-bels\u0151 felt&eacute;teleit, okait, a F&ouml;ld felsz&iacute;n&eacute;nek r&eacute;szletes &aacute;llatf&ouml;ldrajzi feloszt&aacute;s&aacute;t, illetve az egyes egys&eacute;geken bel&uuml;li konkr&eacute;t &eacute;l\u0151vil&aacute;g jellemz\u0151it mutatjuk be.<\/p> <p>K&ouml;telez\u0151 irodalom: &oacute;rai jegyzetek, handout-ok<\/p> <p>Aj&aacute;nlott:<\/p> <p>Varga-R&aacute;cz: &Aacute;llatf&ouml;ldrajz &ndash; Eszterh&aacute;zy K&aacute;roly Tan&aacute;rk&eacute;pz\u0151 F\u0151iskola, Eger, 1996<\/p> <p>Udvardy Mikl&oacute;s: Dinamikus &Aacute;llatf&ouml;ldrajz, Tank&ouml;nyvkiad&oacute;, 1983<\/p> <p>Cox, C. B., Moore P. D. 2010. Biogeography: An Ecological and Evolutionary Approach. 8th edition, Blackwell Publishing<\/p> <p>Lomolino, M. V., B. R. Riddle, R. J. Whittaker and James H. Brown. 2010. Biogeography, 4rd Edition. Sinauer Associates, Inc.<\/p> <p>&nbsp;<\/p> <p>&nbsp;<\/p> <p>&nbsp;<\/p>","protected":false},"excerpt":{"rendered":"<p>tant&aacute;rgyfelel\u0151s: Dr. Hornung Erzs&eacute;bet &nbsp; A fajok keletkez&eacute;s&eacute;nek, elterjed&eacute;s&eacute;nek, &eacute;let&eacute;nek &aacute;ltal&aacute;nos t&ouml;rv&eacute;nyszer\u0171s&eacute;gei, az evol&uacute;ci&oacute;s, f&ouml;ldt&ouml;rt&eacute;neti v&aacute;ltoz&aacute;sok, &ouml;kol&oacute;giai t&eacute;nyez\u0151k &eacute;s a fajok f&ouml;ldfelsz&iacute;ni eloszl&aacute;s&aacute;nak &ouml;sszef&uuml;gg&eacute;sei. A biogeogr&aacute;fia &aacute;ltal&aacute;nos t&ouml;rv&eacute;nyszer\u0171s&eacute;gei, alapfogalmak &eacute;s &ouml;sszef&uuml;gg&eacute;sek. Az &aacute;llatf&ouml;ldrajz r&eacute;szben a kor&aacute;bban megszerzett ismeretek alkalmaz&aacute;s&aacute;t ismertetj&uuml;k konr&eacute;t p&eacute;ld&aacute;kon kereszt&uuml;l. Az &aacute;llatok f&ouml;ldfelsz&iacute;ni eloszl&aacute;s&aacute;nak magyar&aacute;zata evol&uacute;ci&oacute;s, f&ouml;ldt&ouml;rt&eacute;neti, &ouml;kol&oacute;giai okokra vezethet\u0151 vissza. Az<\/p>\n","protected":false},"author":3837,"featured_media":0,"parent":677,"menu_order":164,"comment_status":"closed","ping_status":"closed","template":"","meta":{"_acf_changed":false,"footnotes":""},"categories":[],"tags":[],"class_list":["post-10423","page","type-page","status-publish","hentry"],"acf":[],"_links":{"self":[{"href":"https:\/\/univet.hu\/hu\/wp-json\/wp\/v2\/pages\/10423","targetHints":{"allow":["GET"]}}],"collection":[{"href":"https:\/\/univet.hu\/hu\/wp-json\/wp\/v2\/pages"}],"about":[{"href":"https:\/\/univet.hu\/hu\/wp-json\/wp\/v2\/types\/page"}],"author":[{"embeddable":true,"href":"https:\/\/univet.hu\/hu\/wp-json\/wp\/v2\/users\/3837"}],"replies":[{"embeddable":true,"href":"https:\/\/univet.hu\/hu\/wp-json\/wp\/v2\/comments?post=10423"}],"version-history":[{"count":0,"href":"https:\/\/univet.hu\/hu\/wp-json\/wp\/v2\/pages\/10423\/revisions"}],"up":[{"embeddable":true,"href":"https:\/\/univet.hu\/hu\/wp-json\/wp\/v2\/pages\/677"}],"wp:attachment":[{"href":"https:\/\/univet.hu\/hu\/wp-json\/wp\/v2\/media?parent=10423"}],"wp:term":[{"taxonomy":"category","embeddable":true,"href":"https:\/\/univet.hu\/hu\/wp-json\/wp\/v2\/categories?post=10423"},{"taxonomy":"post_tag","embeddable":true,"href":"https:\/\/univet.hu\/hu\/wp-json\/wp\/v2\/tags?post=10423"}],"curies":[{"name":"wp","href":"https:\/\/api.w.org\/{rel}","templated":true}]}}