{"id":10424,"date":"1970-01-01T00:00:00","date_gmt":"1969-12-31T23:00:00","guid":{"rendered":"http:\/\/univet.hu\/oktatas\/kurzusok\/altalanos-biogeografia-es-allatfoldrajz-2-biologia-bsc\/"},"modified":"2018-09-07T15:36:10","modified_gmt":"2018-09-07T13:36:10","slug":"altalanos-biogeografia-es-allatfoldrajz-2-biologia-bsc","status":"publish","type":"page","link":"https:\/\/univet.hu\/hu\/oktatas\/kurzusok\/altalanos-biogeografia-es-allatfoldrajz-2-biologia-bsc\/","title":{"rendered":"\u00c1ltal\u00e1nos biogeogr\u00e1fia \u00e9s \u00e1llatf\u00f6ldrajz 2. &#8211; Biol\u00f3gia BSc"},"content":{"rendered":"<p>\u00a0<\/p> <p>tant\u00e1rgyfelel\u0151s: Dr. Hornung Erzs\u00e9bet<\/p> <p>t\u00e1rsoktat\u00f3: Dr. F\u00fcl\u00f6p D\u00e1vid<\/p> <p>Az \u00e1llatok f\u00f6ldfelsz\u00edni eloszl\u00e1s\u00e1nak magyar\u00e1zata evol\u00faci\u00f3s, f\u00f6ldt\u00f6rt\u00e9neti, \u00f6kol\u00f3giai okokra vezethet\u0151 vissza. Az el\u0151ad\u00e1s keretein bel\u00fcl az \u00e1llatok sz\u00e9tterjed\u00e9s\u00e9nek k\u00fcls\u0151-bels\u0151 felt\u00e9teleit, okait, a F\u00f6ld felsz\u00edn\u00e9nek r\u00e9szletes \u00e1llatf\u00f6ldrajzi feloszt\u00e1s\u00e1t, illetve az egyes egys\u00e9geken bel\u00fcli konkr\u00e9t \u00e9l\u0151vil\u00e1g jellemz\u0151it mutatjuk be.<\/p> <p>K\u00f6telez\u0151 irodalom: \u00f3rai jegyzetek, handout-ok<\/p> <p>Aj\u00e1nlott: Varga-R\u00e1cz: \u00c1llatf\u00f6ldrajz \u2013 Eszterh\u00e1zy K\u00e1roly Tan\u00e1rk\u00e9pz\u0151 F\u0151iskola, Eger, 1996<\/p> <p>Udvardy Mikl\u00f3s: Dinamikus \u00c1llatf\u00f6ldrajz, Tank\u00f6nyvkiad\u00f3, 1983<\/p> <p>Cox, C. B., Moore P. D. 2010. Biogeography: An Ecological and Evolutionary Approach. 8th edition, Blackwell Publishing<\/p> <p>Lomolino, M. V., B. R. Riddle, R. J. Whittaker and James H. Brown. 2010. Biogeography, 4rd Edition. Sinauer Associates, Inc.<\/p><\/p>","protected":false},"excerpt":{"rendered":"<p>\u00a0 tant\u00e1rgyfelel\u0151s: Dr. Hornung Erzs\u00e9bet t\u00e1rsoktat\u00f3: Dr. F\u00fcl\u00f6p D\u00e1vid Az \u00e1llatok f\u00f6ldfelsz\u00edni eloszl\u00e1s\u00e1nak magyar\u00e1zata evol\u00faci\u00f3s, f\u00f6ldt\u00f6rt\u00e9neti, \u00f6kol\u00f3giai okokra vezethet\u0151 vissza. Az el\u0151ad\u00e1s keretein bel\u00fcl az \u00e1llatok sz\u00e9tterjed\u00e9s\u00e9nek k\u00fcls\u0151-bels\u0151 felt\u00e9teleit, okait, a F\u00f6ld felsz\u00edn\u00e9nek r\u00e9szletes \u00e1llatf\u00f6ldrajzi feloszt\u00e1s\u00e1t, illetve az egyes egys\u00e9geken bel\u00fcli konkr\u00e9t \u00e9l\u0151vil\u00e1g jellemz\u0151it mutatjuk be. K\u00f6telez\u0151 irodalom: \u00f3rai jegyzetek, handout-ok Aj\u00e1nlott: Varga-R\u00e1cz: \u00c1llatf\u00f6ldrajz \u2013<\/p>\n","protected":false},"author":3837,"featured_media":0,"parent":677,"menu_order":164,"comment_status":"closed","ping_status":"closed","template":"","meta":{"_acf_changed":false,"footnotes":""},"categories":[],"tags":[],"class_list":["post-10424","page","type-page","status-publish","hentry"],"acf":[],"_links":{"self":[{"href":"https:\/\/univet.hu\/hu\/wp-json\/wp\/v2\/pages\/10424","targetHints":{"allow":["GET"]}}],"collection":[{"href":"https:\/\/univet.hu\/hu\/wp-json\/wp\/v2\/pages"}],"about":[{"href":"https:\/\/univet.hu\/hu\/wp-json\/wp\/v2\/types\/page"}],"author":[{"embeddable":true,"href":"https:\/\/univet.hu\/hu\/wp-json\/wp\/v2\/users\/3837"}],"replies":[{"embeddable":true,"href":"https:\/\/univet.hu\/hu\/wp-json\/wp\/v2\/comments?post=10424"}],"version-history":[{"count":0,"href":"https:\/\/univet.hu\/hu\/wp-json\/wp\/v2\/pages\/10424\/revisions"}],"up":[{"embeddable":true,"href":"https:\/\/univet.hu\/hu\/wp-json\/wp\/v2\/pages\/677"}],"wp:attachment":[{"href":"https:\/\/univet.hu\/hu\/wp-json\/wp\/v2\/media?parent=10424"}],"wp:term":[{"taxonomy":"category","embeddable":true,"href":"https:\/\/univet.hu\/hu\/wp-json\/wp\/v2\/categories?post=10424"},{"taxonomy":"post_tag","embeddable":true,"href":"https:\/\/univet.hu\/hu\/wp-json\/wp\/v2\/tags?post=10424"}],"curies":[{"name":"wp","href":"https:\/\/api.w.org\/{rel}","templated":true}]}}