{"id":10427,"date":"1970-01-01T00:00:00","date_gmt":"1969-12-31T23:00:00","guid":{"rendered":"http:\/\/univet.hu\/oktatas\/kurzusok\/altalanos-kortan\/"},"modified":"2023-09-08T23:35:45","modified_gmt":"2023-09-08T21:35:45","slug":"altalanos-kortan","status":"publish","type":"page","link":"https:\/\/univet.hu\/hu\/oktatas\/kurzusok\/altalanos-kortan\/","title":{"rendered":"\u00c1ltal\u00e1nos k\u00f3rtan"},"content":{"rendered":"<p>A k\u00f3rbonctan (anatomia pathologica, vagy pathomorphologia) a beteg \u00e9s\/vagy a hib\u00e1s szervezetben kialakul\u00f3 k\u00f3ros alaki (morphologiai) elv\u00e1ltoz\u00e1sok ismeret\u00e9t t\u00e1rgyalja. A tant\u00e1rgy oktat\u00e1s\u00e1nak feladata, hogy a k\u00f3rbonctan \u00e1ltal\u00e1nos alapelemeinek (az \u00e1ltal\u00e1nos k\u00f3rbonctannak, anatomia pathologica generalis) ismeretanyag\u00e1n kereszt\u00fcl vezessen el a r\u00e9szletes k\u00f3rbonctan (anatomia pathologica specialis) szervenk\u00e9nti elv\u00e1ltoz\u00e1sainak felismer\u00e9s\u00e9hez \u00e9s meg\u00e9rt\u00e9s\u00e9hez.<\/p> <p>Az \u00e1ltal\u00e1nos k\u00f3rbonctan t\u00e9m\u00e1ja a k\u00fcl\u00f6nb\u00f6z\u0151 k\u00f3rokok hat\u00e1s\u00e1ra l\u00e9trej\u00f6v\u0151 elemi k\u00f3rbonctani elv\u00e1ltoz\u00e1sok ismertet\u00e9se, mint v\u00e9rkering\u00e9si zavarok, regressz\u00edv \u00e9s proliferat\u00edv elv\u00e1ltoz\u00e1sok, gyullad\u00e1sok, daganatok \u00e9s fejl\u0151d\u00e9si rendelleness\u00e9gek.<\/p> <p>A boncol\u00e1si gyakorlat a k\u00e9pz\u00e9s igen l\u00e9nyeges r\u00e9sz\u00e9t alkotja, amely a hallgat\u00f3k akt\u00edv r\u00e9szv\u00e9tel\u00e9re alapoz. Csak a saj\u00e1t \u00e9rz\u00e9kszervek alkalmaz\u00e1s\u00e1val, sok gyakorl\u00e1ssal lehet elsaj\u00e1t\u00edtani azt a k\u00e9pess\u00e9get, hogy valaki a k\u00f3rbonctani megfigyel\u00e9seit helyesen r\u00f6gz\u00edteni tudja. A hallgat\u00f3k fokozatosan szerzik meg azt a tud\u00e1st, hogy megk\u00fcl\u00f6nb\u00f6ztess\u00e9k a k\u00f3rost a norm\u00e1list\u00f3l, felismernj\u00e9k az egyes szervi elv\u00e1ltoz\u00e1sokat \u00e9s v\u00e9lem\u00e9nyt alkossanak az elhull\u00e1s ok\u00e1r\u00f3l, az \u00e1llat betegs\u00e9geir\u0151l.<\/p> <p>Tant\u00e1rgyfelel\u0151s: Dr. M\u00e1ndoki M\u00edra<\/p> <p>K\u00e9rd\u00e9s eset\u00e9n a t\u00e1rgyfelel\u0151s el\u00e9rhet\u0151s\u00e9ge:\u00a0<a class=\"decrypt\" rel=\"nboeplj\/njsbAvojwfu\/iv\"><a class=\"decrypt\" rel=\"nboeplj\/njsbAvojwfu\/iv\" href=\"javascript:void(0);\">[Kattintson az emailc\u00edmhez]<\/a><\/a><\/p>","protected":false},"excerpt":{"rendered":"<p>A k\u00f3rbonctan (anatomia pathologica, vagy pathomorphologia) a beteg \u00e9s\/vagy a hib\u00e1s szervezetben kialakul\u00f3 k\u00f3ros alaki (morphologiai) elv\u00e1ltoz\u00e1sok ismeret\u00e9t t\u00e1rgyalja. A tant\u00e1rgy oktat\u00e1s\u00e1nak feladata, hogy a k\u00f3rbonctan \u00e1ltal\u00e1nos alapelemeinek (az \u00e1ltal\u00e1nos k\u00f3rbonctannak, anatomia pathologica generalis) ismeretanyag\u00e1n kereszt\u00fcl vezessen el a r\u00e9szletes k\u00f3rbonctan (anatomia pathologica specialis) szervenk\u00e9nti elv\u00e1ltoz\u00e1sainak felismer\u00e9s\u00e9hez \u00e9s meg\u00e9rt\u00e9s\u00e9hez. Az \u00e1ltal\u00e1nos k\u00f3rbonctan t\u00e9m\u00e1ja a k\u00fcl\u00f6nb\u00f6z\u0151<\/p>\n","protected":false},"author":3837,"featured_media":0,"parent":677,"menu_order":164,"comment_status":"closed","ping_status":"closed","template":"","meta":{"_acf_changed":false,"footnotes":""},"categories":[],"tags":[],"class_list":["post-10427","page","type-page","status-publish","hentry"],"acf":[],"_links":{"self":[{"href":"https:\/\/univet.hu\/hu\/wp-json\/wp\/v2\/pages\/10427","targetHints":{"allow":["GET"]}}],"collection":[{"href":"https:\/\/univet.hu\/hu\/wp-json\/wp\/v2\/pages"}],"about":[{"href":"https:\/\/univet.hu\/hu\/wp-json\/wp\/v2\/types\/page"}],"author":[{"embeddable":true,"href":"https:\/\/univet.hu\/hu\/wp-json\/wp\/v2\/users\/3837"}],"replies":[{"embeddable":true,"href":"https:\/\/univet.hu\/hu\/wp-json\/wp\/v2\/comments?post=10427"}],"version-history":[{"count":0,"href":"https:\/\/univet.hu\/hu\/wp-json\/wp\/v2\/pages\/10427\/revisions"}],"up":[{"embeddable":true,"href":"https:\/\/univet.hu\/hu\/wp-json\/wp\/v2\/pages\/677"}],"wp:attachment":[{"href":"https:\/\/univet.hu\/hu\/wp-json\/wp\/v2\/media?parent=10427"}],"wp:term":[{"taxonomy":"category","embeddable":true,"href":"https:\/\/univet.hu\/hu\/wp-json\/wp\/v2\/categories?post=10427"},{"taxonomy":"post_tag","embeddable":true,"href":"https:\/\/univet.hu\/hu\/wp-json\/wp\/v2\/tags?post=10427"}],"curies":[{"name":"wp","href":"https:\/\/api.w.org\/{rel}","templated":true}]}}