{"id":10429,"date":"1970-01-01T00:00:00","date_gmt":"1969-12-31T23:00:00","guid":{"rendered":"http:\/\/univet.hu\/oktatas\/kurzusok\/altalanos-okologia-biologia-msc\/"},"modified":"2018-09-07T15:36:13","modified_gmt":"2018-09-07T13:36:13","slug":"altalanos-okologia-biologia-msc","status":"publish","type":"page","link":"https:\/\/univet.hu\/hu\/oktatas\/kurzusok\/altalanos-okologia-biologia-msc\/","title":{"rendered":"\u00c1ltal\u00e1nos \u00f6kol\u00f3gia &#8211; biol\u00f3gia MSc"},"content":{"rendered":"<p>tnt\u00e1rgyfelel\u0151s: Dr. Szab\u00f3 P\u00e9ter<\/p> <p>A t\u00e1rgy c\u00e9lja az \u00f6kol\u00f3gia alapvet\u0151 ismereteinek bemutat\u00e1sa, illetve elm\u00e9ly\u00edt\u00e9se a BSc szint\u0171 \u00f6kol\u00f3gia t\u00e1rgyakra \u00e9p\u00edtve. A t\u00e1rgy egy popul\u00e1ci\u00f3\u00f6kol\u00f3giai, egy k\u00f6z\u00f6ss\u00e9gi \u00f6kol\u00f3giai \u00e9s egy evol\u00faci\u00f3s \u00f6kol\u00f3giai r\u00e9szb\u0151l \u00e9p\u00fcl fel. A popul\u00e1ci\u00f3\u00f6kol\u00f3gia r\u00e9sz t\u00e1rgya a popul\u00e1ci\u00f3k jellemz\u00e9se (abundancia, fiziol\u00f3giai szerkezet, t\u00e9rbeli \u00e9s id\u0151beli mint\u00e1zatok) \u00e9s alapvet\u0151 dinamikai t\u00f6rv\u00e9nyszer\u0171s\u00e9geinek ismertet\u00e9se (popul\u00e1ci\u00f3 szab\u00e1lyoz\u00e1sa, intraspecifikus verseng\u00e9s, kond\u00edcion\u00e1l\u00f3 t\u00e9nyez\u0151k, exponenci\u00e1lis \u00e9s logisztikus popul\u00e1ci\u00f3n\u00f6veked\u00e9s, k\u00f6rnyezeti zavar\u00e1sok). A k\u00f6z\u00f6ss\u00e9gi \u00f6kol\u00f3giai r\u00e9szben t\u00e1rgyaljuk a k\u00f6z\u00f6ss\u00e9gek k\u00fcl\u00f6nb\u00f6z\u0151 tulajdons\u00e1gait (fajgazdags\u00e1g, t\u00e1pl\u00e1l\u00e9kh\u00e1l\u00f3zatok, k\u00f6lcs\u00f6nhat\u00e1si h\u00e1l\u00f3zatok), valamint az ezen tulajdons\u00e1gok meghat\u00e1roz\u00e1s\u00e1\u00e9rt felel\u0151s dinamikai folyamatokat (kompet\u00edci\u00f3, ragadoz\u00f3 zs\u00e1km\u00e1ny k\u00f6lcs\u00f6nhat\u00e1s, mutualizmus). A BSc-s \u00f6kol\u00f3giai t\u00e1rgyakkal \u00f6sszehasonl\u00edtva nagyobb hangs\u00falyt helyez\u00fcnk az \u00f6kol\u00f3gia jelens\u00e9geinek \u00e9s folyamatainak form\u00e1lis le\u00edr\u00e1s\u00e1ra, illetve a form\u00e1lis le\u00edr\u00e1s k\u00fcl\u00f6nb\u00f6z\u0151 lehet\u0151s\u00e9geinek bemutat\u00e1s\u00e1ra.<\/p> <p>GALL\u00c9 L.: A szupraindividu\u00e1lis biol\u00f3gia alapja: popul\u00e1ci\u00f3k \u00e9s k\u00f6z\u00f6ss\u00e9gek \u00f6kol\u00f3gi\u00e1ja. Szeged, JATEPress, 2013.<\/p> <p>\u00a0P\u00c1SZTOR E. &#8211; OBORNY B.: \u00d6kol\u00f3gia. Budapest: Nemzeti Tank\u00f6nyvkiad\u00f3, 2007.<\/p> <p>\u00a0KREBS, C. J.: Ecology: The Experimental Analysis of Distribution and Abundance.<\/p> <p>San Francisco: Benjamin-Cummings Publishing Company, 2009.<\/p> <p>\u00a0KREBS, C. J.: Ecological Methodology. Menlo Park: Pearson, 1999.<\/p> <p>\u00a0CASWELL, H.: Matrix Population Models. 2nd, updated ed. Sinauer Associates, 2006.<\/p> <p>\u00a0SIGMUND,\u00a0 K.: Az \u00e9let j\u00e1t\u00e9kai. Budapest: Akad\u00e9miai Kiad\u00f3, 2004.<\/p><\/p>","protected":false},"excerpt":{"rendered":"<p>tnt\u00e1rgyfelel\u0151s: Dr. Szab\u00f3 P\u00e9ter A t\u00e1rgy c\u00e9lja az \u00f6kol\u00f3gia alapvet\u0151 ismereteinek bemutat\u00e1sa, illetve elm\u00e9ly\u00edt\u00e9se a BSc szint\u0171 \u00f6kol\u00f3gia t\u00e1rgyakra \u00e9p\u00edtve. A t\u00e1rgy egy popul\u00e1ci\u00f3\u00f6kol\u00f3giai, egy k\u00f6z\u00f6ss\u00e9gi \u00f6kol\u00f3giai \u00e9s egy evol\u00faci\u00f3s \u00f6kol\u00f3giai r\u00e9szb\u0151l \u00e9p\u00fcl fel. A popul\u00e1ci\u00f3\u00f6kol\u00f3gia r\u00e9sz t\u00e1rgya a popul\u00e1ci\u00f3k jellemz\u00e9se (abundancia, fiziol\u00f3giai szerkezet, t\u00e9rbeli \u00e9s id\u0151beli mint\u00e1zatok) \u00e9s alapvet\u0151 dinamikai t\u00f6rv\u00e9nyszer\u0171s\u00e9geinek ismertet\u00e9se (popul\u00e1ci\u00f3 szab\u00e1lyoz\u00e1sa,<\/p>\n","protected":false},"author":3837,"featured_media":0,"parent":677,"menu_order":164,"comment_status":"closed","ping_status":"closed","template":"","meta":{"_acf_changed":false,"footnotes":""},"categories":[],"tags":[],"class_list":["post-10429","page","type-page","status-publish","hentry"],"acf":[],"_links":{"self":[{"href":"https:\/\/univet.hu\/hu\/wp-json\/wp\/v2\/pages\/10429","targetHints":{"allow":["GET"]}}],"collection":[{"href":"https:\/\/univet.hu\/hu\/wp-json\/wp\/v2\/pages"}],"about":[{"href":"https:\/\/univet.hu\/hu\/wp-json\/wp\/v2\/types\/page"}],"author":[{"embeddable":true,"href":"https:\/\/univet.hu\/hu\/wp-json\/wp\/v2\/users\/3837"}],"replies":[{"embeddable":true,"href":"https:\/\/univet.hu\/hu\/wp-json\/wp\/v2\/comments?post=10429"}],"version-history":[{"count":0,"href":"https:\/\/univet.hu\/hu\/wp-json\/wp\/v2\/pages\/10429\/revisions"}],"up":[{"embeddable":true,"href":"https:\/\/univet.hu\/hu\/wp-json\/wp\/v2\/pages\/677"}],"wp:attachment":[{"href":"https:\/\/univet.hu\/hu\/wp-json\/wp\/v2\/media?parent=10429"}],"wp:term":[{"taxonomy":"category","embeddable":true,"href":"https:\/\/univet.hu\/hu\/wp-json\/wp\/v2\/categories?post=10429"},{"taxonomy":"post_tag","embeddable":true,"href":"https:\/\/univet.hu\/hu\/wp-json\/wp\/v2\/tags?post=10429"}],"curies":[{"name":"wp","href":"https:\/\/api.w.org\/{rel}","templated":true}]}}