{"id":10430,"date":"1970-01-01T00:00:00","date_gmt":"1969-12-31T23:00:00","guid":{"rendered":"http:\/\/univet.hu\/oktatas\/kurzusok\/alternativ-allatgyogyaszat\/"},"modified":"2018-09-07T15:36:13","modified_gmt":"2018-09-07T13:36:13","slug":"alternativ-allatgyogyaszat","status":"publish","type":"page","link":"https:\/\/univet.hu\/hu\/oktatas\/kurzusok\/alternativ-allatgyogyaszat\/","title":{"rendered":"Alternat\u00edv \u00e1llatgy\u00f3gy\u00e1szat"},"content":{"rendered":"<p>ALTERNAT\u00cdV \u00c1LLATGY\u00d3GY\u00c1SZAT<br \/>fakultat\u00edv tant\u00e1rgy<br \/>el\u0151ad\u00e1sainak tematik\u00e1ja \u00e9s id\u0151pontjai<br \/>2010\/2011. tan\u00e9v II. f\u00e9l\u00e9v<br \/> El\u0151ad\u00e1sok szombatonk\u00e9nt: 9:00-15:15<br \/> Helye a SzIE \u00c1llatorvostudom\u00e1nyi Kar gy\u00f3gyszertani el\u0151ad\u00f3 terme.<\/p> <p>Nap Id\u0151pont T\u00e9ma \u00e9s el\u0151ad\u00f3 (\u00f3ra)<\/p> <p> 1. nap febru\u00e1r 26. <\/p> <p>9.00-9:45 Megnyit\u00f3<br \/>G\u00e1lfi P\u00e9ter<\/p> <p>Az alternat\u00edv \u00e1llatgy\u00f3gy\u00e1szat helye \u00e9s jelent\u0151s\u00e9ge<br \/>M\u00e1tray \u00c1rp\u00e1d (1.0)<\/p> <p>10:00-11:30 A homeop\u00e1tia t\u00f6rt\u00e9nete, alapelvei, homeop\u00e1ti\u00e1s k\u00e9sz\u00edtm\u00e9nyek<br \/>Wallner Gabriella (2.0)<\/p> <p>11.45-13:15 Homeop\u00e1tia a nagy\u00e1llat praxisban <br \/>Farkas Rita (2.0)<\/p> <p>13:45-15:15 Homeop\u00e1tia a kis\u00e1llat praxisban, t\u00f6rzsk\u00f6nyvezett k\u00e9sz\u00edtm\u00e9nyek<br \/>M\u00e1tray \u00c1rp\u00e1d (2.0)<\/p> <p>2. nap m\u00e1rcius 5. <\/p> <p>9:00-12:15 Az akupunkt\u00fara \u00e9s alkalmaz\u00e1sa az \u00e1llatorvosl\u00e1sban<br \/>Szathm\u00e1ry L\u00e1szl\u00f3 (4.0)<\/p> <p>13:00-13:45 Az ayurveda a vil\u00e1gban \u00e9s Magyarorsz\u00e1gon<br \/>Riesz Istv\u00e1n (1.0)<\/p> <p>13:45-15:15 Az ayurveda elm\u00e9lete \u00e9s gyakorlata<br \/>Szalkai Iv\u00e1n (2.0)<\/p> <p>3.nap m\u00e1rcius 12.<\/p> <p>9:00 &#8211; 10:00 M\u00e1gnest\u00e9r-ter\u00e1pia a kis\u00e1llat praxisban<br \/>Stoll\u00e1r Zsuzsa (1.5) <\/p> <p>10:15- 11:45 Biogazd\u00e1lkod\u00e1s, mint az alternat\u00edv \u00e1llatgy\u00f3gy\u00e1szat alkalmaz\u00e1s\u00e1nak lehets\u00e9ges ter\u00fclete (2,0)<br \/>M\u00e1rai G\u00e9za<\/p> <p>12:00-13:30 A fitoer\u00e1pia farmakol\u00f3giai h\u00e1ttere<br \/>G\u00e1lfi P\u00e9ter (2,0)<\/p> <p>14:00-15:15 Fitoter\u00e1pia az \u00e1llatorvosi gyakorlatban<br \/>Csik\u00f3 Gy\u00f6rgy (1,5)<\/p> <p>4. nap m\u00e1rcius 26. <\/p> <p>9:00-10:15 F\u00e9nyter\u00e1pia<br \/>Cs\u00faz Andrea (1.5)<\/p> <p>10:30-13:00 A m\u00e1gnest\u00e9r-ter\u00e1pia t\u00f6rt\u00e9nete. A m\u00e1gneses t\u00e9r biofizik\u00e1ja, \u00e9lettani hat\u00e1sai<br \/>Magnetoter\u00e1pi\u00e1s kezel\u00e9sek a nagy\u00e1llat praxisban<br \/>Szab\u00f3 Ferenc (3.0)<\/p> <p>13:15-15:15 Akupressz\u00fara, osteopathia<br \/>Bertalan Zsolt (2.5)<br \/> \u00d6sszesen: 28.0 \u00f3ra<\/p> <p>5. nap \u00e1prilis 2. <\/p> <p>9:00-11:00 \u00cdr\u00e1sbeli vizsga<br \/>M\u00e1tray \u00c1rp\u00e1d (2.0)<\/p> <p>B\u00e1bolna, 2011-02-10.<br \/> M\u00e1tray \u00c1rp\u00e1d t\u00e9mafelel\u0151s 30\/9616-008<\/p><\/p>","protected":false},"excerpt":{"rendered":"<p>ALTERNAT\u00cdV \u00c1LLATGY\u00d3GY\u00c1SZATfakultat\u00edv tant\u00e1rgyel\u0151ad\u00e1sainak tematik\u00e1ja \u00e9s id\u0151pontjai2010\/2011. tan\u00e9v II. f\u00e9l\u00e9v El\u0151ad\u00e1sok szombatonk\u00e9nt: 9:00-15:15 Helye a SzIE \u00c1llatorvostudom\u00e1nyi Kar gy\u00f3gyszertani el\u0151ad\u00f3 terme. Nap Id\u0151pont T\u00e9ma \u00e9s el\u0151ad\u00f3 (\u00f3ra) 1. nap febru\u00e1r 26. 9.00-9:45 Megnyit\u00f3G\u00e1lfi P\u00e9ter Az alternat\u00edv \u00e1llatgy\u00f3gy\u00e1szat helye \u00e9s jelent\u0151s\u00e9geM\u00e1tray \u00c1rp\u00e1d (1.0) 10:00-11:30 A homeop\u00e1tia t\u00f6rt\u00e9nete, alapelvei, homeop\u00e1ti\u00e1s k\u00e9sz\u00edtm\u00e9nyekWallner Gabriella (2.0) 11.45-13:15 Homeop\u00e1tia a nagy\u00e1llat praxisban<\/p>\n","protected":false},"author":3837,"featured_media":0,"parent":677,"menu_order":164,"comment_status":"closed","ping_status":"closed","template":"","meta":{"_acf_changed":false,"footnotes":""},"categories":[],"tags":[],"class_list":["post-10430","page","type-page","status-publish","hentry"],"acf":[],"_links":{"self":[{"href":"https:\/\/univet.hu\/hu\/wp-json\/wp\/v2\/pages\/10430","targetHints":{"allow":["GET"]}}],"collection":[{"href":"https:\/\/univet.hu\/hu\/wp-json\/wp\/v2\/pages"}],"about":[{"href":"https:\/\/univet.hu\/hu\/wp-json\/wp\/v2\/types\/page"}],"author":[{"embeddable":true,"href":"https:\/\/univet.hu\/hu\/wp-json\/wp\/v2\/users\/3837"}],"replies":[{"embeddable":true,"href":"https:\/\/univet.hu\/hu\/wp-json\/wp\/v2\/comments?post=10430"}],"version-history":[{"count":0,"href":"https:\/\/univet.hu\/hu\/wp-json\/wp\/v2\/pages\/10430\/revisions"}],"up":[{"embeddable":true,"href":"https:\/\/univet.hu\/hu\/wp-json\/wp\/v2\/pages\/677"}],"wp:attachment":[{"href":"https:\/\/univet.hu\/hu\/wp-json\/wp\/v2\/media?parent=10430"}],"wp:term":[{"taxonomy":"category","embeddable":true,"href":"https:\/\/univet.hu\/hu\/wp-json\/wp\/v2\/categories?post=10430"},{"taxonomy":"post_tag","embeddable":true,"href":"https:\/\/univet.hu\/hu\/wp-json\/wp\/v2\/tags?post=10430"}],"curies":[{"name":"wp","href":"https:\/\/api.w.org\/{rel}","templated":true}]}}