{"id":10431,"date":"1970-01-01T00:00:00","date_gmt":"1969-12-31T23:00:00","guid":{"rendered":"http:\/\/univet.hu\/oktatas\/kurzusok\/andrologia-es-asszisztalt-reprodukcio\/"},"modified":"2023-02-11T14:43:15","modified_gmt":"2023-02-11T13:43:15","slug":"andrologia-es-asszisztalt-reprodukcio","status":"publish","type":"page","link":"https:\/\/univet.hu\/hu\/oktatas\/kurzusok\/andrologia-es-asszisztalt-reprodukcio\/","title":{"rendered":"Androl\u00f3gia \u00e9s assziszt\u00e1lt reprodukci\u00f3s elj\u00e1r\u00e1sok"},"content":{"rendered":"<p style=\"text-align: justify;\">Az assziszt\u00e1lt reprodukci\u00f3s technik\u00e1kat a reprodukci\u00f3s folyamatok t\u00e1mogat\u00e1sa c\u00e9lj\u00e1b\u00f3l alkalmazz\u00e1k emberben \u00e9s \u00e1llatokban egyar\u00e1nt. A technikai vonatkoz\u00e1sai ezeknek az elj\u00e1r\u00e1soknak &#8211; f\u00fcggetlen\u00fcl, hogy emberben vagy \u00e1llatban alkalmazz\u00e1k \u2013 nagyon hasonl\u00f3ak (k\u00fcl\u00f6n\u00f6sen a h\u00e1zi\u00e1llatokban \u00e9s a f\u0151eml\u0151s\u00f6kben alkalmazott elj\u00e1r\u00e1sok eset\u00e9ben). Term\u00e9szetesen az indik\u00e1ci\u00f3ban l\u00e9nyeges k\u00fcl\u00f6nbs\u00e9g van. Emberben ezeket az elj\u00e1r\u00e1sokat az\u00e9rt veszik ig\u00e9nybe, hogy medd\u0151s\u00e9gi probl\u00e9m\u00e1kat orvosoljanak. H\u00e1zi\u00e1llatokban azonban els\u0151sorban az\u00e9rt alkalmazz\u00e1k \u0151ket, hogy az egy\u00e9bk\u00e9nt eg\u00e9szs\u00e9ges teny\u00e9sz\u00e1llatokt\u00f3l min\u00e9l t\u00f6bb ut\u00f3dot nyerjenek \u00e9letteljes\u00edtm\u00e9ny\u00fck alatt.A t\u00e1rgy c\u00e9lja, hogy megismertesse a hallgat\u00f3kat a szaporod\u00e1sbiol\u00f3gi\u00e1n bel\u00fcl az elm\u00falt 20-25 \u00e9vben nagyon intenz\u00edv fejl\u0151d\u00e9sen kereszt\u00fcl ment assziszt\u00e1lt reprodukci\u00f3s ter\u00fclettel \u00e9s ezen bel\u00fcl az assziszt\u00e1lt reprodukci\u00f3s technik\u00e1kkal.<\/p> <p style=\"text-align: justify;\">Az el\u0151ad\u00e1sok v\u00e1zlat\u00e1t Power Point form\u00e1tumban elk\u00e9sz\u00edtve kiadjuk a hallgat\u00f3knak, seg\u00edtve a vizsg\u00e1ra t\u00f6rt\u00e9n\u0151 felk\u00e9sz\u00fcl\u00e9st. Az anyagot \u00e9vr\u0151l \u2013 \u00e9vre aktualiz\u00e1ljuk, \u00edgy kisebb elt\u00e9r\u00e9sek az egym\u00e1st k\u00f6vet\u0151 \u00e9vben kiadott el\u0151ad\u00e1s v\u00e1zlatokban el\u0151fordulhat.<\/p> <p>Kapcsolattart\u00f3: Prof. Dr. Cseh S\u00e1ndor email: <a class=\"decrypt\" rel=\"Dtfi\/TboepsAvojwfu\/iv\" href=\"javascript:void(0);\">[Kattintson az emailc\u00edmhez]<\/a><\/p> <p>&nbsp;<\/p>","protected":false},"excerpt":{"rendered":"<p>Az assziszt\u00e1lt reprodukci\u00f3s technik\u00e1kat a reprodukci\u00f3s folyamatok t\u00e1mogat\u00e1sa c\u00e9lj\u00e1b\u00f3l alkalmazz\u00e1k emberben \u00e9s \u00e1llatokban egyar\u00e1nt. A technikai vonatkoz\u00e1sai ezeknek az elj\u00e1r\u00e1soknak &#8211; f\u00fcggetlen\u00fcl, hogy emberben vagy \u00e1llatban alkalmazz\u00e1k \u2013 nagyon hasonl\u00f3ak (k\u00fcl\u00f6n\u00f6sen a h\u00e1zi\u00e1llatokban \u00e9s a f\u0151eml\u0151s\u00f6kben alkalmazott elj\u00e1r\u00e1sok eset\u00e9ben). Term\u00e9szetesen az indik\u00e1ci\u00f3ban l\u00e9nyeges k\u00fcl\u00f6nbs\u00e9g van. Emberben ezeket az elj\u00e1r\u00e1sokat az\u00e9rt veszik ig\u00e9nybe, hogy medd\u0151s\u00e9gi probl\u00e9m\u00e1kat<\/p>\n","protected":false},"author":3837,"featured_media":0,"parent":677,"menu_order":164,"comment_status":"closed","ping_status":"closed","template":"","meta":{"_acf_changed":false,"footnotes":""},"categories":[],"tags":[],"class_list":["post-10431","page","type-page","status-publish","hentry"],"acf":[],"_links":{"self":[{"href":"https:\/\/univet.hu\/hu\/wp-json\/wp\/v2\/pages\/10431","targetHints":{"allow":["GET"]}}],"collection":[{"href":"https:\/\/univet.hu\/hu\/wp-json\/wp\/v2\/pages"}],"about":[{"href":"https:\/\/univet.hu\/hu\/wp-json\/wp\/v2\/types\/page"}],"author":[{"embeddable":true,"href":"https:\/\/univet.hu\/hu\/wp-json\/wp\/v2\/users\/3837"}],"replies":[{"embeddable":true,"href":"https:\/\/univet.hu\/hu\/wp-json\/wp\/v2\/comments?post=10431"}],"version-history":[{"count":0,"href":"https:\/\/univet.hu\/hu\/wp-json\/wp\/v2\/pages\/10431\/revisions"}],"up":[{"embeddable":true,"href":"https:\/\/univet.hu\/hu\/wp-json\/wp\/v2\/pages\/677"}],"wp:attachment":[{"href":"https:\/\/univet.hu\/hu\/wp-json\/wp\/v2\/media?parent=10431"}],"wp:term":[{"taxonomy":"category","embeddable":true,"href":"https:\/\/univet.hu\/hu\/wp-json\/wp\/v2\/categories?post=10431"},{"taxonomy":"post_tag","embeddable":true,"href":"https:\/\/univet.hu\/hu\/wp-json\/wp\/v2\/tags?post=10431"}],"curies":[{"name":"wp","href":"https:\/\/api.w.org\/{rel}","templated":true}]}}