{"id":10433,"date":"1970-01-01T00:00:00","date_gmt":"1969-12-31T23:00:00","guid":{"rendered":"http:\/\/univet.hu\/oktatas\/kurzusok\/angol-allatorvosi-szaknyelv-1\/"},"modified":"2024-08-23T14:19:54","modified_gmt":"2024-08-23T12:19:54","slug":"angol-allatorvosi-szaknyelv-1","status":"publish","type":"page","link":"https:\/\/univet.hu\/hu\/oktatas\/kurzusok\/angol-allatorvosi-szaknyelv-1\/","title":{"rendered":"Angol \u00e1llatorvosi szaknyelv 1"},"content":{"rendered":"<p><strong>A t\u00e1rgy felv\u00e9tel\u00e9nek el\u0151felt\u00e9tele:<\/strong>\u00a0minimum k\u00f6z\u00e9pfok\u00fa (B2 szint\u0171)\u00a0angol nyelvtud\u00e1s \u00edr\u00e1sban \u00e9s sz\u00f3ban is!<\/p> <p><strong>A t\u00e1rgy r\u00f6vid le\u00edr\u00e1sa:<\/strong><\/p> <p>A m\u00e1r megszerzett nyelvi k\u00e9szs\u00e9gek meg\u0151rz\u00e9se, illetve azok tov\u00e1bbfejleszt\u00e9se mellett kezdett\u0151l fogva \u2013 \u00e9s egyre n\u00f6vekv\u0151 ar\u00e1nyban \u2013 szerepet kap az \u00e1llatorvosi szaknyelv \u00e9s a tudom\u00e1ny nyelv\u00e9nek elsaj\u00e1t\u00edt\u00e1sa \u00edrott \u00e9s hallott szaknyelvi sz\u00f6vegek feldolgoz\u00e1s\u00e1n kereszt\u00fcl.\u00a0A t\u00e1rgy \u00f6sszesen 6, egym\u00e1sra \u00e9p\u00fcl\u0151 f\u00e9l\u00e9ves modulb\u00f3l \u00e1ll, de nem k\u00f6telez\u0151 mind a 6 f\u00e9l\u00e9vben felvenni. A kurzuson megszerzett tud\u00e1s birtok\u00e1ban (ide\u00e1lis esetben a 6. elv\u00e9gzett f\u00e9l\u00e9v ut\u00e1n) a hallgat\u00f3k j\u00f3 es\u00e9llyel sikeres fels\u0151fok\u00fa szakmai nyelvvizsg\u00e1t tehetnek.<\/p>","protected":false},"excerpt":{"rendered":"<p>A t\u00e1rgy felv\u00e9tel\u00e9nek el\u0151felt\u00e9tele:\u00a0minimum k\u00f6z\u00e9pfok\u00fa (B2 szint\u0171)\u00a0angol nyelvtud\u00e1s \u00edr\u00e1sban \u00e9s sz\u00f3ban is! A t\u00e1rgy r\u00f6vid le\u00edr\u00e1sa: A m\u00e1r megszerzett nyelvi k\u00e9szs\u00e9gek meg\u0151rz\u00e9se, illetve azok tov\u00e1bbfejleszt\u00e9se mellett kezdett\u0151l fogva \u2013 \u00e9s egyre n\u00f6vekv\u0151 ar\u00e1nyban \u2013 szerepet kap az \u00e1llatorvosi szaknyelv \u00e9s a tudom\u00e1ny nyelv\u00e9nek elsaj\u00e1t\u00edt\u00e1sa \u00edrott \u00e9s hallott szaknyelvi sz\u00f6vegek feldolgoz\u00e1s\u00e1n kereszt\u00fcl.\u00a0A t\u00e1rgy \u00f6sszesen 6, egym\u00e1sra<\/p>\n","protected":false},"author":3837,"featured_media":0,"parent":677,"menu_order":164,"comment_status":"closed","ping_status":"closed","template":"","meta":{"_acf_changed":false,"footnotes":""},"categories":[],"tags":[],"class_list":["post-10433","page","type-page","status-publish","hentry"],"acf":[],"_links":{"self":[{"href":"https:\/\/univet.hu\/hu\/wp-json\/wp\/v2\/pages\/10433","targetHints":{"allow":["GET"]}}],"collection":[{"href":"https:\/\/univet.hu\/hu\/wp-json\/wp\/v2\/pages"}],"about":[{"href":"https:\/\/univet.hu\/hu\/wp-json\/wp\/v2\/types\/page"}],"author":[{"embeddable":true,"href":"https:\/\/univet.hu\/hu\/wp-json\/wp\/v2\/users\/3837"}],"replies":[{"embeddable":true,"href":"https:\/\/univet.hu\/hu\/wp-json\/wp\/v2\/comments?post=10433"}],"version-history":[{"count":0,"href":"https:\/\/univet.hu\/hu\/wp-json\/wp\/v2\/pages\/10433\/revisions"}],"up":[{"embeddable":true,"href":"https:\/\/univet.hu\/hu\/wp-json\/wp\/v2\/pages\/677"}],"wp:attachment":[{"href":"https:\/\/univet.hu\/hu\/wp-json\/wp\/v2\/media?parent=10433"}],"wp:term":[{"taxonomy":"category","embeddable":true,"href":"https:\/\/univet.hu\/hu\/wp-json\/wp\/v2\/categories?post=10433"},{"taxonomy":"post_tag","embeddable":true,"href":"https:\/\/univet.hu\/hu\/wp-json\/wp\/v2\/tags?post=10433"}],"curies":[{"name":"wp","href":"https:\/\/api.w.org\/{rel}","templated":true}]}}