{"id":10434,"date":"1970-01-01T00:00:00","date_gmt":"1969-12-31T23:00:00","guid":{"rendered":"http:\/\/univet.hu\/oktatas\/kurzusok\/angol-allatorvosi-szaknyelv\/"},"modified":"2024-08-23T14:30:04","modified_gmt":"2024-08-23T12:30:04","slug":"angol-allatorvosi-szaknyelv","status":"publish","type":"page","link":"https:\/\/univet.hu\/hu\/oktatas\/kurzusok\/angol-allatorvosi-szaknyelv\/","title":{"rendered":"Angol \u00e1llatorvosi szaknyelv 2"},"content":{"rendered":"<p>A m\u00e1r megszerzett nyelvi k\u00e9szs\u00e9gek meg\u0151rz\u00e9se, illetve azok tov\u00e1bbfejleszt\u00e9se mellett kezdett\u0151l fogva \u2013 \u00e9s egyre n\u00f6vekv\u0151 ar\u00e1nyban \u2013 szerepet kap az \u00e1llatorvosi szaknyelv \u00e9s a tudom\u00e1ny nyelv\u00e9nek elsaj\u00e1t\u00edt\u00e1sa \u00edrott \u00e9s hallott szaknyelvi sz\u00f6vegek feldolgoz\u00e1s\u00e1n, illetve \u00e1llatorvos-gazdi szerepj\u00e1t\u00e9kokon kereszt\u00fcl. A t\u00e1rgy \u00f6sszesen 6, egym\u00e1sra \u00e9p\u00fcl\u0151 f\u00e9l\u00e9ves modulb\u00f3l \u00e1ll, de nem k\u00f6telez\u0151 mind a 6 f\u00e9l\u00e9vben felvenni. A kurzuson megszerzett tud\u00e1s birtok\u00e1ban (ide\u00e1lis esetben a 6. elv\u00e9gzett f\u00e9l\u00e9v ut\u00e1n) a hallgat\u00f3k j\u00f3 es\u00e9llyel sikeres fels\u0151fok\u00fa szakmai nyelvvizsg\u00e1t tehetnek.<\/p>","protected":false},"excerpt":{"rendered":"<p>A m\u00e1r megszerzett nyelvi k\u00e9szs\u00e9gek meg\u0151rz\u00e9se, illetve azok tov\u00e1bbfejleszt\u00e9se mellett kezdett\u0151l fogva \u2013 \u00e9s egyre n\u00f6vekv\u0151 ar\u00e1nyban \u2013 szerepet kap az \u00e1llatorvosi szaknyelv \u00e9s a tudom\u00e1ny nyelv\u00e9nek elsaj\u00e1t\u00edt\u00e1sa \u00edrott \u00e9s hallott szaknyelvi sz\u00f6vegek feldolgoz\u00e1s\u00e1n, illetve \u00e1llatorvos-gazdi szerepj\u00e1t\u00e9kokon kereszt\u00fcl. A t\u00e1rgy \u00f6sszesen 6, egym\u00e1sra \u00e9p\u00fcl\u0151 f\u00e9l\u00e9ves modulb\u00f3l \u00e1ll, de nem k\u00f6telez\u0151 mind a 6 f\u00e9l\u00e9vben felvenni.<\/p>\n","protected":false},"author":3837,"featured_media":0,"parent":677,"menu_order":164,"comment_status":"closed","ping_status":"closed","template":"","meta":{"_acf_changed":false,"footnotes":""},"categories":[],"tags":[],"class_list":["post-10434","page","type-page","status-publish","hentry"],"acf":[],"_links":{"self":[{"href":"https:\/\/univet.hu\/hu\/wp-json\/wp\/v2\/pages\/10434","targetHints":{"allow":["GET"]}}],"collection":[{"href":"https:\/\/univet.hu\/hu\/wp-json\/wp\/v2\/pages"}],"about":[{"href":"https:\/\/univet.hu\/hu\/wp-json\/wp\/v2\/types\/page"}],"author":[{"embeddable":true,"href":"https:\/\/univet.hu\/hu\/wp-json\/wp\/v2\/users\/3837"}],"replies":[{"embeddable":true,"href":"https:\/\/univet.hu\/hu\/wp-json\/wp\/v2\/comments?post=10434"}],"version-history":[{"count":0,"href":"https:\/\/univet.hu\/hu\/wp-json\/wp\/v2\/pages\/10434\/revisions"}],"up":[{"embeddable":true,"href":"https:\/\/univet.hu\/hu\/wp-json\/wp\/v2\/pages\/677"}],"wp:attachment":[{"href":"https:\/\/univet.hu\/hu\/wp-json\/wp\/v2\/media?parent=10434"}],"wp:term":[{"taxonomy":"category","embeddable":true,"href":"https:\/\/univet.hu\/hu\/wp-json\/wp\/v2\/categories?post=10434"},{"taxonomy":"post_tag","embeddable":true,"href":"https:\/\/univet.hu\/hu\/wp-json\/wp\/v2\/tags?post=10434"}],"curies":[{"name":"wp","href":"https:\/\/api.w.org\/{rel}","templated":true}]}}