{"id":10435,"date":"1970-01-01T00:00:00","date_gmt":"1969-12-31T23:00:00","guid":{"rendered":"http:\/\/univet.hu\/oktatas\/kurzusok\/angol-allatorvosi-szaknyelv-3\/"},"modified":"2018-09-07T15:36:16","modified_gmt":"2018-09-07T13:36:16","slug":"angol-allatorvosi-szaknyelv-3","status":"publish","type":"page","link":"https:\/\/univet.hu\/hu\/oktatas\/kurzusok\/angol-allatorvosi-szaknyelv-3\/","title":{"rendered":"Angol \u00e1llatorvosi szaknyelv 3"},"content":{"rendered":"<p><strong>A t&aacute;rgy felv&eacute;tel&eacute;nek el\u0151felt&eacute;tele:&nbsp;<\/strong>&Aacute;llatorvosi angol szaknyelv 2.<\/p> <p>&nbsp;<\/p> <p><strong>A t&aacute;rgy r&ouml;vid le&iacute;r&aacute;sa:<\/strong>&nbsp;<\/p> <p>A m&aacute;r megszerzett nyelvi k&eacute;szs&eacute;gek meg\u0151rz&eacute;se, illetve azok tov&aacute;bbfejleszt&eacute;se mellett kezdett\u0151l fogva &ndash; &eacute;s egyre n&ouml;vekv\u0151 ar&aacute;nyban &ndash; szerepet kap az &aacute;llatorvosi szaknyelv &eacute;s a tudom&aacute;ny nyelv&eacute;nek elsaj&aacute;t&iacute;t&aacute;sa &iacute;rott &eacute;s hallott szaknyelvi sz&ouml;vegek feldolgoz&aacute;s&aacute;n kereszt&uuml;l.&nbsp;A t&aacute;rgy &ouml;sszesen 6, egym&aacute;sra &eacute;p&uuml;l\u0151 f&eacute;l&eacute;ves modulb&oacute;l &aacute;ll, de nem k&ouml;telez\u0151 mind a 6 f&eacute;l&eacute;vben felvenni. A kurzuson megszerzett tud&aacute;s birtok&aacute;ban (ide&aacute;lis esetben a 6. elv&eacute;gzett f&eacute;l&eacute;v ut&aacute;n) a hallgat&oacute;k j&oacute; es&eacute;llyel sikeres fels\u0151fok&uacute; szakmai nyelvvizsg&aacute;t tehetnek.<\/p>","protected":false},"excerpt":{"rendered":"<p>A t&aacute;rgy felv&eacute;tel&eacute;nek el\u0151felt&eacute;tele:&nbsp;&Aacute;llatorvosi angol szaknyelv 2. &nbsp; A t&aacute;rgy r&ouml;vid le&iacute;r&aacute;sa:&nbsp; A m&aacute;r megszerzett nyelvi k&eacute;szs&eacute;gek meg\u0151rz&eacute;se, illetve azok tov&aacute;bbfejleszt&eacute;se mellett kezdett\u0151l fogva &ndash; &eacute;s egyre n&ouml;vekv\u0151 ar&aacute;nyban &ndash; szerepet kap az &aacute;llatorvosi szaknyelv &eacute;s a tudom&aacute;ny nyelv&eacute;nek elsaj&aacute;t&iacute;t&aacute;sa &iacute;rott &eacute;s hallott szaknyelvi sz&ouml;vegek feldolgoz&aacute;s&aacute;n kereszt&uuml;l.&nbsp;A t&aacute;rgy &ouml;sszesen 6, egym&aacute;sra &eacute;p&uuml;l\u0151 f&eacute;l&eacute;ves modulb&oacute;l &aacute;ll,<\/p>\n","protected":false},"author":3837,"featured_media":0,"parent":677,"menu_order":164,"comment_status":"closed","ping_status":"closed","template":"","meta":{"_acf_changed":false,"footnotes":""},"categories":[],"tags":[],"class_list":["post-10435","page","type-page","status-publish","hentry"],"acf":[],"_links":{"self":[{"href":"https:\/\/univet.hu\/hu\/wp-json\/wp\/v2\/pages\/10435","targetHints":{"allow":["GET"]}}],"collection":[{"href":"https:\/\/univet.hu\/hu\/wp-json\/wp\/v2\/pages"}],"about":[{"href":"https:\/\/univet.hu\/hu\/wp-json\/wp\/v2\/types\/page"}],"author":[{"embeddable":true,"href":"https:\/\/univet.hu\/hu\/wp-json\/wp\/v2\/users\/3837"}],"replies":[{"embeddable":true,"href":"https:\/\/univet.hu\/hu\/wp-json\/wp\/v2\/comments?post=10435"}],"version-history":[{"count":0,"href":"https:\/\/univet.hu\/hu\/wp-json\/wp\/v2\/pages\/10435\/revisions"}],"up":[{"embeddable":true,"href":"https:\/\/univet.hu\/hu\/wp-json\/wp\/v2\/pages\/677"}],"wp:attachment":[{"href":"https:\/\/univet.hu\/hu\/wp-json\/wp\/v2\/media?parent=10435"}],"wp:term":[{"taxonomy":"category","embeddable":true,"href":"https:\/\/univet.hu\/hu\/wp-json\/wp\/v2\/categories?post=10435"},{"taxonomy":"post_tag","embeddable":true,"href":"https:\/\/univet.hu\/hu\/wp-json\/wp\/v2\/tags?post=10435"}],"curies":[{"name":"wp","href":"https:\/\/api.w.org\/{rel}","templated":true}]}}