{"id":10437,"date":"1970-01-01T00:00:00","date_gmt":"1969-12-31T23:00:00","guid":{"rendered":"http:\/\/univet.hu\/oktatas\/kurzusok\/angol-allatorvosi-szaknyelv-5\/"},"modified":"2019-02-28T14:08:30","modified_gmt":"2019-02-28T13:08:30","slug":"angol-allatorvosi-szaknyelv-5","status":"publish","type":"page","link":"https:\/\/univet.hu\/hu\/oktatas\/kurzusok\/angol-allatorvosi-szaknyelv-5\/","title":{"rendered":"Angol \u00e1llatorvosi szaknyelv 5"},"content":{"rendered":"<p><strong>R\u00f6vid le\u00edr\u00e1s<\/strong>: A m\u00e1r megszerzett nyelvi k\u00e9szs\u00e9gek meg\u0151rz\u00e9se, illetve azok tov\u00e1bbfejleszt\u00e9se mellett kezdett\u0151l fogva \u2013 \u00e9s egyre n\u00f6vekv\u0151 ar\u00e1nyban \u2013 szerepet kap az \u00e1llatorvosi szaknyelv \u00e9s a tudom\u00e1ny nyelv\u00e9nek elsaj\u00e1t\u00edt\u00e1sa \u00edrott \u00e9s hallott szaknyelvi sz\u00f6vegek feldolgoz\u00e1s\u00e1n kereszt\u00fcl. Szint\u00e9n nagy hangs\u00falyt kap a prezent\u00e1ci\u00f3s k\u00e9szs\u00e9gek fejleszt\u00e9se is, melynek sor\u00e1n a hallgat\u00f3k elsaj\u00e1t\u00edtj\u00e1k a tudom\u00e1nyos el\u0151ad\u00e1sm\u00f3dot. \u00c1llatorvosi szakcikkek \u00f6sszefoglal\u00f3j\u00e1nak elk\u00e9sz\u00edt\u00e9s\u00e9n, illetve az absztrakt\u00edr\u00e1son kereszt\u00fcl pedig az \u00edrott tudom\u00e1nyos diskurzusba kapnak betekint\u00e9st hallgat\u00f3ink. A t\u00e1rgy \u00f6sszesen hat, egym\u00e1sra \u00e9p\u00fcl\u0151 f\u00e9l\u00e9ves modulb\u00f3l \u00e1ll, \u00e1m nem k\u00f6telez\u0151 mind a hat f\u00e9l\u00e9vet teljes\u00edteni. A kurzusokon megszerzett tud\u00e1s birtok\u00e1ban (ide\u00e1lis esetben a 6. elv\u00e9gzett f\u00e9l\u00e9v ut\u00e1n) a hallgat\u00f3k j\u00f3 es\u00e9llyel sikeres fels\u0151fok\u00fa szakmai nyelvvizsg\u00e1t tehetnek.<\/p> <p>Az <em>Angol \u00e1llatorvosi szaknyelv 5<\/em> kurzus sor\u00e1n k\u00f6vetelm\u00e9ny egy prezent\u00e1ci\u00f3 megtart\u00e1sa p\u00e1rokban egy v\u00e1lasztott szervrendszerhez kapcsol\u00f3d\u00f3an.<\/p> <p><strong>Sz\u00fcks\u00e9ges el\u0151tanulm\u00e1nyok<\/strong>: Angol \u00e1llatorvosi szaknyelv 4<\/p>","protected":false},"excerpt":{"rendered":"<p>R\u00f6vid le\u00edr\u00e1s: A m\u00e1r megszerzett nyelvi k\u00e9szs\u00e9gek meg\u0151rz\u00e9se, illetve azok tov\u00e1bbfejleszt\u00e9se mellett kezdett\u0151l fogva \u2013 \u00e9s egyre n\u00f6vekv\u0151 ar\u00e1nyban \u2013 szerepet kap az \u00e1llatorvosi szaknyelv \u00e9s a tudom\u00e1ny nyelv\u00e9nek elsaj\u00e1t\u00edt\u00e1sa \u00edrott \u00e9s hallott szaknyelvi sz\u00f6vegek feldolgoz\u00e1s\u00e1n kereszt\u00fcl. Szint\u00e9n nagy hangs\u00falyt kap a prezent\u00e1ci\u00f3s k\u00e9szs\u00e9gek fejleszt\u00e9se is, melynek sor\u00e1n a hallgat\u00f3k elsaj\u00e1t\u00edtj\u00e1k a tudom\u00e1nyos el\u0151ad\u00e1sm\u00f3dot. \u00c1llatorvosi<\/p>\n","protected":false},"author":3837,"featured_media":0,"parent":677,"menu_order":164,"comment_status":"closed","ping_status":"closed","template":"","meta":{"_acf_changed":false,"footnotes":""},"categories":[],"tags":[],"class_list":["post-10437","page","type-page","status-publish","hentry"],"acf":[],"_links":{"self":[{"href":"https:\/\/univet.hu\/hu\/wp-json\/wp\/v2\/pages\/10437","targetHints":{"allow":["GET"]}}],"collection":[{"href":"https:\/\/univet.hu\/hu\/wp-json\/wp\/v2\/pages"}],"about":[{"href":"https:\/\/univet.hu\/hu\/wp-json\/wp\/v2\/types\/page"}],"author":[{"embeddable":true,"href":"https:\/\/univet.hu\/hu\/wp-json\/wp\/v2\/users\/3837"}],"replies":[{"embeddable":true,"href":"https:\/\/univet.hu\/hu\/wp-json\/wp\/v2\/comments?post=10437"}],"version-history":[{"count":0,"href":"https:\/\/univet.hu\/hu\/wp-json\/wp\/v2\/pages\/10437\/revisions"}],"up":[{"embeddable":true,"href":"https:\/\/univet.hu\/hu\/wp-json\/wp\/v2\/pages\/677"}],"wp:attachment":[{"href":"https:\/\/univet.hu\/hu\/wp-json\/wp\/v2\/media?parent=10437"}],"wp:term":[{"taxonomy":"category","embeddable":true,"href":"https:\/\/univet.hu\/hu\/wp-json\/wp\/v2\/categories?post=10437"},{"taxonomy":"post_tag","embeddable":true,"href":"https:\/\/univet.hu\/hu\/wp-json\/wp\/v2\/tags?post=10437"}],"curies":[{"name":"wp","href":"https:\/\/api.w.org\/{rel}","templated":true}]}}