{"id":104427,"date":"2024-10-10T12:05:19","date_gmt":"2024-10-10T10:05:19","guid":{"rendered":"https:\/\/univet.hu\/?page_id=104427"},"modified":"2026-02-10T03:58:31","modified_gmt":"2026-02-10T02:58:31","slug":"tisza-adam","status":"publish","type":"page","link":"https:\/\/univet.hu\/hu\/egyetem\/munkatarsak\/tisza-adam\/","title":{"rendered":"Tisza \u00c1d\u00e1m"},"content":{"rendered":"<p><strong>Bemutatkoz\u00e1s<\/strong><\/p> <p>Tisza \u00c1d\u00e1m vagyok, a Zool\u00f3giai Tansz\u00e9k PhD hallgat\u00f3ja. Alapszakos tanulm\u00e1nyaimat az \u00c1llatorvostudom\u00e1nyi Egyetem biol\u00f3gia BSc szakj\u00e1n v\u00e9geztem 2022-ben, amihez a R\u00e1kosi Vipera V\u00e9delmi Programn\u00e1l vipera-mad\u00e1r interakci\u00f3kkal kapcsolatos vizsg\u00e1latokat folytattam. 2024-ben v\u00e9geztem az E\u00f6tv\u00f6s Lor\u00e1nd Tudom\u00e1nyegyetemen biol\u00f3gia mesterszakj\u00e1n, \u00f6kol\u00f3gia, evol\u00faci\u00f3- \u00e9s konzerv\u00e1ci\u00f3biol\u00f3gia specializ\u00e1ci\u00f3n. Szakdolgozatom t\u00e9m\u00e1ja eur\u00e1zsiai parlagisas-popul\u00e1ci\u00f3k genetikai diverzit\u00e1sa \u00e9s strukt\u00far\u00e1ja volt, melyet tansz\u00e9k\u00fcnk Molekul\u00e1ris \u00d6kol\u00f3gia Kutat\u00f3csoportj\u00e1n\u00e1l v\u00e9geztem. Jelenleg is ragadoz\u00f3 madarak term\u00e9szetv\u00e9delm\u00e9t el\u0151seg\u00edt\u0151 molekul\u00e1ris biol\u00f3giai kutat\u00e1sokkal foglalkozom.<\/p> <p><strong>F\u0151bb kutat\u00e1si ter\u00fcletek:<\/strong><\/p> <ul> <li>Parlagisas-popul\u00e1ci\u00f3k genetikai diverzit\u00e1sa \u00e9s strukt\u00far\u00e1ja<\/li> <li>Parlagisas-fi\u00f3kaivarar\u00e1ny f\u00fcgg\u00e9se \u00f6kol\u00f3giai v\u00e1ltoz\u00f3kt\u00f3l<\/li> <li>Kerecsens\u00f3lyom-sz\u00fcl\u0151k lecser\u00e9l\u0151d\u00e9s\u00e9nek vizsg\u00e1lata fi\u00f3ka genot\u00edpusok alapj\u00e1n<\/li> <\/ul> <p><strong>El\u0151rehalad\u00e1s:<\/strong><\/p> <p>2024 \u2013 \u00c1llatorvostudom\u00e1nyi Egyetem, \u00c1llatorvostudom\u00e1nyi Doktori Iskola, Zool\u00f3giai tansz\u00e9k, PhD hallgat\u00f3<\/p> <p>2022-2024 \u2013 E\u00f6tv\u00f6s Lor\u00e1nd Tudom\u00e1nyegyetem, okleveles biol\u00f3gus<\/p> <p>2019-2022 \u2013 \u00c1llatorvostudom\u00e1nyi Egyetem, biol\u00f3gus<\/p> <p><strong>Publik\u00e1ci\u00f3s lista:<\/strong><\/p> <p>M\u00f3r\u00e9, A., \u00dcveges, B., Simics, J., Radovics, D., Kov\u00e1cs, G., Bancsik, B., Wenner, B., Budai, M., <strong>Tisza, \u00c1<\/strong>., Vad\u00e1sz, Cs., Mizser, Sz., T\u00f3thm\u00e9r\u00e9sz, B. &amp; Mizsei, E. (2024). Predation on the Endangered Hungarian Meadow Viper in Pastures and Hayfields: Insights From Plasticine Models.\u00a0Rangeland Ecology &amp; Management,\u00a095, 68-76.<\/p> <p><strong>Tisza, \u00c1<\/strong>., M\u00f3r\u00e9, A., Turny, Z., Bereczky, A., Szentesi, Z., Kors\u00f3s, Z., &amp; Mizsei, E. (2024). A geometric morphometric approach to identify uncomplete snake vertebrae from raptor bird feeding remains.\u00a0Food Webs,\u00a038, e00334.<\/p> <p>Mizsei, E., Budai, M., Wenner, B., R\u00e1k, G., Radovics, D., Bancsik, B., Kov\u00e1cs, G., <strong>Tisza, \u00c1.<\/strong>, Simics, J., Szabolcs, M., Vad\u00e1sz, Cs., M\u00f3r\u00e9, A. (2023). Before\u2010after\u2010control\u2010impact field experiment shows anti\u2010predator netting enhances occupancy of the threatened Hungarian meadow viper (Vipera ursinii rakosiensis).\u00a0Wildlife Biology, e01147.<\/p> <p>Schmid, P. L., Gr\u00fcnewald, J., Gloor, R., Francioli, Y., <strong>Tisza, \u00c1.<\/strong>, Mizsei, E., &amp; Mebert, K. (2023). First illustrated record of melanism in Dinnik&#8217;s Viper, Vipera dinniki Nikolsky, 1913 in Georgia.\u00a0Herpetology Notes,\u00a016, 87-89.<\/p>","protected":false},"excerpt":{"rendered":"<p>Bemutatkoz\u00e1s Tisza \u00c1d\u00e1m vagyok, a Zool\u00f3giai Tansz\u00e9k PhD hallgat\u00f3ja. Alapszakos tanulm\u00e1nyaimat az \u00c1llatorvostudom\u00e1nyi Egyetem biol\u00f3gia BSc szakj\u00e1n v\u00e9geztem 2022-ben, amihez a R\u00e1kosi Vipera V\u00e9delmi Programn\u00e1l vipera-mad\u00e1r interakci\u00f3kkal kapcsolatos vizsg\u00e1latokat folytattam. 2024-ben v\u00e9geztem az E\u00f6tv\u00f6s Lor\u00e1nd Tudom\u00e1nyegyetemen biol\u00f3gia mesterszakj\u00e1n, \u00f6kol\u00f3gia, evol\u00faci\u00f3- \u00e9s konzerv\u00e1ci\u00f3biol\u00f3gia specializ\u00e1ci\u00f3n. Szakdolgozatom t\u00e9m\u00e1ja eur\u00e1zsiai parlagisas-popul\u00e1ci\u00f3k genetikai diverzit\u00e1sa \u00e9s strukt\u00far\u00e1ja volt, melyet tansz\u00e9k\u00fcnk Molekul\u00e1ris<\/p>\n","protected":false},"author":5824,"featured_media":0,"parent":858,"menu_order":37,"comment_status":"closed","ping_status":"closed","template":"","meta":{"_acf_changed":false,"footnotes":""},"categories":[],"tags":[],"class_list":["post-104427","page","type-page","status-publish","hentry"],"acf":[],"_links":{"self":[{"href":"https:\/\/univet.hu\/hu\/wp-json\/wp\/v2\/pages\/104427","targetHints":{"allow":["GET"]}}],"collection":[{"href":"https:\/\/univet.hu\/hu\/wp-json\/wp\/v2\/pages"}],"about":[{"href":"https:\/\/univet.hu\/hu\/wp-json\/wp\/v2\/types\/page"}],"author":[{"embeddable":true,"href":"https:\/\/univet.hu\/hu\/wp-json\/wp\/v2\/users\/5824"}],"replies":[{"embeddable":true,"href":"https:\/\/univet.hu\/hu\/wp-json\/wp\/v2\/comments?post=104427"}],"version-history":[{"count":1,"href":"https:\/\/univet.hu\/hu\/wp-json\/wp\/v2\/pages\/104427\/revisions"}],"predecessor-version":[{"id":199479,"href":"https:\/\/univet.hu\/hu\/wp-json\/wp\/v2\/pages\/104427\/revisions\/199479"}],"up":[{"embeddable":true,"href":"https:\/\/univet.hu\/hu\/wp-json\/wp\/v2\/pages\/858"}],"wp:attachment":[{"href":"https:\/\/univet.hu\/hu\/wp-json\/wp\/v2\/media?parent=104427"}],"wp:term":[{"taxonomy":"category","embeddable":true,"href":"https:\/\/univet.hu\/hu\/wp-json\/wp\/v2\/categories?post=104427"},{"taxonomy":"post_tag","embeddable":true,"href":"https:\/\/univet.hu\/hu\/wp-json\/wp\/v2\/tags?post=104427"}],"curies":[{"name":"wp","href":"https:\/\/api.w.org\/{rel}","templated":true}]}}