{"id":104630,"date":"2024-10-17T09:55:37","date_gmt":"2024-10-17T07:55:37","guid":{"rendered":"https:\/\/univet.hu\/?page_id=104630"},"modified":"2024-10-17T10:09:35","modified_gmt":"2024-10-17T08:09:35","slug":"haszonallat-es-elelmiszerlanc-biztonsagi-szakkollegium","status":"publish","type":"page","link":"https:\/\/univet.hu\/hu\/haszonallat-es-elelmiszerlanc-biztonsagi-szakkollegium\/","title":{"rendered":"Haszon\u00e1llat \u00e9s \u00c9lelmiszerl\u00e1nc-biztons\u00e1gi Szakkoll\u00e9gium"},"content":{"rendered":"<p><\/br><\/p> <h3>Megalakult a Haszon\u00e1llat \u00e9s \u00c9lelmiszerl\u00e1nc-biztons\u00e1gi (H\u00c9B) Szakkoll\u00e9gium<\/h3> <p><img loading=\"lazy\" decoding=\"async\" class=\"wp-image-104632 size-medium alignright\" src=\"https:\/\/univet.hu\/wp-content\/uploads\/2024\/10\/HE\u0301B_logo\u0301_szi\u0301nes-320x320.png\" alt=\"\" width=\"320\" height=\"320\" srcset=\"https:\/\/univet.hu\/wp-content\/uploads\/2024\/10\/HE\u0301B_logo\u0301_szi\u0301nes-320x320.png 320w, https:\/\/univet.hu\/wp-content\/uploads\/2024\/10\/HE\u0301B_logo\u0301_szi\u0301nes-768x768.png 768w, https:\/\/univet.hu\/wp-content\/uploads\/2024\/10\/HE\u0301B_logo\u0301_szi\u0301nes-960x960.png 960w, https:\/\/univet.hu\/wp-content\/uploads\/2024\/10\/HE\u0301B_logo\u0301_szi\u0301nes-640x640.png 640w, https:\/\/univet.hu\/wp-content\/uploads\/2024\/10\/HE\u0301B_logo\u0301_szi\u0301nes.png 1220w\" sizes=\"auto, (max-width: 320px) 100vw, 320px\" \/><\/p> <p>2023 november\u00e9ben j\u00f6tt l\u00e9tre Haszon\u00e1llat \u00e9s \u00c9lelmiszerl\u00e1nc-biztons\u00e1gi (H\u00c9B) Szakkoll\u00e9gium, olyan hallgat\u00f3k kezdem\u00e9nyez\u00e9s\u00e9re, akik elk\u00f6telezettek a haszon\u00e1llat-gy\u00f3gy\u00e1szat ir\u00e1nt. A szakkoll\u00e9gium 2024 tavasz\u00e1n ind\u00edtotta el akt\u00edv tev\u00e9kenys\u00e9g\u00e9t \u00e9s a lelkes \u00f6nk\u00e9ntes csapat az\u00f3ta is folyamatosan el\u0151ad\u00e1sokat, telepl\u00e1togat\u00e1sokat \u00e9s k\u00f6z\u00f6ss\u00e9gi programokat szervez, \u00edgy egy f\u00e9l\u00e9v sor\u00e1n sz\u00e1mos szakmai \u00e9s k\u00f6z\u00f6ss\u00e9gi esem\u00e9nyen vehetnek r\u00e9szt az \u00e9rdekl\u0151d\u0151k.<\/p> <p>A szakkoll\u00e9gium hivatalos p\u00e1rtfog\u00f3ja Dr. S\u00fcth Mikl\u00f3s, az \u00c9lelmiszerl\u00e1nc-tudom\u00e1nyi Int\u00e9zet igazgat\u00f3ja, de mellette a Sz\u00fcl\u00e9szeti Tansz\u00e9k \u00e9s Haszon\u00e1llat-gy\u00f3gy\u00e1szati Klinika, valamint az \u00c1llathigi\u00e9niai, \u00c1llom\u00e1ny-eg\u00e9szs\u00e9gtani Tansz\u00e9k \u00e9s Mobilklinika munkat\u00e1rsaival is szoros az egy\u00fcttm\u0171k\u00f6d\u00e9s.<\/p> <p>A szakkoll\u00e9gium tags\u00e1ga a megalakul\u00e1s \u00f3ta k\u00f6zel 70 f\u0151re n\u0151tt, de a szervez\u0151k a programok b\u0151v\u00edt\u00e9s\u00e9vel m\u00e9g t\u00f6bb hallgat\u00f3 figyelm\u00e9t szeretn\u00e9k felkelteni a haszon\u00e1llat-orvosl\u00e1s ir\u00e1nt. A szakkoll\u00e9gium szervez\u00e9s\u00e9ben a tagok a k\u00fcl\u00f6nb\u00f6z\u0151 szakemberekkel, p\u00e9ld\u00e1ul \u00e1llatorvosokkal, \u00e1llatteny\u00e9szt\u0151kkel \u00e9s gazdas\u00e1gi szak\u00e9rt\u0151kkel ismerkedhetnek meg, \u00edgy \u00e1tfog\u00f3 k\u00e9pet kaphatnak a mez\u0151gazdas\u00e1g val\u00f3di m\u0171k\u00f6d\u00e9s\u00e9r\u0151l. Emellett a szakkoll\u00e9gium olyan gyakorlati helyek keres\u00e9s\u00e9re is t\u00f6rekszik, ahol a tagok \u00e9rt\u00e9kes tapasztalatot szerezhetnek, ezzel is seg\u00edtve \u0151ket a szakmai fejl\u0151d\u00e9s\u00fckben.<\/p> <p>A legfontosabb c\u00e9l azonban nem csup\u00e1n a szakmai fejl\u0151d\u00e9s, hanem egy er\u0151s k\u00f6z\u00f6ss\u00e9g kialak\u00edt\u00e1sa. A szakkoll\u00e9gium \u00f6sszehozza azokat a hallgat\u00f3kat, akik osztoznak a hasonl\u00f3 \u00e9rdekl\u0151d\u00e9si k\u00f6rben, \u00edgy m\u00e1r az egyetemi \u00e9vek alatt szoros kapcsolatok alakulhatnak ki, amelyek a k\u00e9s\u0151bbi szakmai \u00e9let\u00fat sor\u00e1n is hasznosak lehetnek.<\/p> <p>A tagfelv\u00e9telt minden f\u00e9l\u00e9v elej\u00e9n hirdetik meg, a r\u00e9szletekr\u0151l a szakkoll\u00e9gium k\u00f6z\u00f6ss\u00e9gi m\u00e9dia oldalain lehet t\u00e1j\u00e9koz\u00f3dni.<\/p> <p>Facebook: <a href=\"https:\/\/www.facebook.com\/profile.php?id=61553274009520\">https:\/\/www.facebook.com\/profile.php?id=61553274009520<\/a><br \/> Instagram: <a href=\"https:\/\/www.instagram.com\/hebszakkoli?igsh=MWx4MW9vY3R0MGJnbA==\">https:\/\/www.instagram.com\/hebszakkoli?igsh=MWx4MW9vY3R0MGJnbA==<\/a><br \/> El\u00e9rhet\u0151s\u00e9g: <a class=\"decrypt\" rel=\"ifct{bllpmmfhjvnAhnbjm\/dpn\" href=\"javascript:void(0);\">[Kattintson az emailc\u00edmhez]<\/a><\/p> <p>Vezet\u0151s\u00e9g:<br \/> Luk\u00e1cs Lili Anna \u2013 eln\u00f6k<br \/> Boros Bogl\u00e1rka \u2013 aleln\u00f6k<\/p> <p>A Szakkoll\u00e9gium alap\u00edt\u00f3 okiratai a szervezet <a href=\"https:\/\/drive.google.com\/drive\/folders\/1NQh-6frcHAFU_D8UIPoC7QWgnklzcAGd\">Google Drive<\/a> fi\u00f3kj\u00e1ban olvashat\u00f3k.<\/p>","protected":false},"excerpt":{"rendered":"<p>Megalakult a Haszon\u00e1llat \u00e9s \u00c9lelmiszerl\u00e1nc-biztons\u00e1gi (H\u00c9B) Szakkoll\u00e9gium 2023 november\u00e9ben j\u00f6tt l\u00e9tre Haszon\u00e1llat \u00e9s \u00c9lelmiszerl\u00e1nc-biztons\u00e1gi (H\u00c9B) Szakkoll\u00e9gium, olyan hallgat\u00f3k kezdem\u00e9nyez\u00e9s\u00e9re, akik elk\u00f6telezettek a haszon\u00e1llat-gy\u00f3gy\u00e1szat ir\u00e1nt. A szakkoll\u00e9gium 2024 tavasz\u00e1n ind\u00edtotta el akt\u00edv tev\u00e9kenys\u00e9g\u00e9t \u00e9s a lelkes \u00f6nk\u00e9ntes csapat az\u00f3ta is folyamatosan el\u0151ad\u00e1sokat, telepl\u00e1togat\u00e1sokat \u00e9s k\u00f6z\u00f6ss\u00e9gi programokat szervez, \u00edgy egy f\u00e9l\u00e9v sor\u00e1n sz\u00e1mos szakmai \u00e9s k\u00f6z\u00f6ss\u00e9gi esem\u00e9nyen<\/p>\n","protected":false},"author":3837,"featured_media":0,"parent":0,"menu_order":0,"comment_status":"closed","ping_status":"closed","template":"","meta":{"_acf_changed":false,"footnotes":""},"categories":[],"tags":[],"class_list":["post-104630","page","type-page","status-publish","hentry"],"acf":[],"_links":{"self":[{"href":"https:\/\/univet.hu\/hu\/wp-json\/wp\/v2\/pages\/104630","targetHints":{"allow":["GET"]}}],"collection":[{"href":"https:\/\/univet.hu\/hu\/wp-json\/wp\/v2\/pages"}],"about":[{"href":"https:\/\/univet.hu\/hu\/wp-json\/wp\/v2\/types\/page"}],"author":[{"embeddable":true,"href":"https:\/\/univet.hu\/hu\/wp-json\/wp\/v2\/users\/3837"}],"replies":[{"embeddable":true,"href":"https:\/\/univet.hu\/hu\/wp-json\/wp\/v2\/comments?post=104630"}],"version-history":[{"count":0,"href":"https:\/\/univet.hu\/hu\/wp-json\/wp\/v2\/pages\/104630\/revisions"}],"wp:attachment":[{"href":"https:\/\/univet.hu\/hu\/wp-json\/wp\/v2\/media?parent=104630"}],"wp:term":[{"taxonomy":"category","embeddable":true,"href":"https:\/\/univet.hu\/hu\/wp-json\/wp\/v2\/categories?post=104630"},{"taxonomy":"post_tag","embeddable":true,"href":"https:\/\/univet.hu\/hu\/wp-json\/wp\/v2\/tags?post=104630"}],"curies":[{"name":"wp","href":"https:\/\/api.w.org\/{rel}","templated":true}]}}