{"id":104641,"date":"2024-10-17T14:32:32","date_gmt":"2024-10-17T12:32:32","guid":{"rendered":"https:\/\/univet.hu\/hu\/oktatas\/tanulmanyi-osztaly\/allasajanlatok\/name\/"},"modified":"2024-10-17T14:32:32","modified_gmt":"2024-10-17T12:32:32","slug":"dr-tatar-gabor","status":"publish","type":"page","link":"https:\/\/univet.hu\/hu\/oktatas\/tanulmanyi-osztaly\/allasajanlatok\/dr-tatar-gabor\/","title":{"rendered":"dr. Tat\u00e1r G\u00e1bor"},"content":{"rendered":"<p>2024.10.17<\/p> <p style=\"text-align: center;\"><strong>Tisztelt leend\u0151 Koll\u00e9ga!<\/strong><\/p> <p>Engedd meg, hogy r\u00f6viden bemutatkozzam:<\/p> <p>Dr. Tat\u00e1r G\u00e1bor vagyok, 32 \u00e9ve dolgozom \u00e1llatorvosk\u00e9nt vegyes praxisban. Az \u00e1llatorvosl\u00e1s mellett \u2013 imm\u00e1r 3. ciklusban \u2013 ell\u00e1tom Fegyvernek v\u00e1ros alpolg\u00e1rmesteri feladatait is. Hobbim a fogathajt\u00e1s. A sokasod\u00f3 feladatok sz\u00fcks\u00e9gess\u00e9 tett\u00e9k a praxis b\u0151v\u00edt\u00e9s\u00e9t, ez\u00e9rt keresem leend\u0151 fiatal koll\u00e9g\u00e1mat, aki seg\u00edts\u00e9gemre lesz a k\u00f6telezetts\u00e9geim ell\u00e1t\u00e1s\u00e1ban \u00e9s aki sikeres egy\u00fcttm\u0171k\u00f6d\u00e9s eset\u00e9n id\u0151vel ak\u00e1r a praxist is \u00e1tvenn\u00e9.<\/p> <p><strong>A praxis jelenlegi elemei:<\/strong><\/p> <ul> <li>nagy l\u00e9tsz\u00e1m\u00fa sert\u00e9stelep (4 db)<\/li> <li>nagy l\u00e9tsz\u00e1m\u00fa szarvasmarha telep (2 db)<\/li> <li>megyei k\u00f6rzetbe sorolt ENAR k\u00f3dos teny\u00e9szetek (71 db)<\/li> <li>lovas praxis<\/li> <li>kis\u00e1llat rendel\u0151 (5231 Fegyvernek, D\u00f3zsa Gy. \u00fat 61.; GINOP p\u00e1ly\u00e1zat keret\u00e9n bel\u00fcl 2 \u00e9ve ker\u00fclt fel\u00faj\u00edt\u00e1sra) https:\/\/allatorvosfegyvernek.hu\/<\/li> <li>saj\u00e1t tulajdon\u00fa 100 koc\u00e1s sert\u00e9s telep, hozz\u00e1 kapcsol\u00f3d\u00f3 v\u00e1g\u00f3ponttal<\/li> <\/ul> <p><strong>Elv\u00e1r\u00e1sok:<\/strong> els\u0151sorban olyan 3-4. \u00e9ves hallgat\u00f3t keresn\u00e9k, aki a tanulm\u00e1nyai befejez\u00e9s\u00e9ig megismerkedne a praxissal, hogy a diploma megszerz\u00e9se ut\u00e1n azonnal teljes \u00e9rt\u00e9k\u0171 munk\u00e1t tudjon v\u00e9gezni.<\/p> <ul> <li>\u00f6n\u00e1ll\u00f3, ig\u00e9nyes munkav\u00e9gz\u00e9s; sz\u00fcks\u00e9g eset\u00e9n a praxis b\u00e1rmely r\u00e9sz\u00e9n<\/li> <li>B kateg\u00f3ri\u00e1s jogos\u00edtv\u00e1ny<\/li> <li>rugalmass\u00e1g<\/li> <li>elhivatotts\u00e1g<\/li> <li>nagy munkab\u00edr\u00e1s<\/li> <li>\u00faj tud\u00e1s behozatala<\/li> <\/ul> <p><strong>El\u0151nyt jelent:<\/strong><\/p> <p>&#x2714;gazdas\u00e1gi haszon\u00e1llattal szeretn\u00e9l foglalkozni<\/p> <p>&#x2714;\u00e9rdekel a l\u00f3 mesters\u00e9ges megterm\u00e9keny\u00edt\u00e9s<\/p> <p>&#x2714;innovat\u00edv szeml\u00e9letm\u00f3ddal rendelkezel<\/p> <p><strong>Amiben seg\u00edteni tudok:<\/strong><\/p> <ul> <li>lakhat\u00e1s<\/li> <li>g\u00e9pkocsi<\/li> <li>folyamatos szakmai fejl\u0151d\u00e9s<\/li> <li>szak\u00e1llatorvosi v\u00e9gzetts\u00e9g megszerz\u00e9se<\/li> <\/ul> <p>Amennyiben \u00fagy gondolod, hogy szeretn\u00e9l velem csal\u00e1dias, bar\u00e1ti l\u00e9gk\u00f6rben egy\u00fctt dolgozni, v\u00e1rom jelentkez\u00e9sedet az al\u00e1bbi el\u00e9rhet\u0151s\u00e9gek valamelyik\u00e9n:<\/p> <p>Telefonon: dr. Tat\u00e1r G\u00e1bor: 06\/30 3303745<\/p> <p>E-mailben: <a class=\"decrypt\" rel=\"esububshbcpsAhnbjm\/dpn\" href=\"javascript:void(0);\">[Kattintson az emailc\u00edmhez]<\/a><\/p> <p>Kollegi\u00e1lis tisztelettel:<\/p> <p>Dr. Tat\u00e1r G\u00e1bor<\/p>","protected":false},"excerpt":{"rendered":"<p>2024.10.17 Tisztelt leend\u0151 Koll\u00e9ga! Engedd meg, hogy r\u00f6viden bemutatkozzam: Dr. Tat\u00e1r G\u00e1bor vagyok, 32 \u00e9ve dolgozom \u00e1llatorvosk\u00e9nt vegyes praxisban. Az \u00e1llatorvosl\u00e1s mellett \u2013 imm\u00e1r 3. ciklusban \u2013 ell\u00e1tom Fegyvernek v\u00e1ros alpolg\u00e1rmesteri feladatait is. Hobbim a fogathajt\u00e1s. A sokasod\u00f3 feladatok sz\u00fcks\u00e9gess\u00e9 tett\u00e9k a praxis b\u0151v\u00edt\u00e9s\u00e9t, ez\u00e9rt keresem leend\u0151 fiatal koll\u00e9g\u00e1mat, aki seg\u00edts\u00e9gemre lesz a k\u00f6telezetts\u00e9geim ell\u00e1t\u00e1s\u00e1ban<\/p>\n","protected":false},"author":2961,"featured_media":0,"parent":26415,"menu_order":0,"comment_status":"open","ping_status":"open","template":"","meta":{"_acf_changed":false,"footnotes":""},"categories":[],"tags":[],"class_list":["post-104641","page","type-page","status-publish","hentry"],"acf":[],"_links":{"self":[{"href":"https:\/\/univet.hu\/hu\/wp-json\/wp\/v2\/pages\/104641","targetHints":{"allow":["GET"]}}],"collection":[{"href":"https:\/\/univet.hu\/hu\/wp-json\/wp\/v2\/pages"}],"about":[{"href":"https:\/\/univet.hu\/hu\/wp-json\/wp\/v2\/types\/page"}],"author":[{"embeddable":true,"href":"https:\/\/univet.hu\/hu\/wp-json\/wp\/v2\/users\/2961"}],"replies":[{"embeddable":true,"href":"https:\/\/univet.hu\/hu\/wp-json\/wp\/v2\/comments?post=104641"}],"version-history":[{"count":0,"href":"https:\/\/univet.hu\/hu\/wp-json\/wp\/v2\/pages\/104641\/revisions"}],"up":[{"embeddable":true,"href":"https:\/\/univet.hu\/hu\/wp-json\/wp\/v2\/pages\/26415"}],"wp:attachment":[{"href":"https:\/\/univet.hu\/hu\/wp-json\/wp\/v2\/media?parent=104641"}],"wp:term":[{"taxonomy":"category","embeddable":true,"href":"https:\/\/univet.hu\/hu\/wp-json\/wp\/v2\/categories?post=104641"},{"taxonomy":"post_tag","embeddable":true,"href":"https:\/\/univet.hu\/hu\/wp-json\/wp\/v2\/tags?post=104641"}],"curies":[{"name":"wp","href":"https:\/\/api.w.org\/{rel}","templated":true}]}}