{"id":105083,"date":"2024-11-06T16:19:06","date_gmt":"2024-11-06T15:19:06","guid":{"rendered":"https:\/\/univet.hu\/hu\/oktatas\/doktori-iskola\/name-2\/"},"modified":"2026-01-08T14:21:05","modified_gmt":"2026-01-08T13:21:05","slug":"laborallat-tudomany-es-allatvedelem-kurzus","status":"publish","type":"page","link":"https:\/\/univet.hu\/hu\/oktatas\/doktori-iskola\/laborallat-tudomany-es-allatvedelem-kurzus\/","title":{"rendered":"Labor\u00e1llat-tudom\u00e1ny \u00e9s \u00c1llatv\u00e9delem kurzus"},"content":{"rendered":"<p>&nbsp;<\/p> <p style=\"text-align: center\"><span style=\"color: #000000;font-size: 18pt\"><strong>LABOR\u00c1LLAT-TUDOM\u00c1NY \u00c9S \u00c1LLATV\u00c9DELEM<\/strong><\/span><\/p> <div class=\"x_x_elementToProof\" style=\"text-align: center\"><span style=\"font-size: 12pt\"><i data-olk-copy-source=\"MessageBody\">A kurzus &#8222;a 40\/2013. \u00e9vi Korm\u00e1nyrendelet 5. mell\u00e9klete B. (2) \u00e1ltal el\u0151\u00edrt, \u00c1TET \u00e1ltal j\u00f3v\u00e1hagyott 80 \u00f3r\u00e1s k\u00e9pz\u00e9si k\u00f6vetelm\u00e9nyeket (60 \u00f3ra elm\u00e9let, 10 \u00f3ra plen\u00e1ris \u00e9s 10 \u00f3ra gyakorlat)<\/i><\/span><\/div> <div class=\"x_x_elementToProof\" style=\"text-align: center\"><span style=\"font-size: 12pt\"><i>kiel\u00e9g\u00edti.<\/i>&#8222;<\/span><\/div> <div><\/div> <h1 style=\"text-align: center\"><a href=\"https:\/\/forms.office.com\/e\/C4QTbkz2ep\"><span style=\"color: #d10423\"><span style=\"font-size: 18pt\"><strong>REGISZTR\u00c1CI\u00d3<\/strong><\/span><\/span><\/a><\/h1> <p style=\"text-align: center\"><strong><span style=\"font-size: 14pt\">Jelentkez\u00e9si hat\u00e1rid\u0151:<span style=\"color: #d10423\"> 2025. 12. 15.\u00a0<\/span><\/span><\/strong><\/p> <p>&nbsp;<\/p> <p><strong><span style=\"color: #d10423\">Kurzus id\u0151pontja:<\/span> 2026. janu\u00e1r 07. &#8211; 2026. febru\u00e1r 12.<br \/> <\/strong><br \/> <strong><span style=\"color: #d10423\">A kurzus d\u00edja:\u00a0<\/span><\/strong> <strong>220.000 Ft<\/strong> (k\u00fcls\u0151s jelentkez\u0151knek)<\/p> <p>M\u00e1s Doktori Iskol\u00e1k PhD hallgat\u00f3i abban az az esetben vehetnek r\u00e9szt t\u00e9r\u00edt\u00e9smentesen az \u00c1llatorvos-tudom\u00e1nyi Doktori Iskola kurzusain, ha k\u00e9t igazol\u00e1st\u00a0mell\u00e9kelnek a k\u00e9relemhez:<\/p> <p>1.) A t\u00e9mavezet\u0151 igazol\u00e1sa, hogy a hallgat\u00f3 sz\u00e1m\u00e1ra sz\u00fcks\u00e9ges a kurzus elv\u00e9gz\u00e9se. Ezt k\u00e9rj\u00fck az \u00c1TE-DI vezet\u0151j\u00e9nek, Dr. R\u00e1cz Benc\u00e9nek c\u00edmezz\u00e9k \u00e9s a <a class=\"decrypt\" rel=\"qieAvojwfu\/iv\" href=\"javascript:void(0);\">[Kattintson az emailc\u00edmhez]<\/a>\u00a0c\u00edmre k\u00fcldj\u00e9k.<\/p> <p>2.) A hallgat\u00f3 doktori iskol\u00e1j\u00e1nak\u00a0 az adminisztr\u00e1tora vagy vezet\u0151je igazolja, hogy a kurzust az elv\u00e9gz\u00e9s eset\u00e9n kredittel elismerik. El\u0151ny\u00f6sen (de nem felt\u00e9tlen\u00fcl) ugyanannyival, mint amennyit a mi doktori iskol\u00e1nk ad \u00e9rte.<\/p> <p><strong><span style=\"font-size: 14pt\">A KURZUS ID\u0150BEOSZT\u00c1SA<\/span><\/strong><\/p> <p>Teljes \u00f3rasz\u00e1m:<br \/> \u00b7 60 \u00f3ra elm\u00e9let<br \/> \u00b7 20 \u00f3ra gyakorlat<\/p> <p>Az <strong>elm\u00e9leti \u00f3r\u00e1k <\/strong>online (<em>MS Teams fel\u00fcleten<\/em>) ker\u00fclnek megtart\u00e1sra az al\u00e1bbi id\u0151pontokban:<\/p> <div data-olk-copy-source=\"MessageBody\">2026. janu\u00e1r 7. 17.00-20.00<\/div> <div>2026. janu\u00e1r 8. 17.00-20.00<\/div> <div>2026. janu\u00e1r 9. 17.00-20.00<\/div> <div>2026. janu\u00e1r 14. 17.00-20.00<\/div> <div>2026. janu\u00e1r 15. 17.00-20.00<\/div> <div>2026. janu\u00e1r 16. 17.00-20.00<\/div> <div>2026. janu\u00e1r 22. 17.00-20.00<\/div> <div>2026. janu\u00e1r 23. 17.00-20.00<\/div> <div>2026. janu\u00e1r 29. 17.00-20.00<\/div> <div>2026. janu\u00e1r 30. 17.00-20.00<\/div> <div>2026. febru\u00e1r 4. 17.00-20.00<\/div> <div>2026. febru\u00e1r 5. 17.00-20.00<\/div> <div>2026. febru\u00e1r 6. 17.00-20.00<\/div> <div>2026. febru\u00e1r 11. 17.00-20.00<\/div> <div> <p>2026. febru\u00e1r 12. 17.00-20.00<\/p> <p>A <strong>gyakorlati \u00f3r\u00e1k<\/strong> <em>szem\u00e9lyes jelenl\u00e9t<\/em> mellett, az \u00c1llatorvostudom\u00e1nyi Egyetemen (1078 Budapest, Istv\u00e1n utca 2.) ker\u00fclnek megtart\u00e1sra az al\u00e1bbi id\u0151pontokban:<\/p> <\/div> <div data-olk-copy-source=\"MessageBody\">2026. 01. 21. 8.00 &#8211; 18.00 (csoportbeoszt\u00e1s szerint)<\/div> <div> <p>2026. 01. 28. 8.00 &#8211; 18.00 (csoportbeoszt\u00e1s szerint)<\/p> <p>A kurzussal kapcsolatban b\u0151vebb inform\u00e1ci\u00f3 az Egyetem\u00a0<a href=\"https:\/\/univet.hu\/hu\/egyetem\/szervezeti-egysegek\/allattenyesztesi-takarmanyozastani-es-laborallat-tudomanyi-tanszek\/laborallattudomanyi-es-allatvedelmi-tanszek\/\">Labor\u00e1llat-tudom\u00e1nyi &amp; \u00c1llatv\u00e9delmi Tansz\u00e9k\u00e9t\u0151l<\/a> k\u00e9rhet\u0151.<\/p> <\/div>","protected":false},"excerpt":{"rendered":"<p>&nbsp; LABOR\u00c1LLAT-TUDOM\u00c1NY \u00c9S \u00c1LLATV\u00c9DELEM A kurzus &#8222;a 40\/2013. \u00e9vi Korm\u00e1nyrendelet 5. mell\u00e9klete B. (2) \u00e1ltal el\u0151\u00edrt, \u00c1TET \u00e1ltal j\u00f3v\u00e1hagyott 80 \u00f3r\u00e1s k\u00e9pz\u00e9si k\u00f6vetelm\u00e9nyeket (60 \u00f3ra elm\u00e9let, 10 \u00f3ra plen\u00e1ris \u00e9s 10 \u00f3ra gyakorlat) kiel\u00e9g\u00edti.&#8222; REGISZTR\u00c1CI\u00d3 Jelentkez\u00e9si hat\u00e1rid\u0151: 2025. 12. 15.\u00a0 &nbsp; Kurzus id\u0151pontja: 2026. janu\u00e1r 07. &#8211; 2026. febru\u00e1r 12. A kurzus d\u00edja:\u00a0 220.000 Ft<\/p>\n","protected":false},"author":5394,"featured_media":0,"parent":735,"menu_order":34,"comment_status":"open","ping_status":"closed","template":"","meta":{"_acf_changed":false,"footnotes":""},"categories":[],"tags":[],"class_list":["post-105083","page","type-page","status-publish","hentry"],"acf":[],"_links":{"self":[{"href":"https:\/\/univet.hu\/hu\/wp-json\/wp\/v2\/pages\/105083","targetHints":{"allow":["GET"]}}],"collection":[{"href":"https:\/\/univet.hu\/hu\/wp-json\/wp\/v2\/pages"}],"about":[{"href":"https:\/\/univet.hu\/hu\/wp-json\/wp\/v2\/types\/page"}],"author":[{"embeddable":true,"href":"https:\/\/univet.hu\/hu\/wp-json\/wp\/v2\/users\/5394"}],"replies":[{"embeddable":true,"href":"https:\/\/univet.hu\/hu\/wp-json\/wp\/v2\/comments?post=105083"}],"version-history":[{"count":4,"href":"https:\/\/univet.hu\/hu\/wp-json\/wp\/v2\/pages\/105083\/revisions"}],"predecessor-version":[{"id":197614,"href":"https:\/\/univet.hu\/hu\/wp-json\/wp\/v2\/pages\/105083\/revisions\/197614"}],"up":[{"embeddable":true,"href":"https:\/\/univet.hu\/hu\/wp-json\/wp\/v2\/pages\/735"}],"wp:attachment":[{"href":"https:\/\/univet.hu\/hu\/wp-json\/wp\/v2\/media?parent=105083"}],"wp:term":[{"taxonomy":"category","embeddable":true,"href":"https:\/\/univet.hu\/hu\/wp-json\/wp\/v2\/categories?post=105083"},{"taxonomy":"post_tag","embeddable":true,"href":"https:\/\/univet.hu\/hu\/wp-json\/wp\/v2\/tags?post=105083"}],"curies":[{"name":"wp","href":"https:\/\/api.w.org\/{rel}","templated":true}]}}