{"id":105428,"date":"2024-11-25T09:26:39","date_gmt":"2024-11-25T08:26:39","guid":{"rendered":"https:\/\/univet.hu\/hu\/oktatas\/tanulmanyi-osztaly\/allasajanlatok\/name\/"},"modified":"2024-11-25T09:26:39","modified_gmt":"2024-11-25T08:26:39","slug":"rakosligeti-allatorvosi-rendelointezet","status":"publish","type":"page","link":"https:\/\/univet.hu\/hu\/oktatas\/tanulmanyi-osztaly\/allasajanlatok\/rakosligeti-allatorvosi-rendelointezet\/","title":{"rendered":"R\u00e1kosligeti \u00c1llatorvosi Rendel\u0151int\u00e9zet"},"content":{"rendered":"<div data-olk-copy-source=\"MessageBody\">2024.11.25<\/div> <div data-olk-copy-source=\"MessageBody\"><\/div> <div data-olk-copy-source=\"MessageBody\">Kedves leend\u0151 Koll\u00e9g\u00e1k!<\/p> <p>A folyamatos fejl\u0151d\u00e9snek \u00e9s a b\u0151v\u00fcl\u0151 \u00fcgyf\u00e9lk\u00f6rnek k\u00f6sz\u00f6nhet\u0151en \u00e1llatorvos gyakornok, majd \u00e1llatorvos koll\u00e9g\u00e1t keres\u00fcnk 17 ker\u00fcleti, R\u00e1kosligeti \u00c1llatorvosi Rendel\u0151int\u00e9zetbe, f\u0151leg a belgy\u00f3gy\u00e1szat ir\u00e1nt \u00e9rdekl\u0151d\u0151 jelentkez\u0151ket v\u00e1runk\u00a0&#x1f642;<br \/> Rendel\u0151nk j\u00f3l felszerelt, magas sz\u00ednvonal\u00fa szakmai h\u00e1tt\u00e9rrel rendelkezik \u00e9s a nagy eset sz\u00e1m miatt \u00e9rdekes esetekkel is tal\u00e1lkozhatsz. \u00c1llatorvosaink munk\u00e1j\u00e1t k\u00e9pzett asszisztensek seg\u00edtik.<\/p> <\/div> <div>\u00c1lland\u00f3 szakrendel\u00e9seink: szem\u00e9szet, fog\u00e1szat, laparoszk\u00f3pia, ultrahangos diagnosztika, ortop\u00e9dia, neurol\u00f3gia, b\u0151rgy\u00f3gy\u00e1szat, dirofilariosis menedzsment, gy\u00f3gykezel\u00e9s. Rendel\u0151int\u00e9zet\u00fcnk k\u00f3rh\u00e1zi h\u00e1tt\u00e9rrel is rendelkezik.<\/p> <p>T\u00e9ged v\u00e1runk, ha<\/p> <p>&#8211; a munk\u00e1dra, k\u00f6rnyezetedre ig\u00e9nyes vagy<br \/> &#8211; szeretn\u00e9l fejl\u0151dni \u00e9s folyamatosan fejleszteni a megl\u00e9v\u0151 tud\u00e1sod<br \/> &#8211; j\u00f3 kommunik\u00e1ci\u00f3s k\u00e9szs\u00e9gekkel rendelkezel<br \/> -j\u00f3 a stresszkezel\u00e9si k\u00e9pess\u00e9ged ami \u00e1tseg\u00edt a p\u00f6rg\u0151s munkanapokon<br \/> -hossz\u00fat\u00e1vra tervezel<br \/> -szeretn\u00e9l egy fiatalos csapat akt\u00edv tagja lenni<\/p> <p>Amit k\u00edn\u00e1lunk:<\/p> <p>&#8211; versenyk\u00e9pes fizet\u00e9s<br \/> &#8211; folyamatos szakmai fejl\u0151d\u00e9si lehet\u0151s\u00e9g<br \/> &#8211; stabil, biztos, csal\u00e1dias munkahely<br \/> &#8211; kimagasl\u00f3 felszerelts\u00e9g<br \/> &#8211; magas esetsz\u00e1m, \u00e9rdekes esetek<\/p> <p>Munkav\u00e9gz\u00e9s helye: Budapest, XVII. ker\u00fclet, R\u00e1kosliget. Rendel\u0151nk k\u00f6nnyen megk\u00f6zel\u00edthet\u0151 az \u00d6rs vez\u00e9r t\u00e9r fel\u0151l aut\u00f3busszal, vagy a Keleti p\u00e1lyaudvarr\u00f3l G\u00f6d\u00f6ll\u0151, Hatvan fel\u00e9 indul\u00f3 vonatokkal is.<\/p> <p>A rendel\u0151r\u0151l t\u00f6bbet a\u00a0<a title=\"https:\/\/kisallatkorhaz.hu\/\" href=\"https:\/\/kisallatkorhaz.hu\/\" data-auth=\"NotApplicable\" data-linkindex=\"0\">https:\/\/kisallatkorhaz.hu\/<\/a>\u00a0oldalon tal\u00e1ltok.<\/p> <p>A f\u00e9nyk\u00e9pes \u00f6n\u00e9letrajzokat \u00e9s a motiv\u00e1ci\u00f3s leveleket a\u00a0<a class=\"decrypt\" rel=\"ljtbmmbulpsib{4Ahnbjm\/dpn\" href=\"javascript:void(0);\">[Kattintson az emailc\u00edmhez]<\/a>\u00a0email c\u00edmre v\u00e1rjuk.<\/div>","protected":false},"excerpt":{"rendered":"<p>2024.11.25 Kedves leend\u0151 Koll\u00e9g\u00e1k! A folyamatos fejl\u0151d\u00e9snek \u00e9s a b\u0151v\u00fcl\u0151 \u00fcgyf\u00e9lk\u00f6rnek k\u00f6sz\u00f6nhet\u0151en \u00e1llatorvos gyakornok, majd \u00e1llatorvos koll\u00e9g\u00e1t keres\u00fcnk 17 ker\u00fcleti, R\u00e1kosligeti \u00c1llatorvosi Rendel\u0151int\u00e9zetbe, f\u0151leg a belgy\u00f3gy\u00e1szat ir\u00e1nt \u00e9rdekl\u0151d\u0151 jelentkez\u0151ket v\u00e1runk\u00a0&#x1f642; Rendel\u0151nk j\u00f3l felszerelt, magas sz\u00ednvonal\u00fa szakmai h\u00e1tt\u00e9rrel rendelkezik \u00e9s a nagy eset sz\u00e1m miatt \u00e9rdekes esetekkel is tal\u00e1lkozhatsz. \u00c1llatorvosaink munk\u00e1j\u00e1t k\u00e9pzett asszisztensek seg\u00edtik. \u00c1lland\u00f3 szakrendel\u00e9seink:<\/p>\n","protected":false},"author":2961,"featured_media":0,"parent":26415,"menu_order":0,"comment_status":"open","ping_status":"open","template":"","meta":{"_acf_changed":false,"footnotes":""},"categories":[],"tags":[],"class_list":["post-105428","page","type-page","status-publish","hentry"],"acf":[],"_links":{"self":[{"href":"https:\/\/univet.hu\/hu\/wp-json\/wp\/v2\/pages\/105428","targetHints":{"allow":["GET"]}}],"collection":[{"href":"https:\/\/univet.hu\/hu\/wp-json\/wp\/v2\/pages"}],"about":[{"href":"https:\/\/univet.hu\/hu\/wp-json\/wp\/v2\/types\/page"}],"author":[{"embeddable":true,"href":"https:\/\/univet.hu\/hu\/wp-json\/wp\/v2\/users\/2961"}],"replies":[{"embeddable":true,"href":"https:\/\/univet.hu\/hu\/wp-json\/wp\/v2\/comments?post=105428"}],"version-history":[{"count":0,"href":"https:\/\/univet.hu\/hu\/wp-json\/wp\/v2\/pages\/105428\/revisions"}],"up":[{"embeddable":true,"href":"https:\/\/univet.hu\/hu\/wp-json\/wp\/v2\/pages\/26415"}],"wp:attachment":[{"href":"https:\/\/univet.hu\/hu\/wp-json\/wp\/v2\/media?parent=105428"}],"wp:term":[{"taxonomy":"category","embeddable":true,"href":"https:\/\/univet.hu\/hu\/wp-json\/wp\/v2\/categories?post=105428"},{"taxonomy":"post_tag","embeddable":true,"href":"https:\/\/univet.hu\/hu\/wp-json\/wp\/v2\/tags?post=105428"}],"curies":[{"name":"wp","href":"https:\/\/api.w.org\/{rel}","templated":true}]}}