{"id":105584,"date":"2024-12-02T15:04:26","date_gmt":"2024-12-02T14:04:26","guid":{"rendered":"https:\/\/univet.hu\/hu\/oktatas\/tanulmanyi-osztaly\/allasajanlatok\/name\/"},"modified":"2025-09-16T08:35:25","modified_gmt":"2025-09-16T06:35:25","slug":"kisgoncol-allatorvosi-rendelo","status":"publish","type":"page","link":"https:\/\/univet.hu\/hu\/oktatas\/tanulmanyi-osztaly\/allasajanlatok\/kisgoncol-allatorvosi-rendelo\/","title":{"rendered":"Kisg\u00f6nc\u00f6l \u00c1llatorvosi Rendel\u0151"},"content":{"rendered":"<p><span data-olk-copy-source=\"MessageBody\">2025.09.16<\/span><\/p> <p>\u00c1llatorvost keres\u00fcnk teljes vagy r\u00e9sz munkaid\u0151re G\u00f6nc \u00e9s vonz\u00e1s k\u00f6rzet\u00e9ben, vegyes praxisunkba.<\/p> <p>A praxis nagyj\u00e1t h\u00fashaszn\u00fa szarvasmarha \u00e9s juhtelepek adj\u00e1k, emellett h\u00e1zt\u00e1ji sert\u00e9s \u00e9s l\u00f3 \u00e1llom\u00e1nyokkal, nagy ENAR k\u00f6rzettel a Zempl\u00e9n \u00e9s Csereh\u00e1t hegyei k\u00f6z\u00f6tt. G\u00f6nc\u00f6n felszerelt rendel\u0151nk (uh, rtg, labor) van a kis\u00e1llatok ell\u00e1t\u00e1s\u00e1hoz \u00e9s a m\u0171t\u00e9tek elv\u00e9gz\u00e9s\u00e9hez. K\u00e9t asszisztens seg\u00edti a munk\u00e1nkat. \u00c9jszakai \u00e9s h\u00e9tv\u00e9gi \u00fcgyeletet nem v\u00e1llalunk.<\/p> <p>\u00c1ltal\u00e1ban v\u00e1ltott rendben dolgozunk. Szolg\u00e1lati aut\u00f3 \u00e9s szolg\u00e1lati telefon pedig biztos\u00edtott.<\/p> <p>Felt\u00e9tel az \u00e1llatorvosi diploma \u00e9s a B-kateg\u00f3ri\u00e1s jogos\u00edtv\u00e1ny. Szakmai tapasztalat, (ak\u00e1r kis\u00e1llatos, ak\u00e1r haszon\u00e1llatos), vagy m\u0171t\u00e9ti tapasztalat el\u0151ny, de nem felt\u00e9tel. P\u00e1lyakezd\u0151 koll\u00e9g\u00e1k jelentkez\u00e9s\u00e9t is v\u00e1rjuk.<\/p> <p>Ha felkeltett\u00fck \u00e9rdekl\u0151d\u00e9sedet n\u00e9zz ut\u00e1nunk a facebookon (Kisg\u00f6nc\u00f6l \u00c1llatorvosi Rendel\u0151), vagy a honlapunkon (<a href=\"http:\/\/www.kisgoncolrendelo.hu\">kisgoncolrendelo.hu<\/a>)<\/p> <p>Jelentkez\u00e9sedet a +36-30\/217-4026 (dr. Vit\u00e9z Emese) sz\u00e1mon, vagy a <a class=\"decrypt\" rel=\"ljthpodpmsfoefmpAhnbjm\/dpn\" href=\"javascript:void(0);\">[Kattintson az emailc\u00edmhez]<\/a> email c\u00edmre v\u00e1rjuk.<\/p> <p>Fiatalos csapatunk v\u00e1r, a p\u00f6rg\u00e9s \u00e9s a v\u00e1ltozatos munka garant\u00e1lt.<\/p>","protected":false},"excerpt":{"rendered":"<p>2025.09.16 \u00c1llatorvost keres\u00fcnk teljes vagy r\u00e9sz munkaid\u0151re G\u00f6nc \u00e9s vonz\u00e1s k\u00f6rzet\u00e9ben, vegyes praxisunkba. A praxis nagyj\u00e1t h\u00fashaszn\u00fa szarvasmarha \u00e9s juhtelepek adj\u00e1k, emellett h\u00e1zt\u00e1ji sert\u00e9s \u00e9s l\u00f3 \u00e1llom\u00e1nyokkal, nagy ENAR k\u00f6rzettel a Zempl\u00e9n \u00e9s Csereh\u00e1t hegyei k\u00f6z\u00f6tt. G\u00f6nc\u00f6n felszerelt rendel\u0151nk (uh, rtg, labor) van a kis\u00e1llatok ell\u00e1t\u00e1s\u00e1hoz \u00e9s a m\u0171t\u00e9tek elv\u00e9gz\u00e9s\u00e9hez. K\u00e9t asszisztens seg\u00edti a munk\u00e1nkat.<\/p>\n","protected":false},"author":2961,"featured_media":0,"parent":26415,"menu_order":0,"comment_status":"open","ping_status":"open","template":"","meta":{"_acf_changed":false,"footnotes":""},"categories":[],"tags":[],"class_list":["post-105584","page","type-page","status-publish","hentry"],"acf":[],"_links":{"self":[{"href":"https:\/\/univet.hu\/hu\/wp-json\/wp\/v2\/pages\/105584","targetHints":{"allow":["GET"]}}],"collection":[{"href":"https:\/\/univet.hu\/hu\/wp-json\/wp\/v2\/pages"}],"about":[{"href":"https:\/\/univet.hu\/hu\/wp-json\/wp\/v2\/types\/page"}],"author":[{"embeddable":true,"href":"https:\/\/univet.hu\/hu\/wp-json\/wp\/v2\/users\/2961"}],"replies":[{"embeddable":true,"href":"https:\/\/univet.hu\/hu\/wp-json\/wp\/v2\/comments?post=105584"}],"version-history":[{"count":5,"href":"https:\/\/univet.hu\/hu\/wp-json\/wp\/v2\/pages\/105584\/revisions"}],"predecessor-version":[{"id":190515,"href":"https:\/\/univet.hu\/hu\/wp-json\/wp\/v2\/pages\/105584\/revisions\/190515"}],"up":[{"embeddable":true,"href":"https:\/\/univet.hu\/hu\/wp-json\/wp\/v2\/pages\/26415"}],"wp:attachment":[{"href":"https:\/\/univet.hu\/hu\/wp-json\/wp\/v2\/media?parent=105584"}],"wp:term":[{"taxonomy":"category","embeddable":true,"href":"https:\/\/univet.hu\/hu\/wp-json\/wp\/v2\/categories?post=105584"},{"taxonomy":"post_tag","embeddable":true,"href":"https:\/\/univet.hu\/hu\/wp-json\/wp\/v2\/tags?post=105584"}],"curies":[{"name":"wp","href":"https:\/\/api.w.org\/{rel}","templated":true}]}}