{"id":105698,"date":"2024-12-06T15:17:19","date_gmt":"2024-12-06T14:17:19","guid":{"rendered":"https:\/\/univet.hu\/hu\/egyetem\/palyazati-projektek\/horizon\/promiseang\/sajtokozlemeny\/"},"modified":"2024-12-10T14:03:14","modified_gmt":"2024-12-10T13:03:14","slug":"sajtokozlemenyek","status":"publish","type":"page","link":"https:\/\/univet.hu\/hu\/egyetem\/palyazati-projektek\/horizon\/promiseang\/sajtokozlemenyek\/","title":{"rendered":"Sajt\u00f3k\u00f6zlem\u00e9nyek"},"content":{"rendered":"<p><a href=\"https:\/\/univet.hu\/en\/egyetem\/palyazati-projektek\/horizon\/promiseang\/sajtokozlemenyek\/promiseang-press-release-en-23-10\/\" rel=\"attachment wp-att-105699\">PROMISEANG Press release<\/a><\/p> <p><a href=\"https:\/\/univet.hu\/en\/egyetem\/palyazati-projektek\/horizon\/promiseang\/sajtokozlemenyek\/promiseang-poster-for-eriaff-2024-print\/\" rel=\"attachment wp-att-105807\">PROMISEANG &#8211; Poster<\/a><\/p> <p><a href=\"https:\/\/univet.hu\/en\/egyetem\/palyazati-projektek\/horizon\/promiseang\/sajtokozlemenyek\/promiseang-project-mail\/\" rel=\"attachment wp-att-105809\">PROMISEANG- PROJECT INFORMATION<\/a><\/p>","protected":false},"excerpt":{"rendered":"<p>PROMISEANG Press release PROMISEANG &#8211; Poster PROMISEANG- PROJECT INFORMATION<\/p>\n","protected":false},"author":4753,"featured_media":0,"parent":97945,"menu_order":0,"comment_status":"open","ping_status":"open","template":"","meta":{"_acf_changed":false,"footnotes":""},"categories":[],"tags":[],"class_list":["post-105698","page","type-page","status-publish","hentry"],"acf":[],"_links":{"self":[{"href":"https:\/\/univet.hu\/hu\/wp-json\/wp\/v2\/pages\/105698","targetHints":{"allow":["GET"]}}],"collection":[{"href":"https:\/\/univet.hu\/hu\/wp-json\/wp\/v2\/pages"}],"about":[{"href":"https:\/\/univet.hu\/hu\/wp-json\/wp\/v2\/types\/page"}],"author":[{"embeddable":true,"href":"https:\/\/univet.hu\/hu\/wp-json\/wp\/v2\/users\/4753"}],"replies":[{"embeddable":true,"href":"https:\/\/univet.hu\/hu\/wp-json\/wp\/v2\/comments?post=105698"}],"version-history":[{"count":0,"href":"https:\/\/univet.hu\/hu\/wp-json\/wp\/v2\/pages\/105698\/revisions"}],"up":[{"embeddable":true,"href":"https:\/\/univet.hu\/hu\/wp-json\/wp\/v2\/pages\/97945"}],"wp:attachment":[{"href":"https:\/\/univet.hu\/hu\/wp-json\/wp\/v2\/media?parent=105698"}],"wp:term":[{"taxonomy":"category","embeddable":true,"href":"https:\/\/univet.hu\/hu\/wp-json\/wp\/v2\/categories?post=105698"},{"taxonomy":"post_tag","embeddable":true,"href":"https:\/\/univet.hu\/hu\/wp-json\/wp\/v2\/tags?post=105698"}],"curies":[{"name":"wp","href":"https:\/\/api.w.org\/{rel}","templated":true}]}}