{"id":105792,"date":"2024-12-10T12:38:22","date_gmt":"2024-12-10T11:38:22","guid":{"rendered":"https:\/\/univet.hu\/hu\/oktatas\/doktori-iskola\/tudomanyoseredmenyek\/"},"modified":"2025-07-08T09:46:12","modified_gmt":"2025-07-08T07:46:12","slug":"tudomanyos-eredmenyek","status":"publish","type":"page","link":"https:\/\/univet.hu\/hu\/oktatas\/doktori-iskola\/tudomanyos-eredmenyek\/","title":{"rendered":"Tudom\u00e1nyos eredm\u00e9nyek"},"content":{"rendered":"<h4>Doktoranduszaink legfrisebb tudom\u00e1nyos eredm\u00e9nyei<\/h4> <table style=\"border-collapse: collapse;width: 100%\"> <tbody> <tr> <td style=\"width: 22.194%\"><img loading=\"lazy\" decoding=\"async\" class=\"aligncenter\" src=\"https:\/\/attachments.office.net\/owa\/Racz.Bence%40univet.hu\/service.svc\/s\/GetAttachmentThumbnail?id=AAMkADg5MDJjNGNiLWYxYzItNGI4Mi05NDg0LWZlNzg5OTliN2I2ZgBGAAAAAAB6u%2F%2FCEMnWRoIJxA4TmBNiBwAIWgfIrS%2F6TKFKAr0ezagJAAAAAAEMAAAIWgfIrS%2F6TKFKAr0ezagJAAbqZw7EAAABEgAQAFfyOe2GhtZIqIS1UHE99og%3D&amp;thumbnailType=2&amp;token=eyJhbGciOiJSUzI1NiIsInR5cCI6IkpXVCIsImtpZCI6InlmUFhSdmF6emYxV2dWOWhOeW5xRlVZZHZkdz0iLCJ4NXQiOiJ5ZlBYUnZhenpmMVdnVjloTnlucUZVWWR2ZHc9Iiwibm9uY2UiOiI2dTY5STg0M0E1VDVtUU1jQllCQjc4X0FPLXplWkI2OEx3TWVhc2ZFWDJsRW5xempIZkg4emwydEdwZDl5bXM2Q1hmWHpGLXpDU3Z4WFpIRExfZmlDcUNMRTl6ZkViMTg5UXJ0WHNRQTNNYy1aQ1UzYjZNekdrdkxjQTZNV3lfR3FPOGt5Q01QQW1ZOXZQTGNCeW9RVEc1NDhJNnZYX3J3QUF0S29aQWZHaTQiLCJpc3Nsb2MiOiJBUzJQUjAzTUI5MTIxIiwic3JzbiI6NjM4ODc0NDE3NjA1NjEwNDY3fQ.eyJzYXAtdmVyc2lvbiI6IjMyIiwiYXBwaWQiOiJhZjNlYmJiYS1jMjNmLTQ5MmEtYWE5My04MzQyMTY5NmVjNGIiLCJpc3NyaW5nIjoiV1ciLCJhcHBpZGFjciI6IjIiLCJhcHBfZGlzcGxheW5hbWUiOiIiLCJ1dGkiOiJjM2VhZWNkMy0wYmQyLTQwNTgtYTMzZC01YTIwZGRjNTQ0MzIiLCJpYXQiOjE3NTE4NzM0NDIsInZlciI6IlNUSS5Vc2VyLkNhbGxiYWNrVG9rZW4uVjEiLCJ0aWQiOiIzZDg4OGY3MGJkNmE0NDkxODkxM2RhOWQxYmFmYzc0NyIsInRydXN0ZWRmb3JkZWxlZ2F0aW9uIjoiZmFsc2UiLCJ0b3BvbG9neSI6IntcIlR5cGVcIjpcIk1hY2hpbmVcIixcIlZhbHVlXCI6XCJBUzJQUjAzTUI5MTIxLmV1cnByZDAzLnByb2Qub3V0bG9vay5jb21cIn0iLCJyZXF1ZXN0b3JfYXBwaWQiOiIxNTdjZGZiZi03Mzk4LTRhNTYtOTZjMy1lOTNlOWFiMzA5YjUiLCJyZXF1ZXN0b3JfYXBwX2Rpc3BsYXluYW1lIjoiT2ZmaWNlIDM2NSBFeGNoYW5nZSBNaWNyb3NlcnZpY2UiLCJzY3AiOiJPd2FBdHRhY2htZW50cy5SZWFkIiwib2lkIjoiNDlhYmFhMzQtNmIzYy00YmEwLTgwNGItM2Y1NTkwNzJkMmRjIiwicHVpZCI6IjEwMDMzRkZGOUY5MUEyMDAiLCJzbXRwIjoiUmFjei5CZW5jZUB1bml2ZXQuaHUiLCJ1cG4iOiJSYWMyMDMwQHVuaXZldC5odSIsInVzZXJjYWxsYmFja3VzZXJjb250ZXh0aWQiOiI5YWUxNGY5NmU1ZTU0ZTlmYTZlZmE3NWMxM2UyNWRhNiIsImVwayI6IntcImt0eVwiOlwiUlNBXCIsXCJuXCI6XCJyTThfM2ZOVjFvMm02TTI2QVpudEJ4bnkxS1VKYS1uVWpFd2pzTzdLcVBkOURlbC05bm9qSFpzdDN2YlF0bWR5QXlXUGl6TUp3N3YyMmVVU1NiM2ZqY1poNG1wdGEtQUNUVVREWGdpN0tvQ09HYU5oNGRXTUVoVm94TkJvcC1HbUd2eExRVFlnT1lMRzZKUzNrOFZNUGd2WHRON0syZi1ZVlZzMzNNVS0xRmFEX0tEU1BnVlVzUXhNVFE3dGJPcUsyZG5URFFBblBFamFyWFhhZktGLWNGMVBMeVNjOVNWd3BScmhOdDJyNXAxWW9JLUs0b2s3bEFoM0hPZWcwbmtZOVhNWWs0V1JyWUdwVHF5Tmg4S0c2QWt3RTRraVVkcEhYeVBoZElSZlF0bHNDMGtfWGJpY3Vpa0JzTVFoS3JEZ2o3NzVicGhlaHdvbmtsTWlPRHU4QlFcIixcImVcIjpcIkFRQUJcIixcImFsZ1wiOlwiUlMyNTZcIixcImV4cFwiOlwiMTc1MTk2Mjg2NVwiLFwiZXhwX2RpZmZcIjpcIjg2NDAwXCIsXCJraWRcIjpcIk50R0JCNXhIb0lPaXZrWngwdWFSNzZmQUdzWVwifS5MbGlQd0x4ZG9MTDhUWTZYeUdtUk9waEtnem9GQXZjSkdBWE1FQ250alhHRkR3RVo0amFURnFMSHBUQzBnNEZmTEZlYnVoa3VsYW9weEVIYUh1UzJ2MDBLRVhvK0tXazZ4OTBXMnh0RGhDeDNVSVk5VmYyQXN3NjVoTHZpU3NoRGxHWkp1RXRxU3lUczdrSlhaNmQzNkJTSkIxVFpVa09oM2pPUnYzVnFCTGFEMXBIR3AwMS9HWTlkRVFCTGJDUk8yangxazFsQzQ0R3k4b2FQWmhyYWJnZ2R3NzN6a1JLQndybUFldWZreGN4V09NRUF4aXUrZ1hCYTk2blpHek5LVnBIYVRaTVFRMDZ6REdyYXl3ZVdWU011OXRMQVV4M3liUDdEdHRzMWlVZ2lwTzY2SUFvOFhaUjdNR3RXYllwR1c0Qm5OcUhDU2RqU3JBS2xEcWExOXc9PSIsIm5iZiI6MTc1MTg3MzQ0MiwiZXhwIjoxNzUxODczNzQyLCJpc3MiOiJodHRwczovL3N1YnN0cmF0ZS5vZmZpY2UuY29tL3N0cy8iLCJhdWQiOiJodHRwczovL291dGxvb2sub2ZmaWNlLmNvbSIsInNzZWMiOiJFN21SdjlCNTVpVWFVOFZCIiwiZXNzZWMiOiJhcnRpZmFjdC1hdXRvLXByb2R8TTM2NTIwMjUtMDUtMTlUMjA6NTI6NTQuNjQ1Mjg4M1p8WFhYRndDN2ZLRVlEbCsifQ.myTwsqU0P56oNY8hnRAWEXux-lp4JfY-8dh_qNe-pJ1ZN9JMCXwMIY1HY3fc8-UJB72TnDv76I5r44S2XHaehjFEsfzrUSSgRiHzXakZUL4OOxdHFiDYHanYWlzi0KcuaaYvHomC_pcuwuhFJH5p7sXu_2n9dAbDeZMBQ_xopgSr9WISU9okHQCHM3i95m8dyOnM_qwyjNIi0BfhiUXYBasViB5kEJ41NVQ-ozWBRP8C_pMb7yEwLaclGGdOPyPV45AITlilEa1j8j5umfsJhJrLQWujjRApqa3etl4dsHfsfqkRLEoJSfQwo5Tq45Ht-owVnh7IYpFOXb_wQcjz5g&amp;X-OWA-CANARY=X-OWA-CANARY_cookie_is_null_or_empty&amp;owa=outlook.office.com&amp;scriptVer=20250620014.18&amp;clientId=C35F25E54B37471C8DADA67CFF99244A&amp;animation=true&amp;persistenceId=a81a2d20-f90b-40da-81ac-3eeb211c4e99\" alt=\"Image preview\" width=\"127\" height=\"223\" \/><\/td> <td style=\"width: 77.806%\"> <p><span style=\"font-size: 10pt\"><strong>V\u00e1rhidi Zs\u00f3ka \u00e9s M\u00e1t\u00e9 Marietta<\/strong> doktoranduszok kutat\u00e1sa a magyarorsz\u00e1gi lovas \u00e1llatorvosi praxisok jelenlegi menedzsmentjellemz\u0151it \u00e9s j\u00f6v\u0151beli terveit vizsg\u00e1lta. A felm\u00e9r\u00e9s szerint ezekben a praxisokban jellemz\u0151en egy \u00e1llatorvos dolgozik, aki a l\u00f3 tart\u00e1si hely\u00e9n ny\u00fajt szolg\u00e1ltat\u00e1st, \u00e9s szinte kiz\u00e1r\u00f3lag lovakkal foglalkozik. A praxisvezet\u0151k t\u00f6bbs\u00e9ge m\u00e1r elv\u00e9gzett legal\u00e1bb egy szakir\u00e1ny\u00fa posztgradu\u00e1lis k\u00e9pz\u00e9st, \u00e9s sokan jelenleg is tov\u00e1bbk\u00e9pz\u00e9sen vesznek r\u00e9szt, ami a folyamatos szakmai fejl\u0151d\u00e9s ir\u00e1nti elk\u00f6telezetts\u00e9get mutatja.<\/span><\/p> <p><span style=\"font-size: 10pt\">A l\u00f3gy\u00f3gy\u00e1szat nagy beruh\u00e1z\u00e1si ig\u00e9ny\u0171, fizikailag \u00e9s ment\u00e1lisan is megterhel\u0151, valamint k\u00f6tetlen munkaid\u0151vel \u00e9s nagy t\u00e1vols\u00e1gokkal j\u00e1r\u00f3 szakter\u00fclet. Ez\u00e9rt a hat\u00e9kony praxismenedzsment, a munka \u00e9s mag\u00e1n\u00e9let egyens\u00faly\u00e1nak megteremt\u00e9se, valamint a hossz\u00fa t\u00e1v\u00fa \u00fczleti c\u00e9lok kidolgoz\u00e1sa kulcsfontoss\u00e1g\u00fa a fenntarthat\u00f3s\u00e1g szempontj\u00e1b\u00f3l. A kutat\u00e1s alapj\u00e1n a hazai lovas \u00e1llatorvosok nyitottak a fejl\u0151d\u00e9sre, ugyanakkor a v\u00e1llalkoz\u00f3i \u00e9s menedzsmentismeretek ter\u00e9n m\u00e9g jelent\u0151s fejl\u0151d\u00e9si lehet\u0151s\u00e9gek rejlenek. <em>M. Varga, M. M\u00e1t\u00e9, K. B\u00e1rdos, Zs. V\u00e1rhidi (2025).<strong> A magyarorsz\u00e1gi lovas \u00e1llatorvosi praxisok aktu\u00e1lis menedzsmentjellemz\u0151i.<\/strong> <a href=\"https:\/\/doi.org\/10.56385\/magyallorv.2025.05.295-308\">Magyar \u00c1llatorvosok Lapja (147) 295-308<\/a><\/em><\/span><\/td> <\/tr> <\/tbody> <\/table> <table style=\"border-collapse: collapse;width: 100%\"> <tbody> <tr> <td style=\"width: 22.1217%\"><img loading=\"lazy\" decoding=\"async\" class=\"\" src=\"https:\/\/www.mdpi.com\/vetsci\/vetsci-12-00423\/article_deploy\/html\/images\/vetsci-12-00423-g001-550.jpg\" alt=\"Vetsci 12 00423 g001\" width=\"301\" height=\"179\" \/><\/td> <td style=\"width: 77.8783%\"><span style=\"font-size: 10pt\"><span style=\"font-size: 10pt\">A tehenek szaporod\u00e1sbiol\u00f3giai eg\u00e9szs\u00e9g\u00e9nek meg\u0151rz\u00e9se \u00e9rdek\u00e9ben kulcsfontoss\u00e1g\u00fa a h\u00fcvely term\u00e9szetes bakt\u00e9riumfl\u00f3r\u00e1j\u00e1nak megismer\u00e9se.<strong> V\u00e1rhidi Zs\u00f3ka<\/strong> \u00e9s munkat\u00e1rsai tanulm\u00e1nyukban eg\u00e9szs\u00e9ges tejhaszn\u00fa tehenek vagin\u00e1j\u00e1ban el\u0151fordul\u00f3 bakt\u00e9riumfajokat azonos\u00edtottak, valamint megvizsg\u00e1lt\u00e1k ezek antibiotikum-\u00e9rz\u00e9kenys\u00e9g\u00e9t. \u00d6sszesen 54 k\u00fcl\u00f6nb\u00f6z\u0151 bakt\u00e9riumfajt siker\u00fclt azonos\u00edtani. B\u00e1r n\u00e9h\u00e1ny faj rezisztenciag\u00e9neket hordozott, a legt\u00f6bbj\u00fck \u00e9rz\u00e9keny maradt a vizsg\u00e1lt antibiotikumok t\u00f6bbs\u00e9g\u00e9re. Az eredm\u00e9nyek hozz\u00e1j\u00e1rulhatnak a norm\u00e1l h\u00fcvelyfl\u00f3ra egyens\u00faly\u00e1nak fenntart\u00e1s\u00e1t c\u00e9lz\u00f3 protokollok kidolgoz\u00e1s\u00e1hoz, valamint a felel\u0151s antibiotikum-haszn\u00e1lat el\u0151mozd\u00edt\u00e1s\u00e1hoz a tejel\u0151 szarvasmarha-teny\u00e9szt\u00e9sben. <em>Zs. V\u00e1rhidi , V. Jurkovich, P. S\u00e1torhelyi, B.Erd\u00e9lyi, O. Pal\u00f3cz, Gy. Csik\u00f3, <strong>Identification of Naturally Occurring Inhabitants of Vaginal Microbiota in Cows and Determination of Their Antibiotic Sensitivity <\/strong><\/em><\/span><em><a href=\"https:\/\/doi.org\/10.3390\/vetsci12050423\">Veterinary Sciences, 2025, 12, 423<\/a><\/em><\/span><\/td> <\/tr> <\/tbody> <\/table> <table style=\"border-collapse: collapse;width: 100%;height: 221px\"> <tbody> <tr style=\"height: 221px\"> <td style=\"width: 22.1217%;height: 221px\"><img loading=\"lazy\" decoding=\"async\" class=\"\" src=\"https:\/\/ars.els-cdn.com\/content\/image\/1-s2.0-S0032579125006194-gr2.jpg\" alt=\"Fig 2\" width=\"293\" height=\"155\" \/><\/td> <td style=\"width: 77.8783%;height: 221px\"><span style=\"font-size: 10pt\"><strong>M\u00e1rton Rege Anna<\/strong> tanulm\u00e1ny\u00e1nak c\u00e9lja a Pap12-6 nev\u0171 antimikrobi\u00e1lis peptid (AMP) hat\u00e1sainak vizsg\u00e1lata volt csirkeeredet\u0171 ile\u00e1lis explantteny\u00e9szeteken, k\u00fcl\u00f6n\u00f6sen az immunv\u00e1laszra \u00e9s az epiteli\u00e1lis integrit\u00e1sra. Az AMP-k <em>\u00edg\u00e9retes alternat\u00edv\u00e1t jelenthetnek az antimikrobi\u00e1lis rezisztencia elleni k\u00fczdelemben<\/em>, mivel nemcsak k\u00f6zvetlen k\u00f3rokoz\u00f3ellenes hat\u00e1ssal b\u00edrnak, hanem a gazdaszervezet immunfolyamatait is befoly\u00e1solhatj\u00e1k. A Pap12-6 25 \u00e9s 50 \u00b5g\/ml-es koncentr\u00e1ci\u00f3ban, \u00f6nmag\u00e1ban \u00e9s gyullad\u00e1sos k\u00f6rnyezetben (Poly I:C jelenl\u00e9t\u00e9ben) ker\u00fclt alkalmaz\u00e1sra. Az eredm\u00e9nyek szerint a peptid nem cs\u00f6kkentette a sejtek \u00e9letk\u00e9pess\u00e9g\u00e9t, ami biztons\u00e1gos alkalmazhat\u00f3s\u00e1g\u00e1ra utal. Immunmodul\u00e1ci\u00f3s szempontb\u00f3l a Pap12-6 n\u00f6velte az IL-2 \u00e9s IL-8 szintj\u00e9t, valamint cs\u00f6kkentette az IFN-\u03b3 termel\u0151d\u00e9s\u00e9t gyullad\u00e1sos k\u00f6rnyezetben. A b\u00e9lh\u00e1m integrit\u00e1s\u00e1t jelz\u0151 tight junction feh\u00e9rj\u00e9k k\u00f6z\u00fcl az occludin \u00e9s a claudin-3 expresszi\u00f3ja is fokoz\u00f3dott. A kutat\u00e1s eredm\u00e9nyei alapj\u00e1n a Pap12-6 pozit\u00edv hat\u00e1ssal van a b\u00e9l immun\u00e1llapot\u00e1ra \u00e9s szerkezeti \u00e9ps\u00e9g\u00e9re, \u00edgy \u00edg\u00e9retes jel\u00f6lt lehet \u00faj baromfieg\u00e9szs\u00e9g\u00fcgyi hat\u00f3anyagok fejleszt\u00e9s\u00e9re.<em> R.A. M\u00e1rton (2025) <a href=\"https:\/\/www.sciencedirect.com\/science\/article\/pii\/S0032579125006194?via%3Dihub\">Poultry Science\u00a0<\/a><\/em><\/span><a href=\"https:\/\/www.sciencedirect.com\/science\/article\/pii\/S0032579125006194?via%3Dihub\"><em><span style=\"font-size: 10pt\">Volume 104, Issue 8,\u00a0August 2025, 105376<\/span><\/em><\/a><\/td> <\/tr> <\/tbody> <\/table> <table style=\"border-collapse: collapse;width: 100%\"> <tbody> <tr> <td style=\"width: 22.194%\"><img loading=\"lazy\" decoding=\"async\" class=\"wp-image-176754 aligncenter\" src=\"https:\/\/univet.hu\/wp-content\/uploads\/2025\/03\/abra1-320x320.jpg\" alt=\"\" width=\"222\" height=\"222\" \/><\/td> <td style=\"width: 77.806%\"><span style=\"font-size: 10pt\">A dr\u00f3nok alkalmaz\u00e1sa egyre sz\u00e9lesebb k\u00f6rben el\u00e9rhet\u0151v\u00e9 \u00e9s \u00edgy egyre fontosabb\u00e1 is v\u00e1lik az \u00e1llattart\u00e1s \u00e9s az \u00e1llateg\u00e9szs\u00e9g\u00fcgy ter\u00fclet\u00e9n. Ezen \u00faj technol\u00f3gi\u00e1val \u00faj lehet\u0151s\u00e9gek ny\u00edlnak a gazd\u00e1lkod\u00f3k \u00e9s szakemberek sz\u00e1m\u00e1ra. A technol\u00f3gia m\u00e1ra a mez\u0151gazdas\u00e1gban is elterjedt, egyre ink\u00e1bb el\u0151t\u00e9rbe ker\u00fclnek a haszon\u00e1llatokhoz kapcsol\u00f3d\u00f3 alkalmaz\u00e1si lehet\u0151s\u00e9gek is. A dr\u00f3nokkal v\u00e9gzett megfigyel\u00e9s l\u00e9nyegesen gyors\u00edthatja \u00e9s k\u00f6lts\u00e9ghat\u00e9konyabb\u00e1, illetve pontosabb\u00e1 teheti az adatgy\u0171jt\u00e9s, ez\u00e1ltal hozz\u00e1j\u00e1rulva prec\u00edzebb k\u00e9s\u0151bbi adatelemz\u00e9si folyamatokhoz. Az alaposabb elemz\u00e9st k\u00f6vet\u0151en kapott eredm\u00e9nyek felhaszn\u00e1l\u00e1s\u00e1val pedig az \u00e1llatj\u00f3ll\u00e9t \u00e9s a gazdas\u00e1gok hat\u00e9konys\u00e1g\u00e1nak n\u00f6vel\u00e9se is el\u00e9rhet\u0151. Az egyik leg\u00edg\u00e9retesebb alkalmaz\u00e1si ter\u00fclet a legeltet\u00e9s \u00e9s az \u00e1llatok, els\u0151sorban juhok terel\u00e9se. Kutat\u00e1sok szerint juhok eset\u00e9ben megfelel\u0151en kiv\u00e1lasztott hanghat\u00e1sokkal \u00e9s rep\u00fcl\u00e9si magass\u00e1ggal, illetve ir\u00e1nnyal az \u00e1llom\u00e1ny hat\u00e9konyan terelhet\u0151 dr\u00f3nok seg\u00edts\u00e9g\u00e9vel is. A dr\u00f3nok a legel\u0151k \u00e1llapot\u00e1t is folyamatosan nyomon k\u00f6vethet\u0151, seg\u00edtve a legel\u0151k fenntarthat\u00f3 haszn\u00e1lat\u00e1t. A dr\u00f3nok \u00e9s a mesters\u00e9ges intelligencia kombin\u00e1ci\u00f3ja lehet\u0151s\u00e9get teremtett az extenz\u00edv k\u00f6r\u00fclm\u00e9nyek k\u00f6z\u00f6tt tartott haszon\u00e1llatok azonos\u00edt\u00e1s\u00e1ra, viselked\u00e9s\u00fck elemz\u00e9s\u00e9re \u00e9s eg\u00e9szs\u00e9gi \u00e1llapotuk megfigyel\u00e9s\u00e9re egyar\u00e1nt. <strong>Dr. Farkas M\u00e1t\u00e9<\/strong> doktorandusz \u00f6sszefoglal\u00f3 cikk\u00e9ben bemutatja szerz\u0151t\u00e1rsaival, hogyan <\/span><span style=\"font-size: 10pt\">forradalmas\u00edthatj\u00e1k a dr\u00f3nok az \u00e1llattart\u00e1st \u00e9s az \u00e9lelmiszer-termel\u00e9st, n\u00f6velve a hat\u00e9konys\u00e1got \u00e9s jav\u00edtva az \u00e1llatj\u00f3l\u00e9tet. B\u00e1r m\u00e9g sz\u00e1mos kih\u00edv\u00e1s \u00e1ll a technol\u00f3gia el\u0151tt, a fejl\u0151d\u0151 megold\u00e1sok \u00e9s az egyre sz\u00e9lesebb k\u00f6r\u0171 alkalmaz\u00e1sok arra utalnak, hogy a dr\u00f3nok a j\u00f6v\u0151ben elengedhetetlen eszk\u00f6z\u00f6kk\u00e9 v\u00e1lnak a modern mez\u0151gazdas\u00e1gban. <\/span><em><span style=\"font-size: 10pt\">Farkas M\u00e1t\u00e9*, J\u00f3\u017awiak \u00c1kos, S\u00fcth Mikl\u00f3s, <strong>A dr\u00f3nok alkalmaz\u00e1sa az \u00e1llattart\u00e1s \u00e9s az \u00e1llateg\u00e9szs\u00e9g\u00fcgy ter\u00fclet\u00e9n<\/strong> Szisztematikus szakirodalmi \u00e1ttekint\u00e9s <a href=\"https:\/\/doi.org\/10.56385\/magyallorv.2025.02.81-94\">MAGYAR \u00c1LLATORVOSOK LAPJA | 2025 (2) 81-94<\/a><\/span><\/em><\/td> <\/tr> <\/tbody> <\/table> <table style=\"border-collapse: collapse;width: 100%\"> <tbody> <tr> <td style=\"width: 22.1579%\"> <p>&nbsp;<\/p> <p><img loading=\"lazy\" decoding=\"async\" class=\"wp-image-176758 aligncenter\" src=\"https:\/\/univet.hu\/wp-content\/uploads\/2025\/03\/brown-rat-2115585_1920-320x214.jpg\" alt=\"\" width=\"269\" height=\"180\" srcset=\"https:\/\/univet.hu\/wp-content\/uploads\/2025\/03\/brown-rat-2115585_1920-320x214.jpg 320w, https:\/\/univet.hu\/wp-content\/uploads\/2025\/03\/brown-rat-2115585_1920-960x641.jpg 960w, https:\/\/univet.hu\/wp-content\/uploads\/2025\/03\/brown-rat-2115585_1920-768x512.jpg 768w, https:\/\/univet.hu\/wp-content\/uploads\/2025\/03\/brown-rat-2115585_1920-1536x1025.jpg 1536w, https:\/\/univet.hu\/wp-content\/uploads\/2025\/03\/brown-rat-2115585_1920.jpg 1920w\" sizes=\"auto, (max-width: 269px) 100vw, 269px\" \/><\/td> <td style=\"width: 77.7697%\"><span style=\"font-size: 10pt\"><strong>Surj\u00e1n Andr\u00e1s,<\/strong> Az \u00c1TE doktorandusz\u00e1nak t\u00e1rs-szerz\u0151s\u00e9g\u00e9vel megjelent publik\u00e1ci\u00f3ban a Magyarorsz\u00e1gon szabadon \u00e9l\u0151 patk\u00e1nyokban el\u0151fordul\u00f3 DNS-v\u00edrusok kimutat\u00e1s\u00e1t\u00a0 \u00e9s jellemz\u00e9s\u00e9t mutatja be. A patk\u00e1nyok vil\u00e1gszerte elterjedt k\u00e1rtev\u0151k. Az \u00e1llatok k\u00f6z\u00fcl a legsikeresebben urbaniz\u00e1l\u00f3dtak \u00e9s igazoltan hordoz\u00f3i sz\u00e1mos \u00e1llatr\u00f3l emberre terjed\u0151 betegs\u00e9gnek. Ennek ellen\u00e9re az \u00e1ltaluk hordozott v\u00edrusok sokf\u00e9les\u00e9ge m\u00e9g nem teljesen ismert, k\u00fcl\u00f6n\u00f6s tekintettel a DNS-v\u00edrusokra. Kutat\u00e1sa r\u00e1vil\u00e1g\u00edt arra, hogy a patk\u00e1nyok sokf\u00e9le DNS-v\u00edrust hordozhatnak, k\u00f6zt\u00fck olyanokat, amelyeket kor\u00e1bban m\u00e9g nem azonos\u00edtottak. Ezek a v\u00edrusok lehetnek emberi, vagy \u00e1llatr\u00f3l emberre terjed\u0151 v\u00edrusok is. Ez\u00e9rt is fontos tov\u00e1bbi kutat\u00e1sokat v\u00e9gezni a kock\u00e1zatok pontos felm\u00e9r\u00e9se \u00e9rdek\u00e9ben. A patk\u00e1nyok v\u00edrus-hordoz\u00f3 k\u00e9pess\u00e9g\u00e9nek meg\u00e9rt\u00e9se seg\u00edthet az \u00fajonnan megjelen\u0151 fert\u0151z\u0151 betegs\u00e9gek felismer\u00e9s\u00e9ben \u00e9s nyomonk\u00f6vet\u00e9s\u00e9ben. A patk\u00e1nyokban el\u0151fordul\u00f3 v\u00edrusok r\u00e9szletesebb felt\u00e9rk\u00e9pez\u00e9s\u00e9re, illetve azok eg\u00e9szs\u00e9g\u00fcgyi hat\u00e1sainak jobb meg\u00e9rt\u00e9s\u00e9re azonban tov\u00e1bbi kutat\u00e1sok sz\u00fcks\u00e9gesek. <em>Vidovszky, M. Z., Surj\u00e1n, A., F\u00f6ldv\u00e1ri, G., &amp; Egyed, L.<\/em> (2024). <em><strong>Detection of DNA Viruses in Free-Ranging Rat Populations in Hungary<\/strong><\/em>. <a href=\"https:\/\/www.mdpi.com\/1999-4915\/16\/12\/1948\">Viruses, 16(12), 1948<\/a><\/span><\/td> <\/tr> <\/tbody> <\/table> <p><!--more--><\/p> <p><strong><img loading=\"lazy\" decoding=\"async\" class=\"size-medium wp-image-105747 alignleft\" src=\"https:\/\/univet.hu\/wp-content\/uploads\/2024\/12\/Farkas_M_abra-320x135.png\" alt=\"\" width=\"320\" height=\"135\" srcset=\"https:\/\/univet.hu\/wp-content\/uploads\/2024\/12\/Farkas_M_abra-320x135.png 320w, https:\/\/univet.hu\/wp-content\/uploads\/2024\/12\/Farkas_M_abra-768x325.png 768w, https:\/\/univet.hu\/wp-content\/uploads\/2024\/12\/Farkas_M_abra-960x406.png 960w\" sizes=\"auto, (max-width: 320px) 100vw, 320px\" \/><span style=\"font-size: 10pt\">Dr. Farkas M\u00e1t\u00e9<\/span><\/strong><span style=\"font-size: 10pt\">, az \u00c9lelmiszerl\u00e1nc Tudom\u00e1nyi Int\u00e9zet doktorandusza\u00a0magyarorsz\u00e1gi nagyl\u00e9tsz\u00e1m\u00fa baromfitart\u00f3 telepek j\u00e1rv\u00e1nyv\u00e9delmi \u00e1llapot\u00e1nak felm\u00e9r\u00e9s\u00e9t v\u00e9gezte, k\u00fcl\u00f6n\u00f6s tekintettel a zoonotikus pontenci\u00e1llal is b\u00edr\u00f3 mad\u00e1rinfluenza-j\u00e1rv\u00e1nykit\u00f6r\u00e9sek \u00e9s a j\u00e1rv\u00e1nyv\u00e9delmi int\u00e9zked\u00e9sek k\u00f6z\u00f6tti \u00f6sszef\u00fcgg\u00e9sekre.\u00a0A kutat\u00e1s r\u00e1vil\u00e1g\u00edtott, hogy a j\u00e1rv\u00e1nyv\u00e9delem szintje k\u00f6zvetlen hat\u00e1ssal van a mad\u00e1rinfluenza-kit\u00f6r\u00e9sek gyakoris\u00e1g\u00e1ra. A jobb j\u00e1rv\u00e1nyv\u00e9delmi gyakorlatokkal rendelkez\u0151 telepek ritk\u00e1bban \u00e9rintettek j\u00e1rv\u00e1nykit\u00f6r\u00e9sekben. A rendszeres audit\u00e1l\u00e1s nemcsak az aktu\u00e1lis j\u00e1rv\u00e1nyv\u00e9delmi helyzet jav\u00edt\u00e1s\u00e1t seg\u00edti el\u0151, hanem a gazd\u00e1lkod\u00f3k j\u00e1rv\u00e1nyv\u00e9delmi szeml\u00e9let\u00e9t is form\u00e1lja<em>.\u00a0<\/em><\/span><em><span style=\"font-size: 10pt\">M. Farkas,bL. K\u00f6nyves, Sz. Csorba,bZs. Farkas, \u00c1. J\u00f3zwi\u00e1k, M. S\u00fcth, L. Kov\u00e1cs, <a href=\"https:\/\/doi.org\/10.56385\/magyallorv.2024.12.723-742\">\u00a0Magyar \u00c1llatorvosok Lapja\u00a0\u00a02024 (12) 723-742<\/a><\/span><\/em><\/p> <p><!--more--><\/p> <p>&nbsp;<\/p>","protected":false},"excerpt":{"rendered":"<p>Doktoranduszaink legfrisebb tudom\u00e1nyos eredm\u00e9nyei V\u00e1rhidi Zs\u00f3ka \u00e9s M\u00e1t\u00e9 Marietta doktoranduszok kutat\u00e1sa a magyarorsz\u00e1gi lovas \u00e1llatorvosi praxisok jelenlegi menedzsmentjellemz\u0151it \u00e9s j\u00f6v\u0151beli terveit vizsg\u00e1lta. A felm\u00e9r\u00e9s szerint ezekben a praxisokban jellemz\u0151en egy \u00e1llatorvos dolgozik, aki a l\u00f3 tart\u00e1si hely\u00e9n ny\u00fajt szolg\u00e1ltat\u00e1st, \u00e9s szinte kiz\u00e1r\u00f3lag lovakkal foglalkozik. A praxisvezet\u0151k t\u00f6bbs\u00e9ge m\u00e1r elv\u00e9gzett legal\u00e1bb egy szakir\u00e1ny\u00fa posztgradu\u00e1lis k\u00e9pz\u00e9st, \u00e9s<\/p>\n","protected":false},"author":5394,"featured_media":0,"parent":735,"menu_order":26,"comment_status":"open","ping_status":"closed","template":"","meta":{"_acf_changed":false,"footnotes":""},"categories":[],"tags":[],"class_list":["post-105792","page","type-page","status-publish","hentry"],"acf":[],"_links":{"self":[{"href":"https:\/\/univet.hu\/hu\/wp-json\/wp\/v2\/pages\/105792","targetHints":{"allow":["GET"]}}],"collection":[{"href":"https:\/\/univet.hu\/hu\/wp-json\/wp\/v2\/pages"}],"about":[{"href":"https:\/\/univet.hu\/hu\/wp-json\/wp\/v2\/types\/page"}],"author":[{"embeddable":true,"href":"https:\/\/univet.hu\/hu\/wp-json\/wp\/v2\/users\/5394"}],"replies":[{"embeddable":true,"href":"https:\/\/univet.hu\/hu\/wp-json\/wp\/v2\/comments?post=105792"}],"version-history":[{"count":5,"href":"https:\/\/univet.hu\/hu\/wp-json\/wp\/v2\/pages\/105792\/revisions"}],"predecessor-version":[{"id":187817,"href":"https:\/\/univet.hu\/hu\/wp-json\/wp\/v2\/pages\/105792\/revisions\/187817"}],"up":[{"embeddable":true,"href":"https:\/\/univet.hu\/hu\/wp-json\/wp\/v2\/pages\/735"}],"wp:attachment":[{"href":"https:\/\/univet.hu\/hu\/wp-json\/wp\/v2\/media?parent=105792"}],"wp:term":[{"taxonomy":"category","embeddable":true,"href":"https:\/\/univet.hu\/hu\/wp-json\/wp\/v2\/categories?post=105792"},{"taxonomy":"post_tag","embeddable":true,"href":"https:\/\/univet.hu\/hu\/wp-json\/wp\/v2\/tags?post=105792"}],"curies":[{"name":"wp","href":"https:\/\/api.w.org\/{rel}","templated":true}]}}