{"id":1058,"date":"2018-01-09T10:04:00","date_gmt":"2018-01-09T09:04:00","guid":{"rendered":"http:\/\/univet.hu\/egyetem\/palyazati-projektek\/"},"modified":"2024-12-23T02:21:01","modified_gmt":"2024-12-23T01:21:01","slug":"palyazati-projektek","status":"publish","type":"page","link":"https:\/\/univet.hu\/hu\/egyetem\/palyazati-projektek\/","title":{"rendered":"P\u00e1ly\u00e1zati projektek"},"content":{"rendered":"<p>Ezen az oldalon az \u00c1llatorvostudom\u00e1nyi Egyetem f\u0151bb p\u00e1ly\u00e1zati projektjei, az ezekkel kapcsolatos h\u00edrek, valamint a p\u00e1ly\u00e1zati felh\u00edv\u00e1sok l\u00e1that\u00f3k.<\/p>","protected":false},"excerpt":{"rendered":"<p>Ezen az oldalon az \u00c1llatorvostudom\u00e1nyi Egyetem f\u0151bb p\u00e1ly\u00e1zati projektjei, az ezekkel kapcsolatos h\u00edrek, valamint a p\u00e1ly\u00e1zati felh\u00edv\u00e1sok l\u00e1that\u00f3k.<\/p>\n","protected":false},"author":1,"featured_media":136000,"parent":336,"menu_order":316,"comment_status":"closed","ping_status":"closed","template":"","meta":{"_acf_changed":false,"footnotes":""},"categories":[42],"tags":[],"class_list":["post-1058","page","type-page","status-publish","has-post-thumbnail","hentry","category-kiemelt"],"acf":[],"_links":{"self":[{"href":"https:\/\/univet.hu\/hu\/wp-json\/wp\/v2\/pages\/1058","targetHints":{"allow":["GET"]}}],"collection":[{"href":"https:\/\/univet.hu\/hu\/wp-json\/wp\/v2\/pages"}],"about":[{"href":"https:\/\/univet.hu\/hu\/wp-json\/wp\/v2\/types\/page"}],"author":[{"embeddable":true,"href":"https:\/\/univet.hu\/hu\/wp-json\/wp\/v2\/users\/1"}],"replies":[{"embeddable":true,"href":"https:\/\/univet.hu\/hu\/wp-json\/wp\/v2\/comments?post=1058"}],"version-history":[{"count":1,"href":"https:\/\/univet.hu\/hu\/wp-json\/wp\/v2\/pages\/1058\/revisions"}],"predecessor-version":[{"id":171703,"href":"https:\/\/univet.hu\/hu\/wp-json\/wp\/v2\/pages\/1058\/revisions\/171703"}],"up":[{"embeddable":true,"href":"https:\/\/univet.hu\/hu\/wp-json\/wp\/v2\/pages\/336"}],"wp:featuredmedia":[{"embeddable":true,"href":"https:\/\/univet.hu\/hu\/wp-json\/wp\/v2\/media\/136000"}],"wp:attachment":[{"href":"https:\/\/univet.hu\/hu\/wp-json\/wp\/v2\/media?parent=1058"}],"wp:term":[{"taxonomy":"category","embeddable":true,"href":"https:\/\/univet.hu\/hu\/wp-json\/wp\/v2\/categories?post=1058"},{"taxonomy":"post_tag","embeddable":true,"href":"https:\/\/univet.hu\/hu\/wp-json\/wp\/v2\/tags?post=1058"}],"curies":[{"name":"wp","href":"https:\/\/api.w.org\/{rel}","templated":true}]}}