{"id":105802,"date":"2024-12-10T13:49:23","date_gmt":"2024-12-10T12:49:23","guid":{"rendered":"https:\/\/univet.hu\/hu\/oktatas\/tanulmanyi-osztaly\/allasajanlatok\/name-2\/"},"modified":"2024-12-10T13:51:47","modified_gmt":"2024-12-10T12:51:47","slug":"fehervari-allatorvos-allatgyogyaszati-kozpont","status":"publish","type":"page","link":"https:\/\/univet.hu\/hu\/oktatas\/tanulmanyi-osztaly\/allasajanlatok\/fehervari-allatorvos-allatgyogyaszati-kozpont\/","title":{"rendered":"Feh\u00e9rv\u00e1ri \u00c1llatorvos \u00c1llatgy\u00f3gy\u00e1szati K\u00f6zpont"},"content":{"rendered":"<p>2024.12.10<\/p> <p>&nbsp;<\/p> <p>A Feh\u00e9rv\u00e1ri \u00c1llatorvos \u00c1llatgy\u00f3gy\u00e1szati K\u00f6zpont sz\u00edvesen r\u00e9szt venne az \u00e1llatorvostan hallgat\u00f3k gyakorlati k\u00e9pz\u00e9s\u00e9ben, azzal a nem titkolt sz\u00e1nd\u00e9kkal, hogy a j\u00f6v\u0151ben szeretn\u00e9nk csapatunkat b\u0151v\u00edteni.<\/p> <p>Csal\u00e1dias l\u00e9gk\u00f6r\u0171 rendel\u0151nkben jelenleg 3 \u00e1llatorvos \u00e9s 4 asszisztens dolgozik.<\/p> <p>Keress\u00fck azt a koll\u00e9g\u00e1t\/koll\u00e9gan\u0151t, aki ak\u00e1r hossz\u00fa t\u00e1von sz\u00ednes\u00edten\u00e9 rendel\u0151nket.<\/p> <p>R\u00f3lunk b\u0151vebben olvashatnak a\u00a0<a href=\"http:\/\/www.fehervariallatorvos.hu\/\">www.fehervariallatorvos.hu<\/a>\u00a0odalon.<\/p> <p>&nbsp;<\/p> <p>Dr. Hagym\u00e1sy Zsuzsanna<br \/> <span style=\"font-size: 8pt;\">Kis\u00e1llatgy\u00f3gy\u00e1sz klinikus szak\u00e1llatorvos<\/span><\/p>","protected":false},"excerpt":{"rendered":"<p>2024.12.10 &nbsp; A Feh\u00e9rv\u00e1ri \u00c1llatorvos \u00c1llatgy\u00f3gy\u00e1szati K\u00f6zpont sz\u00edvesen r\u00e9szt venne az \u00e1llatorvostan hallgat\u00f3k gyakorlati k\u00e9pz\u00e9s\u00e9ben, azzal a nem titkolt sz\u00e1nd\u00e9kkal, hogy a j\u00f6v\u0151ben szeretn\u00e9nk csapatunkat b\u0151v\u00edteni. Csal\u00e1dias l\u00e9gk\u00f6r\u0171 rendel\u0151nkben jelenleg 3 \u00e1llatorvos \u00e9s 4 asszisztens dolgozik. Keress\u00fck azt a koll\u00e9g\u00e1t\/koll\u00e9gan\u0151t, aki ak\u00e1r hossz\u00fa t\u00e1von sz\u00ednes\u00edten\u00e9 rendel\u0151nket. R\u00f3lunk b\u0151vebben olvashatnak a\u00a0www.fehervariallatorvos.hu\u00a0odalon. &nbsp; Dr. Hagym\u00e1sy Zsuzsanna Kis\u00e1llatgy\u00f3gy\u00e1sz<\/p>\n","protected":false},"author":5795,"featured_media":0,"parent":26415,"menu_order":0,"comment_status":"open","ping_status":"open","template":"","meta":{"_acf_changed":false,"footnotes":""},"categories":[],"tags":[],"class_list":["post-105802","page","type-page","status-publish","hentry"],"acf":[],"_links":{"self":[{"href":"https:\/\/univet.hu\/hu\/wp-json\/wp\/v2\/pages\/105802","targetHints":{"allow":["GET"]}}],"collection":[{"href":"https:\/\/univet.hu\/hu\/wp-json\/wp\/v2\/pages"}],"about":[{"href":"https:\/\/univet.hu\/hu\/wp-json\/wp\/v2\/types\/page"}],"author":[{"embeddable":true,"href":"https:\/\/univet.hu\/hu\/wp-json\/wp\/v2\/users\/5795"}],"replies":[{"embeddable":true,"href":"https:\/\/univet.hu\/hu\/wp-json\/wp\/v2\/comments?post=105802"}],"version-history":[{"count":0,"href":"https:\/\/univet.hu\/hu\/wp-json\/wp\/v2\/pages\/105802\/revisions"}],"up":[{"embeddable":true,"href":"https:\/\/univet.hu\/hu\/wp-json\/wp\/v2\/pages\/26415"}],"wp:attachment":[{"href":"https:\/\/univet.hu\/hu\/wp-json\/wp\/v2\/media?parent=105802"}],"wp:term":[{"taxonomy":"category","embeddable":true,"href":"https:\/\/univet.hu\/hu\/wp-json\/wp\/v2\/categories?post=105802"},{"taxonomy":"post_tag","embeddable":true,"href":"https:\/\/univet.hu\/hu\/wp-json\/wp\/v2\/tags?post=105802"}],"curies":[{"name":"wp","href":"https:\/\/api.w.org\/{rel}","templated":true}]}}