{"id":105876,"date":"2024-12-13T13:37:20","date_gmt":"2024-12-13T12:37:20","guid":{"rendered":"https:\/\/univet.hu\/hu\/egyetem\/palyazati-projektek\/horizon\/horeca-foodwaste-red\/sajtokozlemenyek\/"},"modified":"2025-10-09T09:26:51","modified_gmt":"2025-10-09T07:26:51","slug":"sajtokozlemenyek","status":"publish","type":"page","link":"https:\/\/univet.hu\/hu\/egyetem\/palyazati-projektek\/horizon\/horeca-foodwaste-red\/sajtokozlemenyek\/","title":{"rendered":"Sajt\u00f3k\u00f6zlem\u00e9nyek"},"content":{"rendered":"<p><a href=\"https:\/\/univet.hu\/hu\/egyetem\/palyazati-projektek\/horizon\/horeca-foodwaste-red\/sajtokozlemenyek\/nkfia_tajekoztatasi_nyilvanossagi_kotelezettsegek_projekt_sajtokozlemeny_2019_hu-v02\/\" rel=\"attachment wp-att-191762\">K\u00f6zel 90 tonna megmentett \u00e9lelmiszer a vend\u00e9gl\u00e1t\u00e1sban \u00e9s a k\u00f6z\u00e9tkeztet\u00e9sben \u2013 sikeres magyar innov\u00e1ci\u00f3 a HORECA-FOODWASTE projekt keret\u00e9ben<\/a><\/p> <p>&nbsp;<\/p> <p><a href=\"https:\/\/ec.europa.eu\/food\/safety\/food_waste\/eu-food-loss-waste-prevention-hub\/resource\/show\/7664\">Az EU FOOD LOSS AND WASTE PREVENTION HUB k\u00f6zlem\u00e9nye<\/a><\/p> <p>&nbsp;<\/p> <p>Vide\u00f3s \u00f6sszefoglal\u00f3 a projektr\u0151l<\/p> <p><iframe loading=\"lazy\" title=\"Horeca-Foodwaste-Red | Projekt bemutat\u00f3\" width=\"1280\" height=\"720\" src=\"https:\/\/www.youtube.com\/embed\/f1_Z7kvCQrw?feature=oembed\" frameborder=\"0\" allow=\"accelerometer; autoplay; clipboard-write; encrypted-media; gyroscope; picture-in-picture; web-share\" referrerpolicy=\"strict-origin-when-cross-origin\" allowfullscreen><\/iframe><\/p>","protected":false},"excerpt":{"rendered":"<p>K\u00f6zel 90 tonna megmentett \u00e9lelmiszer a vend\u00e9gl\u00e1t\u00e1sban \u00e9s a k\u00f6z\u00e9tkeztet\u00e9sben \u2013 sikeres magyar innov\u00e1ci\u00f3 a HORECA-FOODWASTE projekt keret\u00e9ben &nbsp; Az EU FOOD LOSS AND WASTE PREVENTION HUB k\u00f6zlem\u00e9nye &nbsp; Vide\u00f3s \u00f6sszefoglal\u00f3 a projektr\u0151l<\/p>\n","protected":false},"author":4753,"featured_media":0,"parent":88706,"menu_order":0,"comment_status":"open","ping_status":"open","template":"","meta":{"_acf_changed":false,"footnotes":""},"categories":[],"tags":[],"class_list":["post-105876","page","type-page","status-publish","hentry"],"acf":[],"_links":{"self":[{"href":"https:\/\/univet.hu\/hu\/wp-json\/wp\/v2\/pages\/105876","targetHints":{"allow":["GET"]}}],"collection":[{"href":"https:\/\/univet.hu\/hu\/wp-json\/wp\/v2\/pages"}],"about":[{"href":"https:\/\/univet.hu\/hu\/wp-json\/wp\/v2\/types\/page"}],"author":[{"embeddable":true,"href":"https:\/\/univet.hu\/hu\/wp-json\/wp\/v2\/users\/4753"}],"replies":[{"embeddable":true,"href":"https:\/\/univet.hu\/hu\/wp-json\/wp\/v2\/comments?post=105876"}],"version-history":[{"count":2,"href":"https:\/\/univet.hu\/hu\/wp-json\/wp\/v2\/pages\/105876\/revisions"}],"predecessor-version":[{"id":191765,"href":"https:\/\/univet.hu\/hu\/wp-json\/wp\/v2\/pages\/105876\/revisions\/191765"}],"up":[{"embeddable":true,"href":"https:\/\/univet.hu\/hu\/wp-json\/wp\/v2\/pages\/88706"}],"wp:attachment":[{"href":"https:\/\/univet.hu\/hu\/wp-json\/wp\/v2\/media?parent=105876"}],"wp:term":[{"taxonomy":"category","embeddable":true,"href":"https:\/\/univet.hu\/hu\/wp-json\/wp\/v2\/categories?post=105876"},{"taxonomy":"post_tag","embeddable":true,"href":"https:\/\/univet.hu\/hu\/wp-json\/wp\/v2\/tags?post=105876"}],"curies":[{"name":"wp","href":"https:\/\/api.w.org\/{rel}","templated":true}]}}