{"id":105910,"date":"2024-12-14T08:02:08","date_gmt":"2024-12-14T07:02:08","guid":{"rendered":"https:\/\/univet.hu\/hu\/oktatas\/tanulmanyi-osztaly\/allasajanlatok\/name-2\/"},"modified":"2024-12-14T08:02:08","modified_gmt":"2024-12-14T07:02:08","slug":"dr-virag-allatorvosi-rendelo","status":"publish","type":"page","link":"https:\/\/univet.hu\/hu\/oktatas\/tanulmanyi-osztaly\/allasajanlatok\/dr-virag-allatorvosi-rendelo\/","title":{"rendered":"Dr. Vir\u00e1g \u00c1llatorvosi Rendel\u0151"},"content":{"rendered":"<p>2024.12.14<\/p> <p>\u00c1llatorvosi \u00e1ll\u00e1slehet\u0151s\u00e9g Keszthelyen!<\/p> <p>Szenved\u00e9lyesen szereted az \u00e1llatokat? Kiv\u00e1l\u00f3 szakember vagy, aki nemcsak gy\u00f3gy\u00edtani szeret, hanem val\u00f3di kapcsolatot is kialak\u00edt az \u00e1llatokkal \u00e9s gazd\u00e1ikkal? Ha igen, itt a helyed!<\/p> <p>Csatlakozz a Dr. Vir\u00e1g \u00c1llatorvosi Rendel\u0151 csapat\u00e1hoz, \u00e9s l\u00e9gy r\u00e9szese egy dinamikus, csal\u00e1dias \u00e9s szakmailag kiemelked\u0151 k\u00f6rnyezetnek Keszthely sz\u00edv\u00e9ben!<\/p> <p>&nbsp;<\/p> <p>Amit k\u00edn\u00e1lunk:<\/p> <ul> <li>Teljes munkaid\u0151s \u00e1ll\u00e1s modern, j\u00f3l felszerelt rendel\u0151nkben.<\/li> <li>Bar\u00e1ts\u00e1gos, t\u00e1mogat\u00f3 csapat \u00e9s szakmai fejl\u0151d\u00e9si lehet\u0151s\u00e9gek.<\/li> <li>Versenyk\u00e9pes fizet\u00e9s, rugalmas munkarend.<\/li> <li>Gy\u00f6ny\u00f6r\u0171 munkak\u00f6rnyezet, a Balaton k\u00f6zels\u00e9ge.<\/li> <\/ul> <p>Amit v\u00e1runk:<\/p> <ul> <li>\u00c1llatorvosi diploma \u00e9s elhivatotts\u00e1g az \u00e1llatgy\u00f3gy\u00e1szat ir\u00e1nt.<\/li> <li>J\u00f3 kommunik\u00e1ci\u00f3s k\u00e9szs\u00e9gek az \u00e1llatok gazd\u00e1ival.<\/li> <li>Megb\u00edzhat\u00f3s\u00e1g, precizit\u00e1s \u00e9s lelkesed\u00e9s.<\/li> <li>El\u0151ny: gyakorlati tapasztalat, de p\u00e1lyakezd\u0151k\u00e9nt is sz\u00edvesen l\u00e1tunk!<\/li> <\/ul> <p>&nbsp;<\/p> <p>Mi\u00e9rt v\u00e1laszd Keszthelyt?<\/p> <p>Keszthely, a Balaton f\u0151v\u00e1rosa, nemcsak gy\u00f6ny\u00f6r\u0171 term\u00e9szeti k\u00f6rnyezetet k\u00edn\u00e1l, hanem pezsg\u0151 kultur\u00e1lis \u00e9letet \u00e9s nyugodt \u00e9letm\u00f3dot is. Itt nemcsak dolgozhatsz, hanem egyens\u00falyt tal\u00e1lhatsz munka \u00e9s mag\u00e1n\u00e9let k\u00f6z\u00f6tt.<\/p> <p>&nbsp;<\/p> <p>Hogyan jelentkezz?<\/p> <p>Ha \u00fagy \u00e9rzed, te vagy a megfelel\u0151 ember erre a poz\u00edci\u00f3ra, k\u00fcldd el szakmai \u00f6n\u00e9letrajzodat \u00e9s motiv\u00e1ci\u00f3s leveledet a k\u00f6vetkez\u0151 email-c\u00edmre: <a class=\"decrypt\" rel=\"jogpAeswjsbh\/iv\" href=\"javascript:void(0);\">[Kattintson az emailc\u00edmhez]<\/a> e-mail c\u00edmre, vagy h\u00edvd a 06304911541-es sz\u00e1mot tov\u00e1bbi inform\u00e1ci\u00f3\u00e9rt!<\/p> <p>&nbsp;<\/p> <p>Tedd meg az els\u0151 l\u00e9p\u00e9st, hogy karrieredet a Balaton partj\u00e1n \u00e9p\u00edtsd tov\u00e1bb! V\u00e1runk szeretettel! \u2014 itt: \u00c1llatorvos Keszthely Dr. Vir\u00e1g Zsolt.<\/p> <p>Dr. Vir\u00e1g Zsolt<\/p> <p>Kis\u00e1llatgy\u00f3gy\u00e1sz szak\u00e1llatorvos<\/p>","protected":false},"excerpt":{"rendered":"<p>2024.12.14 \u00c1llatorvosi \u00e1ll\u00e1slehet\u0151s\u00e9g Keszthelyen! Szenved\u00e9lyesen szereted az \u00e1llatokat? Kiv\u00e1l\u00f3 szakember vagy, aki nemcsak gy\u00f3gy\u00edtani szeret, hanem val\u00f3di kapcsolatot is kialak\u00edt az \u00e1llatokkal \u00e9s gazd\u00e1ikkal? Ha igen, itt a helyed! Csatlakozz a Dr. Vir\u00e1g \u00c1llatorvosi Rendel\u0151 csapat\u00e1hoz, \u00e9s l\u00e9gy r\u00e9szese egy dinamikus, csal\u00e1dias \u00e9s szakmailag kiemelked\u0151 k\u00f6rnyezetnek Keszthely sz\u00edv\u00e9ben! &nbsp; Amit k\u00edn\u00e1lunk: Teljes munkaid\u0151s \u00e1ll\u00e1s modern,<\/p>\n","protected":false},"author":5795,"featured_media":0,"parent":26415,"menu_order":0,"comment_status":"open","ping_status":"open","template":"","meta":{"_acf_changed":false,"footnotes":""},"categories":[],"tags":[],"class_list":["post-105910","page","type-page","status-publish","hentry"],"acf":[],"_links":{"self":[{"href":"https:\/\/univet.hu\/hu\/wp-json\/wp\/v2\/pages\/105910","targetHints":{"allow":["GET"]}}],"collection":[{"href":"https:\/\/univet.hu\/hu\/wp-json\/wp\/v2\/pages"}],"about":[{"href":"https:\/\/univet.hu\/hu\/wp-json\/wp\/v2\/types\/page"}],"author":[{"embeddable":true,"href":"https:\/\/univet.hu\/hu\/wp-json\/wp\/v2\/users\/5795"}],"replies":[{"embeddable":true,"href":"https:\/\/univet.hu\/hu\/wp-json\/wp\/v2\/comments?post=105910"}],"version-history":[{"count":0,"href":"https:\/\/univet.hu\/hu\/wp-json\/wp\/v2\/pages\/105910\/revisions"}],"up":[{"embeddable":true,"href":"https:\/\/univet.hu\/hu\/wp-json\/wp\/v2\/pages\/26415"}],"wp:attachment":[{"href":"https:\/\/univet.hu\/hu\/wp-json\/wp\/v2\/media?parent=105910"}],"wp:term":[{"taxonomy":"category","embeddable":true,"href":"https:\/\/univet.hu\/hu\/wp-json\/wp\/v2\/categories?post=105910"},{"taxonomy":"post_tag","embeddable":true,"href":"https:\/\/univet.hu\/hu\/wp-json\/wp\/v2\/tags?post=105910"}],"curies":[{"name":"wp","href":"https:\/\/api.w.org\/{rel}","templated":true}]}}