{"id":106073,"date":"2024-12-20T06:09:20","date_gmt":"2024-12-20T05:09:20","guid":{"rendered":"https:\/\/univet.hu\/hu\/oktatas\/tanulmanyi-osztaly\/allasajanlatok\/name-2\/"},"modified":"2024-12-20T06:09:20","modified_gmt":"2024-12-20T05:09:20","slug":"kincsem-allategeszsegugyi-kozpont","status":"publish","type":"page","link":"https:\/\/univet.hu\/hu\/oktatas\/tanulmanyi-osztaly\/allasajanlatok\/kincsem-allategeszsegugyi-kozpont\/","title":{"rendered":"Kincsem \u00c1llateg\u00e9szs\u00e9g\u00fcgyi K\u00f6zpont"},"content":{"rendered":"<p>2024.12.20<\/p> <p>\u00c1llatorvos vagy? \u00c9p\u00edts karriert a Kincsem \u00c1llateg\u00e9szs\u00e9g\u00fcgyi K\u00f6zpontban!<\/p> <p>Klinik\u00e1nkat a hajd\u00fak f\u0151v\u00e1ros\u00e1ban, Hajd\u00fab\u00f6sz\u00f6rm\u00e9nyben tal\u00e1lod, ahol csal\u00e1dias k\u00f6rnyezetben, fiatal \u00e9s motiv\u00e1lt koll\u00e9g\u00e1kkal v\u00e1rjuk a gy\u00f3gyulni v\u00e1gy\u00f3 kis-\u00e9s nagy\u00e1llatokat. T\u00e9rs\u00e9g\u00fcnkben egyed\u00fcl\u00e1ll\u00f3 m\u00f3don nagy\u00e1llatok \u2013 k\u00fcl\u00f6n\u00f6sen lovak &#8211; helysz\u00edni m\u0171t\u00e9teit \u00e9s ell\u00e1t\u00e1s\u00e1t is v\u00e1llaljuk a t\u00e1rs\u00e1llatok egyszer\u0171bb-komplik\u00e1ltabb kezel\u00e9sein k\u00edv\u00fcl.<\/p> <p>&nbsp;<\/p> <p>A poz\u00edci\u00f3r\u00f3l, amit ak\u00e1r Te is bet\u00f6lthetsz:<\/p> <p>Mivel egyre t\u00f6bb gazdi b\u00edzza R\u00e1nk \u00e1llata eg\u00e9szs\u00e9g\u00e9t, klinik\u00e1nk pedig nemr\u00e9g kieg\u00e9sz\u00fclt egy l\u00f3m\u0171t\u0151vel is, b\u0151v\u00edteni szeretn\u00e9nk megl\u00e9v\u0151 csapatunkat p\u00e1r lelkes koll\u00e9g\u00e1val.<\/p> <p>&nbsp;<\/p> <p>P\u00e1r feladat, amire biztosan sz\u00e1m\u00edthatsz:<\/p> <ul> <li>Kis\u00e1llatok, t\u00e1rs\u00e1llatok teljesk\u00f6r\u0171 ell\u00e1t\u00e1sa<\/li> <li>Nagy\u00e1llatok helysz\u00edni \u00e9s telephelyen t\u00f6rt\u00e9n\u0151 ell\u00e1t\u00e1sa<\/li> <li>M\u0171t\u00e9tek elv\u00e9gz\u00e9se<\/li> <li>A haszn\u00e1lt eszk\u00f6z\u00f6k \u00e9s gy\u00f3gyszerek nyilv\u00e1ntart\u00e1s\u00e1nak vezet\u00e9se<\/li> <li>Gazdik t\u00fcrelmes, seg\u00edt\u0151k\u00e9sz t\u00e1j\u00e9koztat\u00e1sa<\/li> <li>A t\u00f6bbi \u00e1llatorvos munk\u00e1j\u00e1nak seg\u00edt\u00e9se<\/li> <\/ul> <p>&nbsp;<\/p> <p>Amire felt\u00e9tlen\u00fcl sz\u00fcks\u00e9ged lesz n\u00e1lunk:<\/p> <ul> <li>\u00c1llatorvosi v\u00e9gzetts\u00e9g<\/li> <li>Felhaszn\u00e1l\u00f3i szint\u0171 sz\u00e1m\u00edt\u00f3g\u00e9pes ismeretek<\/li> <li>Hat\u00e1rozotts\u00e1g, j\u00f3 probl\u00e9mamegold\u00f3 k\u00e9pess\u00e9g<\/li> <li>Elk\u00f6telezetts\u00e9g az \u00e1llatok gy\u00f3gy\u00edt\u00e1sa ir\u00e1nt<\/li> <li>T\u00fcrelmes, meg\u00e9rt\u0151 szem\u00e9lyis\u00e9g<\/li> <li>Teljes munkaid\u0151sk\u00e9nt B kateg\u00f3ri\u00e1s jogos\u00edtv\u00e1ny<\/li> <\/ul> <p>&nbsp;<\/p> <p>A seg\u00edts\u00e9ged\u00e9rt cser\u00e9be Mi ezt aj\u00e1nljuk:<\/p> <ul> <li>V\u00e1lasztott poz\u00edci\u00f3t\u00f3l f\u00fcgg\u0151, versenyk\u00e9pes fizet\u00e9s<\/li> <li>C\u00e9ges aut\u00f3, c\u00e9ges telefon<\/li> <li>Ig\u00e9ny eset\u00e9n: felszerelt, modern szolg\u00e1lati lak\u00e1s<\/li> <li>Hossz\u00fat\u00e1v\u00fa, stabil munkahely<\/li> <li>Fiatal, t\u00e1mogat\u00f3 koll\u00e9g\u00e1k \u00e9s vezet\u0151s\u00e9g<\/li> <li>Fejl\u0151d\u00e9si lehet\u0151s\u00e9g, \u00e1lland\u00f3 szakmai seg\u00edts\u00e9g<\/li> <li>Csal\u00e1dias k\u00f6rnyezet, vid\u00e1m l\u00e9gk\u00f6r<\/li> <li>Csapat\u00e9p\u00edt\u0151 programok<\/li> <li>K\u00e1v\u00e9, tea, forr\u00f3 csoki<\/li> <\/ul> <p>&nbsp;<\/p> <p>A munkav\u00e9gz\u00e9s helye:<\/p> <p>Kincsem \u00c1llateg\u00e9szs\u00e9g\u00fcgyi K\u00f6zpont: 4220 Hajd\u00fab\u00f6sz\u00f6rm\u00e9ny, Hunyadi J\u00e1nos Krt. 60-62<\/p> <p>&nbsp;<\/p> <p>Munkav\u00e9gz\u00e9s jellege:<\/p> <ul> <li>Kis\u00e1llatorvos: 4 \u00f3ra, r\u00e9szmunkaid\u0151 \u2013 15:00 \u2013 19:00, vagy 8 \u00f3r\u00e1s, teljes.<\/li> <\/ul> <p>&nbsp;<\/p> <p>Jelentkez\u00e9shez k\u00fcldd el \u00f6n\u00e9letrajzodat az <a class=\"decrypt\" rel=\"jogpAljodtfnbmmbulpsib{\/iv\" href=\"javascript:void(0);\">[Kattintson az emailc\u00edmhez]<\/a> c\u00edmre vagy h\u00edvj minket a 06306622725 telefonsz\u00e1mon!<\/p>","protected":false},"excerpt":{"rendered":"<p>2024.12.20 \u00c1llatorvos vagy? \u00c9p\u00edts karriert a Kincsem \u00c1llateg\u00e9szs\u00e9g\u00fcgyi K\u00f6zpontban! Klinik\u00e1nkat a hajd\u00fak f\u0151v\u00e1ros\u00e1ban, Hajd\u00fab\u00f6sz\u00f6rm\u00e9nyben tal\u00e1lod, ahol csal\u00e1dias k\u00f6rnyezetben, fiatal \u00e9s motiv\u00e1lt koll\u00e9g\u00e1kkal v\u00e1rjuk a gy\u00f3gyulni v\u00e1gy\u00f3 kis-\u00e9s nagy\u00e1llatokat. T\u00e9rs\u00e9g\u00fcnkben egyed\u00fcl\u00e1ll\u00f3 m\u00f3don nagy\u00e1llatok \u2013 k\u00fcl\u00f6n\u00f6sen lovak &#8211; helysz\u00edni m\u0171t\u00e9teit \u00e9s ell\u00e1t\u00e1s\u00e1t is v\u00e1llaljuk a t\u00e1rs\u00e1llatok egyszer\u0171bb-komplik\u00e1ltabb kezel\u00e9sein k\u00edv\u00fcl. &nbsp; A poz\u00edci\u00f3r\u00f3l, amit ak\u00e1r Te is bet\u00f6lthetsz:<\/p>\n","protected":false},"author":5795,"featured_media":0,"parent":26415,"menu_order":0,"comment_status":"open","ping_status":"open","template":"","meta":{"_acf_changed":false,"footnotes":""},"categories":[],"tags":[],"class_list":["post-106073","page","type-page","status-publish","hentry"],"acf":[],"_links":{"self":[{"href":"https:\/\/univet.hu\/hu\/wp-json\/wp\/v2\/pages\/106073","targetHints":{"allow":["GET"]}}],"collection":[{"href":"https:\/\/univet.hu\/hu\/wp-json\/wp\/v2\/pages"}],"about":[{"href":"https:\/\/univet.hu\/hu\/wp-json\/wp\/v2\/types\/page"}],"author":[{"embeddable":true,"href":"https:\/\/univet.hu\/hu\/wp-json\/wp\/v2\/users\/5795"}],"replies":[{"embeddable":true,"href":"https:\/\/univet.hu\/hu\/wp-json\/wp\/v2\/comments?post=106073"}],"version-history":[{"count":0,"href":"https:\/\/univet.hu\/hu\/wp-json\/wp\/v2\/pages\/106073\/revisions"}],"up":[{"embeddable":true,"href":"https:\/\/univet.hu\/hu\/wp-json\/wp\/v2\/pages\/26415"}],"wp:attachment":[{"href":"https:\/\/univet.hu\/hu\/wp-json\/wp\/v2\/media?parent=106073"}],"wp:term":[{"taxonomy":"category","embeddable":true,"href":"https:\/\/univet.hu\/hu\/wp-json\/wp\/v2\/categories?post=106073"},{"taxonomy":"post_tag","embeddable":true,"href":"https:\/\/univet.hu\/hu\/wp-json\/wp\/v2\/tags?post=106073"}],"curies":[{"name":"wp","href":"https:\/\/api.w.org\/{rel}","templated":true}]}}