{"id":1064,"date":"2018-01-09T09:52:00","date_gmt":"2018-01-09T08:52:00","guid":{"rendered":"http:\/\/univet.hu\/egyetem\/palyazati-projektek\/tudomanyos-utanpotlas-erositese\/"},"modified":"2025-11-18T09:50:24","modified_gmt":"2025-11-18T08:50:24","slug":"tudomanyos-utanpotlas-erositese","status":"publish","type":"page","link":"https:\/\/univet.hu\/hu\/egyetem\/palyazati-projektek\/eu-projektek\/tudomanyos-utanpotlas-erositese\/","title":{"rendered":"Tudom\u00e1nyos ut\u00e1np\u00f3tl\u00e1s er\u0151s\u00edt\u00e9se"},"content":{"rendered":"<p>A p\u00e1ly\u00e1zat r\u00e9szletei:<\/p> <p><strong>Projekt k\u00f3dja:<\/strong> EFOP-3.6.3-VEKOP-16-2017-00005<br \/> <!--[endif]--><\/p> <p><strong>Projekt c\u00edme:<\/strong> \u201eTudom\u00e1nyos ut\u00e1np\u00f3tl\u00e1s er\u0151s\u00edt\u00e9se a hallgat\u00f3k tudom\u00e1nyos m\u0171helyeinek \u00e9s programjainak t\u00e1mogat\u00e1s\u00e1val, a mentor\u00e1l\u00e1s folyamat\u00e1nak kidolgoz\u00e1s\u00e1val.\u201d<\/p> <p><strong>Konzorciumvezet\u0151:<\/strong><br \/> \u00c1llatorvostudom\u00e1nyi Egyetem<\/p> <p><strong>Konzorcium tagjai: <\/strong><br \/> Kaposv\u00e1ri Egyetem<br \/> Szent Istv\u00e1n Egyetem<\/p> <p><strong>Megval\u00f3s\u00edt\u00e1s id\u0151szaka:<\/strong> 2017.09.01 \u2013 2022.08.31.<\/p> <p><strong>T\u00e1mogat\u00e1si intenzit\u00e1s:<\/strong> 100%<br \/> <strong>T\u00e1mogat\u00e1si \u00f6sszeg:<\/strong> 954.536.261,- Ft<\/p> <h3><strong><a href=\"https:\/\/univet.hu\/files\/subpages\/431\/files\/Sajtokozlemeny_EFOP363.pdf\" target=\"_blank\" rel=\"noopener\" data-replaced=\"true\">Sajt\u00f3k\u00f6zlem\u00e9ny<\/a><\/strong><\/h3> <p>Fejleszt\u00e9s:<\/p> <p><strong>Az \u00c1llatorvostudom\u00e1nyi Egyetem, a Kaposv\u00e1ri Egyetem \u00e9s a Szent Istv\u00e1n Egyetem \u00e1ltal alkotott Konzorcium strat\u00e9giai c\u00e9lja, hogy mindh\u00e1rom egyetem n\u00f6velje kutat\u00f3i l\u00e9tsz\u00e1m\u00e1t az ut\u00e1np\u00f3tl\u00e1s biztos\u00edt\u00e1s\u00e1val, valamint \u00f6szt\u00f6n\u00f6zze a nemzetk\u00f6zi, szektork\u00f6zi \u00e9s \u00e1gazati kutat\u00f3i mobilit\u00e1st.<\/strong><\/p> <p>A projekt \u00e1tfog\u00f3 c\u00e9lja a konzorciumi tagok bels\u0151 meg\u00fajul\u00e1s\u00e1nak t\u00e1mogat\u00e1sa a min\u0151s\u00e9gi tudom\u00e1nyosut\u00e1np\u00f3tl\u00e1s-nevel\u00e9s \u00e9rdek\u00e9ben. Olyan felt\u00e9telek megteremt\u00e9se a h\u00e1rom int\u00e9zm\u00e9nyben, amelyek lehet\u0151s\u00e9get biztos\u00edtanak a tehets\u00e9gek sz\u00e1m\u00e1ra az egyedi, illetve k\u00f6z\u00f6ss\u00e9gi tudom\u00e1nyos fejl\u0151d\u00e9sre. Ennek r\u00e9sze az int\u00e9zm\u00e9nyen bel\u00fcli tehets\u00e9gseg\u00edt\u0151 programok m\u0171k\u00f6dtet\u00e9se, fejleszt\u00e9se, amelyek az arra \u00e9rdemes hallgat\u00f3knak lehet\u0151s\u00e9get \u00e9s anyagi h\u00e1tteret biztos\u00edtanak a tudom\u00e1nyos fejl\u0151d\u00e9sre, az oktat\u00f3 p\u00e1ly\u00e1ra val\u00f3 tov\u00e1bbl\u00e9p\u00e9sre. A projekt k\u00fcl\u00f6n foglalkozik ez es\u00e9lyegyenl\u0151s\u00e9g k\u00e9rd\u00e9s\u00e9vel, ezen bel\u00fcl a n\u0151k r\u00e9szv\u00e9tel\u00e9nek akt\u00edv n\u00f6vel\u00e9s\u00e9t c\u00e9lz\u00f3 tudom\u00e1nyos n\u00e9pszer\u0171s\u00edt\u0151 programok kialak\u00edt\u00e1s\u00e1val (r\u00e9szmunkaid\u0151s munkahelyek kialak\u00edt\u00e1s\u00e1nak felt\u00e9telei, valamint a gyermekv\u00e1llal\u00e1st \u00e9s a tudom\u00e1nyos karrier \u00f6sszehangol\u00e1s\u00e1t seg\u00edt\u0151 beavatkoz\u00e1sok).<\/p> <p><strong>Kapcsol\u00f3d\u00e1s:<\/strong><\/p> <p>A projekt hossz\u00fa t\u00e1v\u00fa c\u00e9lkit\u0171z\u00e9se az, hogy biztos\u00edtsa a fels\u0151oktat\u00e1si (valamint K+F) int\u00e9zm\u00e9nyek szakember ut\u00e1np\u00f3tl\u00e1s\u00e1t, valamint tudom\u00e1nyos fokozattal rendelkez\u0151 szakembereket adjon a gazdas\u00e1gi szf\u00e9r\u00e1nak, az innovat\u00edv tev\u00e9kenys\u00e9get folytat\u00f3 v\u00e1llalatok sz\u00e1m\u00e1ra.<\/p> <p><strong>\u00d6sszefoglal\u00f3 a projekt keret\u00e9ben el\u00e9rt eredm\u00e9nyekr\u0151l:<\/strong><\/p> <p><a href=\"https:\/\/univet.hu\/wp-content\/uploads\/2020\/12\/Eredm\u00e9nykommunik\u00e1ci\u00f3_EFOP-3.6.3-VEKOP-16-2017-00005.pdf\">Eredm\u00e9nykommunik\u00e1ci\u00f3_EFOP-3.6.3-VEKOP-16-2017-00005<\/a><\/p>","protected":false},"excerpt":{"rendered":"<p>A p\u00e1ly\u00e1zat r\u00e9szletei: Projekt k\u00f3dja: EFOP-3.6.3-VEKOP-16-2017-00005 Projekt c\u00edme: \u201eTudom\u00e1nyos ut\u00e1np\u00f3tl\u00e1s er\u0151s\u00edt\u00e9se a hallgat\u00f3k tudom\u00e1nyos m\u0171helyeinek \u00e9s programjainak t\u00e1mogat\u00e1s\u00e1val, a mentor\u00e1l\u00e1s folyamat\u00e1nak kidolgoz\u00e1s\u00e1val.\u201d Konzorciumvezet\u0151: \u00c1llatorvostudom\u00e1nyi Egyetem Konzorcium tagjai: Kaposv\u00e1ri Egyetem Szent Istv\u00e1n Egyetem Megval\u00f3s\u00edt\u00e1s id\u0151szaka: 2017.09.01 \u2013 2022.08.31. T\u00e1mogat\u00e1si intenzit\u00e1s: 100% T\u00e1mogat\u00e1si \u00f6sszeg: 954.536.261,- Ft Sajt\u00f3k\u00f6zlem\u00e9ny Fejleszt\u00e9s: Az \u00c1llatorvostudom\u00e1nyi Egyetem, a Kaposv\u00e1ri Egyetem \u00e9s a Szent<\/p>\n","protected":false},"author":1,"featured_media":0,"parent":45566,"menu_order":280,"comment_status":"closed","ping_status":"closed","template":"page-templates\/page-project.php","meta":{"_acf_changed":false,"footnotes":""},"categories":[],"tags":[],"class_list":["post-1064","page","type-page","status-publish","hentry"],"acf":[],"_links":{"self":[{"href":"https:\/\/univet.hu\/hu\/wp-json\/wp\/v2\/pages\/1064","targetHints":{"allow":["GET"]}}],"collection":[{"href":"https:\/\/univet.hu\/hu\/wp-json\/wp\/v2\/pages"}],"about":[{"href":"https:\/\/univet.hu\/hu\/wp-json\/wp\/v2\/types\/page"}],"author":[{"embeddable":true,"href":"https:\/\/univet.hu\/hu\/wp-json\/wp\/v2\/users\/1"}],"replies":[{"embeddable":true,"href":"https:\/\/univet.hu\/hu\/wp-json\/wp\/v2\/comments?post=1064"}],"version-history":[{"count":1,"href":"https:\/\/univet.hu\/hu\/wp-json\/wp\/v2\/pages\/1064\/revisions"}],"predecessor-version":[{"id":195985,"href":"https:\/\/univet.hu\/hu\/wp-json\/wp\/v2\/pages\/1064\/revisions\/195985"}],"up":[{"embeddable":true,"href":"https:\/\/univet.hu\/hu\/wp-json\/wp\/v2\/pages\/45566"}],"wp:attachment":[{"href":"https:\/\/univet.hu\/hu\/wp-json\/wp\/v2\/media?parent=1064"}],"wp:term":[{"taxonomy":"category","embeddable":true,"href":"https:\/\/univet.hu\/hu\/wp-json\/wp\/v2\/categories?post=1064"},{"taxonomy":"post_tag","embeddable":true,"href":"https:\/\/univet.hu\/hu\/wp-json\/wp\/v2\/tags?post=1064"}],"curies":[{"name":"wp","href":"https:\/\/api.w.org\/{rel}","templated":true}]}}