{"id":1065,"date":"2018-01-09T10:00:00","date_gmt":"2018-01-09T09:00:00","guid":{"rendered":"http:\/\/univet.hu\/egyetem\/palyazati-projektek\/biztonsagos-elelmiszerek-a-termofoldtol-az-asztalig\/"},"modified":"2025-11-17T14:08:41","modified_gmt":"2025-11-17T13:08:41","slug":"biztonsagos-elelmiszerek-a-termofoldtol-az-asztalig","status":"publish","type":"page","link":"https:\/\/univet.hu\/hu\/egyetem\/palyazati-projektek\/eu-projektek\/biztonsagos-elelmiszerek-a-termofoldtol-az-asztalig\/","title":{"rendered":"Biztons\u00e1gos \u00e9lelmiszerek a term\u0151f\u00f6ldt\u0151l az asztalig"},"content":{"rendered":"<p><strong><span style=\"font-size: 14pt\">A p\u00e1ly\u00e1zat r\u00e9szletei:<\/span><\/strong><\/p> <p><strong>Projekt k\u00f3dja:<\/strong> EFOP-3.6.2-16-2017-00012<br \/> <strong>Projekt c\u00edme:<\/strong> \u201eFunkcion\u00e1lis, eg\u00e9szs\u00e9ges \u00e9s biztons\u00e1gos \u00e9lelmiszer term\u00e9kp\u00e1lya modell kidolgoz\u00e1sa a sz\u00e1nt\u00f3f\u00f6ldt\u0151l az asztalig elv alapj\u00e1n, tematikus kutat\u00e1si h\u00e1l\u00f3zatban\u201d<\/p> <p><strong>Konzorciumvezet\u0151:<\/strong><br \/> \u00c1llatorvostudom\u00e1nyi Egyetem<\/p> <p><strong>Konzorcium tagjai: <\/strong><br \/> Neumann J\u00e1nos Egyetem<\/p> <p><a href=\"https:\/\/nje.hu\/tudomany\/projektjeink\/efop-palyazatok\/efop-3-6-2-16-2017-00012\">https:\/\/nje.hu\/tudomany\/projektjeink\/efop-palyazatok\/efop-3-6-2-16-2017-00012<\/a><\/p> <p>&nbsp;<\/p> <p>Sz\u00e9chenyi Istv\u00e1n Egyetem<\/p> <p><a href=\"https:\/\/palyazat.sze.hu\/efop-3-6-2-16-2017-00012-1\">https:\/\/palyazat.sze.hu\/efop-3-6-2-16-2017-00012-1<\/a><\/p> <p>&nbsp;<\/p> <p><strong>Megval\u00f3s\u00edt\u00e1s id\u0151szaka:<\/strong> 2017.07.01 \u2013 2020.12.31.<br \/> <strong>T\u00e1mogat\u00e1si intenzit\u00e1s:<\/strong> 100%<br \/> <strong>T\u00e1mogat\u00e1si \u00f6sszeg:<\/strong> 1.204.325.985,- Ft<\/p> <p>&nbsp;<\/p> <h3><a href=\"https:\/\/univet.hu\/files\/subpages\/429\/files\/Sajtokozlemeny_EFOP362.pdf\" target=\"_blank\" rel=\"noopener\" data-replaced=\"true\">Sajt\u00f3k\u00f6zlem\u00e9ny<\/a><\/h3> <p>Az <strong>\u00c1llatorvostudom\u00e1nyi Egyetem<\/strong>, a <strong>Neumann J\u00e1nos Egyetem<\/strong> \u00e9s a <strong>Sz\u00e9chenyi Istv\u00e1n Egyetem<\/strong> k\u00f6z\u00f6s, nemzetk\u00f6zileg is fontos komplex kutat\u00e1si programot ind\u00edtott, amelynek c\u00e9lja, hogy t\u00f6bb, a hazai \u00e9lelmiszergazdas\u00e1g sz\u00e1m\u00e1ra fontos ter\u00fcleten <strong>cs\u00f6kkenthet\u0151k legyenek a kock\u00e1zatok az \u00e9lelmiszerl\u00e1ncban<\/strong>, valamint az alap- \u00e9s alkalmazott kutat\u00e1si tev\u00e9kenys\u00e9gek r\u00e9v\u00e9n <strong>magasabb t\u00e1pl\u00e1lkoz\u00e1si \u00e9rt\u00e9k\u0171 \u00e9s a modern fogyaszt\u00f3i ig\u00e9nyeknek megfelel\u0151 \u00e9lelmiszerek el\u0151\u00e1ll\u00edt\u00e1sa<\/strong> val\u00f3sulhasson meg.<br \/> A h\u00e1rom int\u00e9zm\u00e9ny az EFOP-3.6.2-es projekt sor\u00e1n \u00f6sszehangolja alapkutat\u00e1si tev\u00e9kenys\u00e9geit e t\u00e9ren. Fontos c\u00e9l tov\u00e1bb\u00e1 a hazai kutat\u00e1sok nemzetk\u00f6zi be\u00e1gyazotts\u00e1g\u00e1nak n\u00f6vel\u00e9se, a <strong>Horizont 2020 projektekben \u00e9s az eur\u00f3pai kutat\u00e1si h\u00e1l\u00f3zatokban val\u00f3 r\u00e9szv\u00e9tel fokoz\u00e1sa<\/strong>, a vezet\u0151 k\u00fclf\u00f6ldi kutat\u00f3helyekkel folytatott egy\u00fcttm\u0171k\u00f6d\u00e9sek tov\u00e1bbi er\u0151s\u00edt\u00e9se, valamint a tehets\u00e9ges fiatal kutat\u00f3k p\u00e1ly\u00e1n val\u00f3 megtart\u00e1sa.<\/p> <p>&nbsp;<\/p> <p><strong>\u00d6szt\u00f6nd\u00edj p\u00e1ly\u00e1zati felh\u00edv\u00e1s:\u00a0<\/strong><\/p> <p><a href=\"https:\/\/univet.hu\/en\/egyetem\/palyazati-projektek\/eu-projektek\/a-karpat-medencei-oshonos-haszonallatfajok-fajtak-es-okotipusok-xxi-szazadi-genbanki-strategiajanak-tudomanyos-megalapozasa-es-fejlesztese-vekop-2-3-2-16-2016-00012\/osztondij_palyazat_felhivas_2018_efop_362_16_2017_00012\/\" rel=\"attachment wp-att-67063\">\u00d6szt\u00f6nd\u00edj p\u00e1ly\u00e1zati felh\u00edv\u00e1s<\/a><\/p> <p>akt\u00edv kutat\u00e1si r\u00e9szv\u00e9tel az EFOP-3.6.2-16-2017-00012 azonos\u00edt\u00f3sz\u00e1m\u00fa\u00a0\u201eFunkcion\u00e1lis, eg\u00e9szs\u00e9ges \u00e9s biztons\u00e1gos \u00e9lelmiszer term\u00e9kp\u00e1lya modell kidolgoz\u00e1sa a sz\u00e1nt\u00f3f\u00f6ldt\u0151l az asztalig elv alapj\u00e1n, tematikus kutat\u00e1si h\u00e1l\u00f3zatban\u201d<\/p> <p><a href=\"https:\/\/univet.hu\/en\/egyetem\/palyazati-projektek\/eu-projektek\/a-karpat-medencei-oshonos-haszonallatfajok-fajtak-es-okotipusok-xxi-szazadi-genbanki-strategiajanak-tudomanyos-megalapozasa-es-fejlesztese-vekop-2-3-2-16-2016-00012\/i_melleklet_efop_362_16_2017_00012_osztondij_palyazat_2018\/\" rel=\"attachment wp-att-67062\">Jelentkez\u00e9si lap<\/a><\/p> <p>&nbsp;<\/p> <p><span style=\"font-size: 14pt\"><strong>A projekttel kapcsolatos cikkek:<\/strong><\/span><\/p> <p><a href=\"https:\/\/univet.hu\/hu\/egyetem\/palyazati-projektek\/hirek\/peszticidtartalom\/\">Peszticidtartalom nyomonk\u00f6vet\u00e9se az \u00e9lelmiszerl\u00e1ncban<\/a><\/p> <p><a href=\"https:\/\/univet.hu\/hu\/egyetem\/palyazati-projektek\/hirek\/kutatasok\/\">Kutat\u00e1sok a talajv\u00e9delem \u00e9s \u00e9lelmiszerbiztons\u00e1g t\u00fckr\u00e9ben<\/a><\/p> <p><span style=\"font-size: 36pt\"><a href=\"https:\/\/univet.hu\/wp-content\/uploads\/2024\/02\/Sajt\u00f3k\u00f6zlem\u00e9ny.pdf\">Sajt\u00f3k\u00f6zlem\u00e9ny<\/a><\/span><\/p> <p>&nbsp;<\/p>","protected":false},"excerpt":{"rendered":"<p>A p\u00e1ly\u00e1zat r\u00e9szletei: Projekt k\u00f3dja: EFOP-3.6.2-16-2017-00012 Projekt c\u00edme: \u201eFunkcion\u00e1lis, eg\u00e9szs\u00e9ges \u00e9s biztons\u00e1gos \u00e9lelmiszer term\u00e9kp\u00e1lya modell kidolgoz\u00e1sa a sz\u00e1nt\u00f3f\u00f6ldt\u0151l az asztalig elv alapj\u00e1n, tematikus kutat\u00e1si h\u00e1l\u00f3zatban\u201d Konzorciumvezet\u0151: \u00c1llatorvostudom\u00e1nyi Egyetem Konzorcium tagjai: Neumann J\u00e1nos Egyetem https:\/\/nje.hu\/tudomany\/projektjeink\/efop-palyazatok\/efop-3-6-2-16-2017-00012 &nbsp; Sz\u00e9chenyi Istv\u00e1n Egyetem https:\/\/palyazat.sze.hu\/efop-3-6-2-16-2017-00012-1 &nbsp; Megval\u00f3s\u00edt\u00e1s id\u0151szaka: 2017.07.01 \u2013 2020.12.31. T\u00e1mogat\u00e1si intenzit\u00e1s: 100% T\u00e1mogat\u00e1si \u00f6sszeg: 1.204.325.985,- Ft &nbsp; Sajt\u00f3k\u00f6zlem\u00e9ny Az<\/p>\n","protected":false},"author":1,"featured_media":0,"parent":45566,"menu_order":282,"comment_status":"closed","ping_status":"closed","template":"page-templates\/page-project.php","meta":{"_acf_changed":false,"footnotes":""},"categories":[],"tags":[],"class_list":["post-1065","page","type-page","status-publish","hentry"],"acf":[],"_links":{"self":[{"href":"https:\/\/univet.hu\/hu\/wp-json\/wp\/v2\/pages\/1065","targetHints":{"allow":["GET"]}}],"collection":[{"href":"https:\/\/univet.hu\/hu\/wp-json\/wp\/v2\/pages"}],"about":[{"href":"https:\/\/univet.hu\/hu\/wp-json\/wp\/v2\/types\/page"}],"author":[{"embeddable":true,"href":"https:\/\/univet.hu\/hu\/wp-json\/wp\/v2\/users\/1"}],"replies":[{"embeddable":true,"href":"https:\/\/univet.hu\/hu\/wp-json\/wp\/v2\/comments?post=1065"}],"version-history":[{"count":2,"href":"https:\/\/univet.hu\/hu\/wp-json\/wp\/v2\/pages\/1065\/revisions"}],"predecessor-version":[{"id":195970,"href":"https:\/\/univet.hu\/hu\/wp-json\/wp\/v2\/pages\/1065\/revisions\/195970"}],"up":[{"embeddable":true,"href":"https:\/\/univet.hu\/hu\/wp-json\/wp\/v2\/pages\/45566"}],"wp:attachment":[{"href":"https:\/\/univet.hu\/hu\/wp-json\/wp\/v2\/media?parent=1065"}],"wp:term":[{"taxonomy":"category","embeddable":true,"href":"https:\/\/univet.hu\/hu\/wp-json\/wp\/v2\/categories?post=1065"},{"taxonomy":"post_tag","embeddable":true,"href":"https:\/\/univet.hu\/hu\/wp-json\/wp\/v2\/tags?post=1065"}],"curies":[{"name":"wp","href":"https:\/\/api.w.org\/{rel}","templated":true}]}}