{"id":1066,"date":"2018-01-09T09:52:00","date_gmt":"2018-01-09T08:52:00","guid":{"rendered":"http:\/\/univet.hu\/egyetem\/palyazati-projektek\/fotovoltaikus-rendszer-kialakitasa\/"},"modified":"2019-12-11T09:10:44","modified_gmt":"2019-12-11T08:10:44","slug":"fotovoltaikus-rendszer-kialakitasa","status":"publish","type":"page","link":"https:\/\/univet.hu\/hu\/egyetem\/palyazati-projektek\/eu-projektek\/fotovoltaikus-rendszer-kialakitasa\/","title":{"rendered":"Fotovoltaikus rendszer kialak\u00edt\u00e1sa"},"content":{"rendered":"<p>A p\u00e1ly\u00e1zat r\u00e9szletei:<\/p> <p><strong>Projekt k\u00f3dja:<\/strong> KEHOP-5.2.11-16-2016-00033<br \/> <strong>Projekt c\u00edme:<\/strong> \u201eFotovoltaikus rendszer kialak\u00edt\u00e1sa a \u00c1llatorvostudom\u00e1nyi Egyetemen\u201d<br \/> <strong>Futamid\u0151:<\/strong> 2017.03.31. \u2013 2017.12.31.<br \/> <strong>T\u00e1mogat\u00e1si \u00f6sszeg:<\/strong> 107.085.199,- Ft\u00a0\u00a0\u00a0\u00a0\u00a0 <strong>T\u00e1mogat\u00e1s m\u00e9rt\u00e9ke<\/strong>: 100%<br \/> <strong>Megval\u00f3sul\u00e1s helysz\u00edne:<\/strong>\u00a0 \u00c1llatorvostudom\u00e1nyi Egyetem, 1078 Budapest, Istv\u00e1n u. 2.<\/p> <p>&nbsp;<\/p> <p><strong>Fejleszt\u00e9s:<\/strong><\/p> <p>A fejleszt\u00e9s keret\u00e9ben az egyetem \u00a0sz\u00e9khely\u00e9n val\u00f3sul meg 179 kW teljes\u00edtm\u00e9ny\u0171 h\u00e1l\u00f3zatra kapcsol\u00f3d\u00f3 fotovoltaikus rendszer telep\u00edt\u00e9se az \u00e9p\u00fcletek villamosenergia ig\u00e9ny\u00e9nek kiel\u00e9g\u00edt\u00e9se c\u00e9lj\u00e1b\u00f3l.<\/p> <p>Az egyetem k\u00f6zponti \u00e9p\u00fcletegy\u00fcttes\u00e9nek (aula, tornacsarnok, H-J-L-N \u00e9p\u00fcletek) tet\u0151szerkezet\u00e9re ker\u00fcl a tervezett napelemes rendszer \u00e9s a tart\u00f3szerkezet.<\/p> <p>&nbsp;<\/p> <p><strong>V\u00e1rhat\u00f3 eredm\u00e9ny:<\/strong><br \/> A megval\u00f3s\u00edt\u00e1si helysz\u00ednen a PVGIS sz\u00e1m\u00edt\u00e1s alapj\u00e1n az \u00e9ves hozam 192 000 kWh, a CO2 megtakar\u00edt\u00e1s 175,2 t \u00e9vente.<\/p>","protected":false},"excerpt":{"rendered":"<p>A p\u00e1ly\u00e1zat r\u00e9szletei: Projekt k\u00f3dja: KEHOP-5.2.11-16-2016-00033 Projekt c\u00edme: \u201eFotovoltaikus rendszer kialak\u00edt\u00e1sa a \u00c1llatorvostudom\u00e1nyi Egyetemen\u201d Futamid\u0151: 2017.03.31. \u2013 2017.12.31. T\u00e1mogat\u00e1si \u00f6sszeg: 107.085.199,- Ft\u00a0\u00a0\u00a0\u00a0\u00a0 T\u00e1mogat\u00e1s m\u00e9rt\u00e9ke: 100% Megval\u00f3sul\u00e1s helysz\u00edne:\u00a0 \u00c1llatorvostudom\u00e1nyi Egyetem, 1078 Budapest, Istv\u00e1n u. 2. &nbsp; Fejleszt\u00e9s: A fejleszt\u00e9s keret\u00e9ben az egyetem \u00a0sz\u00e9khely\u00e9n val\u00f3sul meg 179 kW teljes\u00edtm\u00e9ny\u0171 h\u00e1l\u00f3zatra kapcsol\u00f3d\u00f3 fotovoltaikus rendszer telep\u00edt\u00e9se az \u00e9p\u00fcletek villamosenergia<\/p>\n","protected":false},"author":1,"featured_media":0,"parent":45566,"menu_order":313,"comment_status":"closed","ping_status":"closed","template":"page-templates\/page-project.php","meta":{"_acf_changed":false,"footnotes":""},"categories":[],"tags":[],"class_list":["post-1066","page","type-page","status-publish","hentry"],"acf":[],"_links":{"self":[{"href":"https:\/\/univet.hu\/hu\/wp-json\/wp\/v2\/pages\/1066","targetHints":{"allow":["GET"]}}],"collection":[{"href":"https:\/\/univet.hu\/hu\/wp-json\/wp\/v2\/pages"}],"about":[{"href":"https:\/\/univet.hu\/hu\/wp-json\/wp\/v2\/types\/page"}],"author":[{"embeddable":true,"href":"https:\/\/univet.hu\/hu\/wp-json\/wp\/v2\/users\/1"}],"replies":[{"embeddable":true,"href":"https:\/\/univet.hu\/hu\/wp-json\/wp\/v2\/comments?post=1066"}],"version-history":[{"count":0,"href":"https:\/\/univet.hu\/hu\/wp-json\/wp\/v2\/pages\/1066\/revisions"}],"up":[{"embeddable":true,"href":"https:\/\/univet.hu\/hu\/wp-json\/wp\/v2\/pages\/45566"}],"wp:attachment":[{"href":"https:\/\/univet.hu\/hu\/wp-json\/wp\/v2\/media?parent=1066"}],"wp:term":[{"taxonomy":"category","embeddable":true,"href":"https:\/\/univet.hu\/hu\/wp-json\/wp\/v2\/categories?post=1066"},{"taxonomy":"post_tag","embeddable":true,"href":"https:\/\/univet.hu\/hu\/wp-json\/wp\/v2\/tags?post=1066"}],"curies":[{"name":"wp","href":"https:\/\/api.w.org\/{rel}","templated":true}]}}